{"id":514,"date":"2018-02-13T18:01:44","date_gmt":"2018-02-13T16:01:44","guid":{"rendered":"https:\/\/select-luxury.travel\/?page_id=514"},"modified":"2019-09-11T11:48:54","modified_gmt":"2019-09-11T09:48:54","slug":"private","status":"publish","type":"page","link":"https:\/\/select-luxury.travel\/en\/selections\/private","title":{"rendered":"Private Selections"},"content":{"rendered":"<p><span class=\"text-braun\">Are you a travel gourmet? Then choose from our \u00e0 la carte travel menus and experience unique private holidays at star level with Select Luxury Travel. The ingredients for our select gourmet menus: Your travel wishes and preferences. Do you like it a little spicier? No problem. Our insider and secret tips will add even more flavour to your exclusive luxury trip.<\/span><\/p>\n<div id=\"btn_showmore\" class=\"collapsed\" style=\"margin-top: 15px; cursor: pointer;\" data-target=\"#home-read-more\" data-toggle=\"collapse\"><strong>Read more...<\/strong><\/div>\n<div id=\"home-read-more\" class=\"collapse multi-collapse\">\nWalk in the footsteps of Hemingway and enjoy direct contact with nature on a stylish safari. Look forward to the thrill of extended scenic flights and marvel at the most impressive natural spectacles from above. Experience exciting and direct encounters with the culture of the locals and exotic wildlife. Secure your private access to dream beaches and retreats around the world. Gain exclusive insight into what goes on behind the scenes of extraordinary events. Or enjoy the latest openings of the most luxurious resorts. Whatever private selection you would like to experience with Select Luxury Travel: Personalised service, inimitable comfort and absolute safety are always our top priority. So travel carefree and enjoy every experience with all your senses. We'll take care of the rest.<\/p>\n<div style=\"margin-top: 15px; cursor: pointer;\" data-target=\"#home-read-more\" data-toggle=\"collapse\"><strong>Close<\/strong><\/div>\n<\/div>","protected":false},"excerpt":{"rendered":"<p>Sie sind ein Reisegourmet? Dann w\u00e4hlen Sie aus unserem \u00c0-la-carte-Reisemen\u00fc und erleben Sie bei Select Luxury Travel einzigartige Privatreisen auf Sterneniveau. Die Zutaten f\u00fcr unsere ausgesuchten Feinschmeckermen\u00fcs: Ihre Reisew\u00fcnsche und -vorlieben. Sie m\u00f6gen es etwas sch\u00e4rfer? Kein Problem. Unsere Insider- und Geheimtipps verleihen Ihrer exklusiven Luxusreise noch mehr W\u00fcrze. Weiterlesen&#8230; Wandeln Sie auf den Spuren [&hellip;]<\/p>\n","protected":false},"author":3,"featured_media":0,"parent":620,"menu_order":1,"comment_status":"closed","ping_status":"closed","template":"page-reise_uebersicht.php","meta":{"_acf_changed":false,"inline_featured_image":false,"footnotes":""},"categories":[9,8],"tags":[29,30,28,33,21],"class_list":["post-514","page","type-page","status-publish","hentry","category-private-selections","category-reisen","tag-individualreise","tag-luxushotel","tag-luxusreise","tag-luxusurlaub","tag-luxusyacht"],"acf":[],"_links":{"self":[{"href":"https:\/\/select-luxury.travel\/en\/wp-json\/wp\/v2\/pages\/514","targetHints":{"allow":["GET"]}}],"collection":[{"href":"https:\/\/select-luxury.travel\/en\/wp-json\/wp\/v2\/pages"}],"about":[{"href":"https:\/\/select-luxury.travel\/en\/wp-json\/wp\/v2\/types\/page"}],"author":[{"embeddable":true,"href":"https:\/\/select-luxury.travel\/en\/wp-json\/wp\/v2\/users\/3"}],"replies":[{"embeddable":true,"href":"https:\/\/select-luxury.travel\/en\/wp-json\/wp\/v2\/comments?post=514"}],"version-history":[{"count":100,"href":"https:\/\/select-luxury.travel\/en\/wp-json\/wp\/v2\/pages\/514\/revisions"}],"predecessor-version":[{"id":10397,"href":"https:\/\/select-luxury.travel\/en\/wp-json\/wp\/v2\/pages\/514\/revisions\/10397"}],"up":[{"embeddable":true,"href":"https:\/\/select-luxury.travel\/en\/wp-json\/wp\/v2\/pages\/620"}],"wp:attachment":[{"href":"https:\/\/select-luxury.travel\/en\/wp-json\/wp\/v2\/media?parent=514"}],"wp:term":[{"taxonomy":"category","embeddable":true,"href":"https:\/\/select-luxury.travel\/en\/wp-json\/wp\/v2\/categories?post=514"},{"taxonomy":"post_tag","embeddable":true,"href":"https:\/\/select-luxury.travel\/en\/wp-json\/wp\/v2\/tags?post=514"}],"curies":[{"name":"wp","href":"https:\/\/api.w.org\/{rel}","templated":true}]}}