{"id":43492,"date":"2024-08-22T08:55:39","date_gmt":"2024-08-22T06:55:39","guid":{"rendered":"https:\/\/select-luxury.travel\/?page_id=43492"},"modified":"2026-03-13T15:32:07","modified_gmt":"2026-03-13T14:32:07","slug":"egypt-al-moudira-hotel","status":"publish","type":"page","link":"https:\/\/select-luxury.travel\/en\/selections\/private\/aegypten-al-moudira-hotel","title":{"rendered":"5\u2605 Al Moudira Hotel, Luxor"},"content":{"rendered":"<p><span class=\"text-braun\">Luxurious tranquillity opposite the temples of Luxor<\/span><\/p>\n<p>An oasis of tranquillity in Luxor, in the immediate vicinity of the UNESCO World Heritage Site of Thebes and the Valley of the Kings. Experience luxury and history in a unique ambience. The Al Moudira Hotel in Luxor offers you exclusive accommodation with traditional charm. Discover the beauty of Egypt and relax in the midst of palm groves and exotic gardens that enchant with their scent of exotic flowers and the gentle murmur of fountains. Authentic architecture and ornate designs reflect the rich culture. The hotel is a honeycomb system of 10 courtyards and gives the impression of a magnificent country house. It is adorned with materials from lost historical buildings and surrounded by ten hectares of palm groves and exotic gardens. Al Moudira is the timeless inspiration of Zeina Aboukheir, who founded the hotel several decades ago. It is proudly run by a local team whose charm, style and gentle efficiency are consistently praised by guests who return year after year.<\/p>","protected":false},"excerpt":{"rendered":"<p>Luxuri\u00f6se Ruhe gegen\u00fcber den Tempeln von Luxor Eine Oase der Ruhe in Luxor, in unmittelbarer N\u00e4he des UNESCO-Weltkulturerbes von Theben und dem Tal der K\u00f6nige. Erleben Sie Luxus und Geschichte in einem einzigartigen Ambiente. Das Al Moudira Hotel in Luxor bietet Ihnen eine exklusive Unterkunft mit traditionellem Charme. Entdecken Sie die Sch\u00f6nheit \u00c4gyptens und entspannen [&hellip;]<\/p>\n","protected":false},"author":4,"featured_media":0,"parent":514,"menu_order":0,"comment_status":"closed","ping_status":"closed","template":"page-reise_detail5.php","meta":{"_acf_changed":false,"inline_featured_image":false,"footnotes":""},"categories":[61,9,8,2,64],"tags":[98,97,100,99,101,96,95],"class_list":["post-43492","page","type-page","status-publish","hentry","category-luxuryhotels","category-private-selections","category-reisen","category-unkategorisiert","category-villen","tag-aegypten","tag-aegypten-luxusurlaub","tag-al-moudira-hotel","tag-auf-den-spuren-der-pharaonen","tag-luxor","tag-select-luxury-travel","tag-unvergessliche-erlebnisse"],"acf":[],"_links":{"self":[{"href":"https:\/\/select-luxury.travel\/en\/wp-json\/wp\/v2\/pages\/43492","targetHints":{"allow":["GET"]}}],"collection":[{"href":"https:\/\/select-luxury.travel\/en\/wp-json\/wp\/v2\/pages"}],"about":[{"href":"https:\/\/select-luxury.travel\/en\/wp-json\/wp\/v2\/types\/page"}],"author":[{"embeddable":true,"href":"https:\/\/select-luxury.travel\/en\/wp-json\/wp\/v2\/users\/4"}],"replies":[{"embeddable":true,"href":"https:\/\/select-luxury.travel\/en\/wp-json\/wp\/v2\/comments?post=43492"}],"version-history":[{"count":23,"href":"https:\/\/select-luxury.travel\/en\/wp-json\/wp\/v2\/pages\/43492\/revisions"}],"predecessor-version":[{"id":69341,"href":"https:\/\/select-luxury.travel\/en\/wp-json\/wp\/v2\/pages\/43492\/revisions\/69341"}],"up":[{"embeddable":true,"href":"https:\/\/select-luxury.travel\/en\/wp-json\/wp\/v2\/pages\/514"}],"wp:attachment":[{"href":"https:\/\/select-luxury.travel\/en\/wp-json\/wp\/v2\/media?parent=43492"}],"wp:term":[{"taxonomy":"category","embeddable":true,"href":"https:\/\/select-luxury.travel\/en\/wp-json\/wp\/v2\/categories?post=43492"},{"taxonomy":"post_tag","embeddable":true,"href":"https:\/\/select-luxury.travel\/en\/wp-json\/wp\/v2\/tags?post=43492"}],"curies":[{"name":"wp","href":"https:\/\/api.w.org\/{rel}","templated":true}]}}