{"id":42990,"date":"2024-07-27T12:48:53","date_gmt":"2024-07-27T10:48:53","guid":{"rendered":"https:\/\/select-luxury.travel\/?page_id=42990"},"modified":"2026-05-13T09:49:49","modified_gmt":"2026-05-13T07:49:49","slug":"crystal-caribbean","status":"publish","type":"page","link":"https:\/\/select-luxury.travel\/en\/selections\/cruise\/crystal-karibik","title":{"rendered":"Crystal Serenity - from Barbados to Fort Lauderdale"},"content":{"rendered":"<p><span class=\"text-braun\">9 nights Caribbean luxury on the Crystal Serenity <\/span><\/p>\n<p>Start your dream holiday in Barbados, where you can enjoy the first rays of Caribbean sunshine and soak up the local culture. Then it's on to St Lucia, known for its impressive Pitons and lush nature. Discover the enchanting island of Guadeloupe with its botanical gardens and charming village. A variety of beaches and historical sites await you in Antigua, while you can experience the exclusive atmosphere of the Caribbean in St Barths. After a relaxing stay in the British Virgin Islands, the journey continues to Puerto Rico. A mixture of Spanish colonial flair and modern lifestyle awaits you here. After two relaxing days at sea, your journey ends in Fort Lauderdale.<br \/>\nExperience the Caribbean at its best: beautiful beaches, turquoise blue sea, exclusive amenities and unforgettable moments await you.<\/p>","protected":false},"excerpt":{"rendered":"<p>9 N\u00e4chte Karibik-Luxus auf der Crystal Serenity Starten Sie Ihre Traumreise in Barbados, wo Sie die ersten Sonnenstrahlen der Karibik genie\u00dfen und die lokale Kultur auf sich wirken lassen. Anschlie\u00dfend geht es weiter nach St. Lucia, bekannt f\u00fcr seine beeindruckenden Pitons und \u00fcppige Natur. Entdecken Sie die bezaubernde Insel Guadeloupe mit ihren botanischen G\u00e4rten und [&hellip;]<\/p>\n","protected":false},"author":4,"featured_media":0,"parent":627,"menu_order":0,"comment_status":"closed","ping_status":"closed","template":"page-reise_detail.php","meta":{"_acf_changed":false,"inline_featured_image":false,"footnotes":""},"categories":[54,11,12,8,2],"tags":[88,73,72,70,71],"class_list":["post-42990","page","type-page","status-publish","hentry","category-alleinige-kreuzfahrt","category-cruise-selections","category-island-selections","category-reisen","category-unkategorisiert","tag-crystal","tag-crystal-cruises","tag-crystal-serenity","tag-kreuzfahrt","tag-luxuskreuzfahrt"],"acf":[],"_links":{"self":[{"href":"https:\/\/select-luxury.travel\/en\/wp-json\/wp\/v2\/pages\/42990","targetHints":{"allow":["GET"]}}],"collection":[{"href":"https:\/\/select-luxury.travel\/en\/wp-json\/wp\/v2\/pages"}],"about":[{"href":"https:\/\/select-luxury.travel\/en\/wp-json\/wp\/v2\/types\/page"}],"author":[{"embeddable":true,"href":"https:\/\/select-luxury.travel\/en\/wp-json\/wp\/v2\/users\/4"}],"replies":[{"embeddable":true,"href":"https:\/\/select-luxury.travel\/en\/wp-json\/wp\/v2\/comments?post=42990"}],"version-history":[{"count":51,"href":"https:\/\/select-luxury.travel\/en\/wp-json\/wp\/v2\/pages\/42990\/revisions"}],"predecessor-version":[{"id":70578,"href":"https:\/\/select-luxury.travel\/en\/wp-json\/wp\/v2\/pages\/42990\/revisions\/70578"}],"up":[{"embeddable":true,"href":"https:\/\/select-luxury.travel\/en\/wp-json\/wp\/v2\/pages\/627"}],"wp:attachment":[{"href":"https:\/\/select-luxury.travel\/en\/wp-json\/wp\/v2\/media?parent=42990"}],"wp:term":[{"taxonomy":"category","embeddable":true,"href":"https:\/\/select-luxury.travel\/en\/wp-json\/wp\/v2\/categories?post=42990"},{"taxonomy":"post_tag","embeddable":true,"href":"https:\/\/select-luxury.travel\/en\/wp-json\/wp\/v2\/tags?post=42990"}],"curies":[{"name":"wp","href":"https:\/\/api.w.org\/{rel}","templated":true}]}}