{"id":42424,"date":"2024-06-24T10:20:10","date_gmt":"2024-06-24T08:20:10","guid":{"rendered":"https:\/\/select-luxury.travel\/?page_id=42424"},"modified":"2026-03-16T11:45:59","modified_gmt":"2026-03-16T10:45:59","slug":"greece-one-only-kea-island","status":"publish","type":"page","link":"https:\/\/select-luxury.travel\/en\/griechenland-one-only-kea-island","title":{"rendered":"5\u2605 One&#038;Only Hotel, K\u00e9a Island"},"content":{"rendered":"<p><span class=\"text-braun\">A paradise on the enchanting island of K\u00e9a - just a stone's throw from Athens<\/span><\/p>\n<p>Seek sanctuary at One&amp;Only K\u00e9a Island, a private retreat designed for the discerning tastes of the most seasoned travellers, amidst the captivating allure of the Aegean Sea. From April to the end of October, the resort unfolds its full splendour and invites you to enjoy unforgettable experiences in the Aegean Sea. On the unspoilt island of Kea in Greece, it offers a unique blend of natural beauty, cultural richness and exclusive comfort.<\/p>\n<p>Inspired by the azure waters of the Cyclades, the new One&amp;Only K\u00e9a Island captures the serenity of island life with secluded private villas, local materials and modern design elements that bring nature indoors. Here you will find space and time to relax and let your mind wander as you gaze out over the endless Mediterranean Sea. The enchanting island of K\u00e9a is just a stone's throw from Athens and the perfect place to be during the summer months. And yet K\u00e9a is a secluded enclave in the cobalt blue waters of the Aegean Sea that evokes deep emotions in adventurous travellers - a place of rocky cliffs, gorgeous sandy beaches, rolling olive groves, ancient villages and great history.<\/p>","protected":false},"excerpt":{"rendered":"<p>Ein Paradies auf der zauberhaften Insel K\u00e9a &#8211; nur einen Katzensprung von Athen entfernt Suchen Sie Zuflucht im One&amp;Only K\u00e9a Island, einem privaten R\u00fcckzugsort, der f\u00fcr den anspruchsvollen Geschmack der erfahrensten Reisenden konzipiert wurde, inmitten der fesselnden Faszination der \u00c4g\u00e4is. Von April bis Ende Oktober entfaltet das Resort seine ganze Pracht und l\u00e4dt zu unvergesslichen [&hellip;]<\/p>\n","protected":false},"author":4,"featured_media":0,"parent":0,"menu_order":0,"comment_status":"closed","ping_status":"closed","template":"page-reise_detail5.php","meta":{"_acf_changed":false,"inline_featured_image":false,"footnotes":""},"categories":[62,12,61,8,2],"tags":[],"class_list":["post-42424","page","type-page","status-publish","hentry","category-extraordinaryhotels","category-island-selections","category-luxuryhotels","category-reisen","category-unkategorisiert"],"acf":[],"_links":{"self":[{"href":"https:\/\/select-luxury.travel\/en\/wp-json\/wp\/v2\/pages\/42424","targetHints":{"allow":["GET"]}}],"collection":[{"href":"https:\/\/select-luxury.travel\/en\/wp-json\/wp\/v2\/pages"}],"about":[{"href":"https:\/\/select-luxury.travel\/en\/wp-json\/wp\/v2\/types\/page"}],"author":[{"embeddable":true,"href":"https:\/\/select-luxury.travel\/en\/wp-json\/wp\/v2\/users\/4"}],"replies":[{"embeddable":true,"href":"https:\/\/select-luxury.travel\/en\/wp-json\/wp\/v2\/comments?post=42424"}],"version-history":[{"count":43,"href":"https:\/\/select-luxury.travel\/en\/wp-json\/wp\/v2\/pages\/42424\/revisions"}],"predecessor-version":[{"id":69499,"href":"https:\/\/select-luxury.travel\/en\/wp-json\/wp\/v2\/pages\/42424\/revisions\/69499"}],"wp:attachment":[{"href":"https:\/\/select-luxury.travel\/en\/wp-json\/wp\/v2\/media?parent=42424"}],"wp:term":[{"taxonomy":"category","embeddable":true,"href":"https:\/\/select-luxury.travel\/en\/wp-json\/wp\/v2\/categories?post=42424"},{"taxonomy":"post_tag","embeddable":true,"href":"https:\/\/select-luxury.travel\/en\/wp-json\/wp\/v2\/tags?post=42424"}],"curies":[{"name":"wp","href":"https:\/\/api.w.org\/{rel}","templated":true}]}}