{"id":41431,"date":"2024-04-08T09:15:33","date_gmt":"2024-04-08T07:15:33","guid":{"rendered":"https:\/\/select-luxury.travel\/?page_id=41431"},"modified":"2026-03-16T11:26:54","modified_gmt":"2026-03-16T10:26:54","slug":"cappadocia","status":"publish","type":"page","link":"https:\/\/select-luxury.travel\/en\/selections\/private\/kappadokien","title":{"rendered":"Cappadocia: a fairytale land of stone"},"content":{"rendered":"<p><span class=\"text-braun\">Where history meets breathtaking natural beauty: ancient cave churches, dancing dervishes and a sky full of hot air balloons<\/span><\/p>\n<p>A mystical and magical scenery is revealed in Cappadocia like no other place on earth. The region is famous for its extraordinary natural formations, such as the bizarre fairy chimneys and historic underground sites. Cappadocia, home to grapes and wine and the cradle of Christianity, is nestled in the oasis of the Anatolian steppe and offers unique landscapes of tufa, formed over thousands of years by volcanic activity and erosion.<\/p>\n<p>Experience the fascination of a dervish ceremony and marvel at the mystical dances and ritual chants of the Sufis. Climb into a hot-air balloon that takes you up into the air and marvel at the surreal landscape in the light of dawn that stretches out below you like a painting. The underground cities are fascinating testimonies to early Christian and Byzantine engineering. Cave churches, built around 6000 years ago, offer artistic frescoes and carvings as archaeological treasures that make an immeasurable contribution to the exploration of our past.<\/p>\n<p>Cappadocia presents itself as an open book of history that welcomes travellers with open arms and offers space to explore the inseparable connection between nature and culture.<\/p>","protected":false},"excerpt":{"rendered":"<p>Wo Geschichte auf atemberaubende Natursch\u00f6nheit trifft: Antike H\u00f6hlenkirchen, tanzende Derwische und ein Himmel voller Hei\u00dfluftballons Eine mystische und zauberhafte Szenerie offenbart sich in Kappadokien, wie kein anderer Ort auf der Erde es vermag. Die Region ist ber\u00fchmt f\u00fcr ihre au\u00dfergew\u00f6hnlichen nat\u00fcrlichen Formationen, wie die bizarren Feenkamine und historischen unterirdischen St\u00e4tten. Kappadokien, Heimat von Trauben und [&hellip;]<\/p>\n","protected":false},"author":4,"featured_media":41450,"parent":514,"menu_order":0,"comment_status":"closed","ping_status":"closed","template":"page-reise_detail.php","meta":{"_acf_changed":false,"inline_featured_image":false,"footnotes":""},"categories":[9,8,2],"tags":[],"class_list":["post-41431","page","type-page","status-publish","has-post-thumbnail","hentry","category-private-selections","category-reisen","category-unkategorisiert"],"acf":[],"_links":{"self":[{"href":"https:\/\/select-luxury.travel\/en\/wp-json\/wp\/v2\/pages\/41431","targetHints":{"allow":["GET"]}}],"collection":[{"href":"https:\/\/select-luxury.travel\/en\/wp-json\/wp\/v2\/pages"}],"about":[{"href":"https:\/\/select-luxury.travel\/en\/wp-json\/wp\/v2\/types\/page"}],"author":[{"embeddable":true,"href":"https:\/\/select-luxury.travel\/en\/wp-json\/wp\/v2\/users\/4"}],"replies":[{"embeddable":true,"href":"https:\/\/select-luxury.travel\/en\/wp-json\/wp\/v2\/comments?post=41431"}],"version-history":[{"count":48,"href":"https:\/\/select-luxury.travel\/en\/wp-json\/wp\/v2\/pages\/41431\/revisions"}],"predecessor-version":[{"id":69492,"href":"https:\/\/select-luxury.travel\/en\/wp-json\/wp\/v2\/pages\/41431\/revisions\/69492"}],"up":[{"embeddable":true,"href":"https:\/\/select-luxury.travel\/en\/wp-json\/wp\/v2\/pages\/514"}],"wp:featuredmedia":[{"embeddable":true,"href":"https:\/\/select-luxury.travel\/en\/wp-json\/wp\/v2\/media\/41450"}],"wp:attachment":[{"href":"https:\/\/select-luxury.travel\/en\/wp-json\/wp\/v2\/media?parent=41431"}],"wp:term":[{"taxonomy":"category","embeddable":true,"href":"https:\/\/select-luxury.travel\/en\/wp-json\/wp\/v2\/categories?post=41431"},{"taxonomy":"post_tag","embeddable":true,"href":"https:\/\/select-luxury.travel\/en\/wp-json\/wp\/v2\/tags?post=41431"}],"curies":[{"name":"wp","href":"https:\/\/api.w.org\/{rel}","templated":true}]}}