{"id":41042,"date":"2024-03-07T17:00:51","date_gmt":"2024-03-07T16:00:51","guid":{"rendered":"https:\/\/select-luxury.travel\/?page_id=41042"},"modified":"2026-03-21T15:45:37","modified_gmt":"2026-03-21T14:45:37","slug":"bhutan","status":"publish","type":"page","link":"https:\/\/select-luxury.travel\/en\/selections\/private\/bhutan","title":{"rendered":"Bhutan - private tour with 5\u2605 boutique hotels"},"content":{"rendered":"<p><span class=\"text-braun\">Experience the beautiful country of Bhutan intensively and in a special way<\/span><\/p>\n<p>Bhutan, often revered as the \"Land of the Thunder Dragon\" or \"Druk Yul\", is still considered one of the last \"Shangri-La's\" in the Himalayan region due to its remoteness, spectacular mountain scenery, diverse flora and fauna and unique ancient Buddhist monasteries. This land of rolling hills and towering cliffs truly exudes charm. The mountains are magnificent, the forests are dense, the people are endearing, the air is pure, the architecture is inspiring, the religion is exciting and the art is outstanding. Like timeless images from the past, you will encounter all the splendour of this ancient land with its strategic fortresses, dzongs, numerous ancient temples, monasteries and stupas scattered across the landscape, prayer flags fluttering on the high mountain ridges, wild animals found in the dense forests, foaming white waterfalls that seem like heavenly showers and the warm smiles of the friendly people.<\/p>\n<p>The tiny kingdom of Bhutan shares with Nepal the world's largest concentration of mountains and a vibrant heritage of Buddhism. With its beautiful and largely untouched Himalayan landscape, rich flora and fauna and vibrant Buddhist culture, Bhutan has become an increasingly popular destination for travellers. Tourism not only generates income in hard currency, but also provides impetus for the development of the service sector and thus for a balanced and holistic development of the entire region. In an endeavour to protect its rich natural and cultural environment.<\/p>","protected":false},"excerpt":{"rendered":"<p>Erleben Sie das wundersch\u00f6ne Land Bhutan intensiv und auf eine besondere Art und Weise Bhutan, das oft als &#8222;Land des Donnerdrachens&#8220; oder &#8222;Druk Yul&#8220; verehrt wird, gilt wegen seiner Abgeschiedenheit, seiner spektakul\u00e4ren Berglandschaft, seiner vielf\u00e4ltigen Flora und Fauna und seiner einzigartigen alten buddhistischen Kl\u00f6ster noch immer als eines der letzten &#8222;Shangri-La&#8217;s&#8220; in der Himalaya-Region.\u00a0Dieses Land [&hellip;]<\/p>\n","protected":false},"author":4,"featured_media":0,"parent":514,"menu_order":0,"comment_status":"closed","ping_status":"closed","template":"page-reise_detail.php","meta":{"_acf_changed":false,"inline_featured_image":false,"footnotes":""},"categories":[9,8],"tags":[69,28,32],"class_list":["post-41042","page","type-page","status-publish","hentry","category-private-selections","category-reisen","tag-bhutan","tag-luxusreise","tag-privatreise"],"acf":[],"_links":{"self":[{"href":"https:\/\/select-luxury.travel\/en\/wp-json\/wp\/v2\/pages\/41042","targetHints":{"allow":["GET"]}}],"collection":[{"href":"https:\/\/select-luxury.travel\/en\/wp-json\/wp\/v2\/pages"}],"about":[{"href":"https:\/\/select-luxury.travel\/en\/wp-json\/wp\/v2\/types\/page"}],"author":[{"embeddable":true,"href":"https:\/\/select-luxury.travel\/en\/wp-json\/wp\/v2\/users\/4"}],"replies":[{"embeddable":true,"href":"https:\/\/select-luxury.travel\/en\/wp-json\/wp\/v2\/comments?post=41042"}],"version-history":[{"count":39,"href":"https:\/\/select-luxury.travel\/en\/wp-json\/wp\/v2\/pages\/41042\/revisions"}],"predecessor-version":[{"id":69581,"href":"https:\/\/select-luxury.travel\/en\/wp-json\/wp\/v2\/pages\/41042\/revisions\/69581"}],"up":[{"embeddable":true,"href":"https:\/\/select-luxury.travel\/en\/wp-json\/wp\/v2\/pages\/514"}],"wp:attachment":[{"href":"https:\/\/select-luxury.travel\/en\/wp-json\/wp\/v2\/media?parent=41042"}],"wp:term":[{"taxonomy":"category","embeddable":true,"href":"https:\/\/select-luxury.travel\/en\/wp-json\/wp\/v2\/categories?post=41042"},{"taxonomy":"post_tag","embeddable":true,"href":"https:\/\/select-luxury.travel\/en\/wp-json\/wp\/v2\/tags?post=41042"}],"curies":[{"name":"wp","href":"https:\/\/api.w.org\/{rel}","templated":true}]}}