{"id":40041,"date":"2023-10-17T13:03:20","date_gmt":"2023-10-17T11:03:20","guid":{"rendered":"https:\/\/select-luxury.travel\/?page_id=40041"},"modified":"2026-03-13T16:18:38","modified_gmt":"2026-03-13T15:18:38","slug":"ol-donyo-lodge","status":"publish","type":"page","link":"https:\/\/select-luxury.travel\/en\/selections\/extraordinary-hotels\/ol-donyo-lodge","title":{"rendered":"5\u2605 ol Donyo Lodge"},"content":{"rendered":"<p><span class=\"text-braun\">This refuge was formed from the ancient lava rock that was spewed out of Kilimanjaro 360,000 years ago.<\/span><\/p>\n<p>Spread over an impressive 111,000 hectares of private land, ol Donyo Lodge epitomises a combination of contemporary design and rich Maasai culture. The timeless atmosphere casts a spell over every visitor. Overlooking the classic savannahs of East Africa, this exclusive property is not only a place of tranquillity, but also a model for collaborative conservation. Your visits will help to protect lions, cheetahs and Africa's last great tuskers.<\/p>\n<p>The lodge consists of eight deluxe suites and a two-bedroom Sambu suite for families. Each suite offers breathtaking views across private plunge pools to Mount Kilimanjaro. The unique star beds in all suites offer you the opportunity to sleep under the stars while listening to the calls of hyenas and lions.<\/p>","protected":false},"excerpt":{"rendered":"<p>Dieses Refugium wurde aus dem antiken Lavagestein geformt, das vor 360.000 Jahren vom Kilimanjaro ausgespuckt wurde. Das ol Donyo Lodge erstreckt sich \u00fcber beeindruckende 111.000 Hektar Privatland und verk\u00f6rpert eine Verbindung aus zeitgen\u00f6ssischem Design und reicher Maasai-Kultur. Die zeitlose Atmosph\u00e4re zieht jeden Besucher in ihren Bann. Mit Blick auf die klassischen Savannen Ostafrikas ist dieses [&hellip;]<\/p>\n","protected":false},"author":3,"featured_media":0,"parent":39680,"menu_order":0,"comment_status":"closed","ping_status":"closed","template":"page-reise_detail5.php","meta":{"_acf_changed":false,"inline_featured_image":false,"footnotes":""},"categories":[62,8],"tags":[],"class_list":["post-40041","page","type-page","status-publish","hentry","category-extraordinaryhotels","category-reisen"],"acf":[],"_links":{"self":[{"href":"https:\/\/select-luxury.travel\/en\/wp-json\/wp\/v2\/pages\/40041","targetHints":{"allow":["GET"]}}],"collection":[{"href":"https:\/\/select-luxury.travel\/en\/wp-json\/wp\/v2\/pages"}],"about":[{"href":"https:\/\/select-luxury.travel\/en\/wp-json\/wp\/v2\/types\/page"}],"author":[{"embeddable":true,"href":"https:\/\/select-luxury.travel\/en\/wp-json\/wp\/v2\/users\/3"}],"replies":[{"embeddable":true,"href":"https:\/\/select-luxury.travel\/en\/wp-json\/wp\/v2\/comments?post=40041"}],"version-history":[{"count":10,"href":"https:\/\/select-luxury.travel\/en\/wp-json\/wp\/v2\/pages\/40041\/revisions"}],"predecessor-version":[{"id":69376,"href":"https:\/\/select-luxury.travel\/en\/wp-json\/wp\/v2\/pages\/40041\/revisions\/69376"}],"up":[{"embeddable":true,"href":"https:\/\/select-luxury.travel\/en\/wp-json\/wp\/v2\/pages\/39680"}],"wp:attachment":[{"href":"https:\/\/select-luxury.travel\/en\/wp-json\/wp\/v2\/media?parent=40041"}],"wp:term":[{"taxonomy":"category","embeddable":true,"href":"https:\/\/select-luxury.travel\/en\/wp-json\/wp\/v2\/categories?post=40041"},{"taxonomy":"post_tag","embeddable":true,"href":"https:\/\/select-luxury.travel\/en\/wp-json\/wp\/v2\/tags?post=40041"}],"curies":[{"name":"wp","href":"https:\/\/api.w.org\/{rel}","templated":true}]}}