{"id":39812,"date":"2023-09-21T13:05:16","date_gmt":"2023-09-21T11:05:16","guid":{"rendered":"https:\/\/select-luxury.travel\/?page_id=39812"},"modified":"2026-03-21T16:09:32","modified_gmt":"2026-03-21T15:09:32","slug":"nishiyama-onsen-keiunkan","status":"publish","type":"page","link":"https:\/\/select-luxury.travel\/en\/selections\/extraordinary-hotels\/nishiyama-onsen-keiunkan","title":{"rendered":"Nishiyama Onsen Keiunkan"},"content":{"rendered":"<p><span class=\"text-braun\">The oldest hotel in the world<\/span><\/p>\n<p>The Nishiyama Onsen Keiunkan is deeply rooted in Japan's history and offers guests an oasis of relaxation and culture. Nestled in the idyllic mountain town of Hayakawa, surrounded by the majestic Southern Alps, this hotel offers breathtaking views and an unrivalled connection to nature. The eponymous Hayakawa River flows through the heart of the town, providing a calming backdrop to your stay. The ryokan itself is a fusion of traditional Japanese style and modern architecture. It welcomes guests with a rich wooden structure that reflects 1300 years of history and tradition. The hotel also offers amenities such as free Wi-Fi, car parking and a pick-up service from Minobu Station.<\/p>","protected":false},"excerpt":{"rendered":"<p>Das \u00e4lteste Hotel der Welt Das Nishiyama Onsen Keiunkan ist tief in der Geschichte Japans verwurzelt und bietet den G\u00e4sten eine Oase der Entspannung und Kultur. Eingebettet in die idyllische Bergstadt Hayakawa, umgeben von den majest\u00e4tischen S\u00fcdalpen, bietet dieses Hotel eine atemberaubende Aussicht und eine unvergleichliche Verbindung zur Natur. Der namensgebende Hayakawa flie\u00dft durch das [&hellip;]<\/p>\n","protected":false},"author":3,"featured_media":0,"parent":39680,"menu_order":0,"comment_status":"closed","ping_status":"closed","template":"page-reise_detail5.php","meta":{"_acf_changed":false,"inline_featured_image":false,"footnotes":""},"categories":[62,8],"tags":[],"class_list":["post-39812","page","type-page","status-publish","hentry","category-extraordinaryhotels","category-reisen"],"acf":[],"_links":{"self":[{"href":"https:\/\/select-luxury.travel\/en\/wp-json\/wp\/v2\/pages\/39812","targetHints":{"allow":["GET"]}}],"collection":[{"href":"https:\/\/select-luxury.travel\/en\/wp-json\/wp\/v2\/pages"}],"about":[{"href":"https:\/\/select-luxury.travel\/en\/wp-json\/wp\/v2\/types\/page"}],"author":[{"embeddable":true,"href":"https:\/\/select-luxury.travel\/en\/wp-json\/wp\/v2\/users\/3"}],"replies":[{"embeddable":true,"href":"https:\/\/select-luxury.travel\/en\/wp-json\/wp\/v2\/comments?post=39812"}],"version-history":[{"count":8,"href":"https:\/\/select-luxury.travel\/en\/wp-json\/wp\/v2\/pages\/39812\/revisions"}],"predecessor-version":[{"id":69599,"href":"https:\/\/select-luxury.travel\/en\/wp-json\/wp\/v2\/pages\/39812\/revisions\/69599"}],"up":[{"embeddable":true,"href":"https:\/\/select-luxury.travel\/en\/wp-json\/wp\/v2\/pages\/39680"}],"wp:attachment":[{"href":"https:\/\/select-luxury.travel\/en\/wp-json\/wp\/v2\/media?parent=39812"}],"wp:term":[{"taxonomy":"category","embeddable":true,"href":"https:\/\/select-luxury.travel\/en\/wp-json\/wp\/v2\/categories?post=39812"},{"taxonomy":"post_tag","embeddable":true,"href":"https:\/\/select-luxury.travel\/en\/wp-json\/wp\/v2\/tags?post=39812"}],"curies":[{"name":"wp","href":"https:\/\/api.w.org\/{rel}","templated":true}]}}