{"id":39753,"date":"2023-09-21T12:06:21","date_gmt":"2023-09-21T10:06:21","guid":{"rendered":"https:\/\/select-luxury.travel\/?page_id=39753"},"modified":"2026-03-13T16:25:05","modified_gmt":"2026-03-13T15:25:05","slug":"bio-habitat-hotel-armenia","status":"publish","type":"page","link":"https:\/\/select-luxury.travel\/en\/selections\/extraordinary-hotels\/bio-habitat-hotel-armenia","title":{"rendered":"3\u2605 Bio Habitat Hotel Armenia"},"content":{"rendered":"<p><span class=\"text-braun\">The Bio Habitat Hotel, strategically located at the highest point of the mountain, is more than just accommodation - it is an experience that immerses its guests in the depths of Colombian nature.<\/span><\/p>\n<p>This architecturally impressive retreat blends seamlessly into the surrounding landscape and reflects the hotel's commitment to environmental awareness and sustainability. The 28 fully self-contained rooms offer intimacy and tranquillity, while the hotel's public areas, such as the restaurant-bar, wellness areas and spa centre, are places to meet and relax. During their stay, guests can explore organic orchards, stroll along natural trails through the forest and enjoy breathtaking views of the Quind\u00edo, the western mountain range and the central mountain range. The hotel's strategic location, just 30 minutes from El Eden and Pereira Mateca\u00f1a airports, makes it the ideal base from which to discover the charming towns of Quind\u00edo, such as Salento, Filandia and the Valle del Cocora, which has been recognised as a UNESCO World Heritage Site.<\/p>","protected":false},"excerpt":{"rendered":"<p>Das Bio Habitat Hotel, strategisch an der h\u00f6chsten Stelle des Berges gelegen, ist mehr als nur eine Unterkunft &#8211; es ist ein Erlebnis, das seine G\u00e4ste in die Tiefen der kolumbianischen Natur eintauchen l\u00e4sst. Dieses architektonisch beeindruckende Refugium f\u00fcgt sich nahtlos in die umliegende Landschaft ein und spiegelt das Engagement des Hotels f\u00fcr Umweltbewusstsein und [&hellip;]<\/p>\n","protected":false},"author":3,"featured_media":0,"parent":39680,"menu_order":0,"comment_status":"closed","ping_status":"closed","template":"page-reise_detail5.php","meta":{"_acf_changed":false,"inline_featured_image":false,"footnotes":""},"categories":[62,8],"tags":[],"class_list":["post-39753","page","type-page","status-publish","hentry","category-extraordinaryhotels","category-reisen"],"acf":[],"_links":{"self":[{"href":"https:\/\/select-luxury.travel\/en\/wp-json\/wp\/v2\/pages\/39753","targetHints":{"allow":["GET"]}}],"collection":[{"href":"https:\/\/select-luxury.travel\/en\/wp-json\/wp\/v2\/pages"}],"about":[{"href":"https:\/\/select-luxury.travel\/en\/wp-json\/wp\/v2\/types\/page"}],"author":[{"embeddable":true,"href":"https:\/\/select-luxury.travel\/en\/wp-json\/wp\/v2\/users\/3"}],"replies":[{"embeddable":true,"href":"https:\/\/select-luxury.travel\/en\/wp-json\/wp\/v2\/comments?post=39753"}],"version-history":[{"count":12,"href":"https:\/\/select-luxury.travel\/en\/wp-json\/wp\/v2\/pages\/39753\/revisions"}],"predecessor-version":[{"id":69380,"href":"https:\/\/select-luxury.travel\/en\/wp-json\/wp\/v2\/pages\/39753\/revisions\/69380"}],"up":[{"embeddable":true,"href":"https:\/\/select-luxury.travel\/en\/wp-json\/wp\/v2\/pages\/39680"}],"wp:attachment":[{"href":"https:\/\/select-luxury.travel\/en\/wp-json\/wp\/v2\/media?parent=39753"}],"wp:term":[{"taxonomy":"category","embeddable":true,"href":"https:\/\/select-luxury.travel\/en\/wp-json\/wp\/v2\/categories?post=39753"},{"taxonomy":"post_tag","embeddable":true,"href":"https:\/\/select-luxury.travel\/en\/wp-json\/wp\/v2\/tags?post=39753"}],"curies":[{"name":"wp","href":"https:\/\/api.w.org\/{rel}","templated":true}]}}