{"id":39680,"date":"2023-09-20T11:12:51","date_gmt":"2023-09-20T09:12:51","guid":{"rendered":"https:\/\/select-luxury.travel\/?page_id=39680"},"modified":"2023-10-04T11:56:02","modified_gmt":"2023-10-04T09:56:02","slug":"extraordinary-hotels","status":"publish","type":"page","link":"https:\/\/select-luxury.travel\/en\/selections\/extraordinary-hotels","title":{"rendered":"Extraordinary Hotels"},"content":{"rendered":"<p><span class=\"text-braun\">Special accommodation gives you the feeling of being part of something extraordinary on your journey.\u00a0<\/span><\/p>\n<div id=\"btn_showmore\" class=\"collapsed\" style=\"margin-top: 15px; cursor: pointer;\" data-target=\"#home-read-more\" data-toggle=\"collapse\"><strong>Read more...<\/strong><\/div>\n<div id=\"home-read-more\" class=\"collapse multi-collapse\">\n<p>We would like to open up a world of creative and unusual accommodation for you. Be inspired by our first selection and delve deeper into the perspectives of extraordinary developers of special accommodation. Whether it's an extravagant location, architecture or experiences, our selection of special accommodation promises unforgettable experiences for every taste.<\/p>\n<div style=\"margin-top: 15px; cursor: pointer;\" data-target=\"#home-read-more\" data-toggle=\"collapse\"><strong>Close<\/strong><\/div>\n<\/div>","protected":false},"excerpt":{"rendered":"<p>Besondere Unterk\u00fcnfte verleihen Ihnen selbst das Gef\u00fchl Teil von etwas Au\u00dfergew\u00f6hnlichem auf Ihrer Reise zu sein.\u00a0 Weiterlesen&#8230; Wir m\u00f6chten Ihnen eine Welt voller kreativer und ausgefallener Unterk\u00fcnfte er\u00f6ffnen. Lassen Sie sich von unserer ersten Auswahl inspirieren und tauchen Sie tiefer in die Blickwinkel au\u00dfergew\u00f6hnlicher Entwickler besonderer Unterk\u00fcnfte ein. Ob extravagante Lokalit\u00e4t, Architektur oder Erlebnisse, unsere [&hellip;]<\/p>\n","protected":false},"author":3,"featured_media":0,"parent":620,"menu_order":0,"comment_status":"closed","ping_status":"closed","template":"page-reise_uebersicht.php","meta":{"_acf_changed":false,"inline_featured_image":false,"footnotes":""},"categories":[62,8],"tags":[],"class_list":["post-39680","page","type-page","status-publish","hentry","category-extraordinaryhotels","category-reisen"],"acf":[],"_links":{"self":[{"href":"https:\/\/select-luxury.travel\/en\/wp-json\/wp\/v2\/pages\/39680","targetHints":{"allow":["GET"]}}],"collection":[{"href":"https:\/\/select-luxury.travel\/en\/wp-json\/wp\/v2\/pages"}],"about":[{"href":"https:\/\/select-luxury.travel\/en\/wp-json\/wp\/v2\/types\/page"}],"author":[{"embeddable":true,"href":"https:\/\/select-luxury.travel\/en\/wp-json\/wp\/v2\/users\/3"}],"replies":[{"embeddable":true,"href":"https:\/\/select-luxury.travel\/en\/wp-json\/wp\/v2\/comments?post=39680"}],"version-history":[{"count":8,"href":"https:\/\/select-luxury.travel\/en\/wp-json\/wp\/v2\/pages\/39680\/revisions"}],"predecessor-version":[{"id":39984,"href":"https:\/\/select-luxury.travel\/en\/wp-json\/wp\/v2\/pages\/39680\/revisions\/39984"}],"up":[{"embeddable":true,"href":"https:\/\/select-luxury.travel\/en\/wp-json\/wp\/v2\/pages\/620"}],"wp:attachment":[{"href":"https:\/\/select-luxury.travel\/en\/wp-json\/wp\/v2\/media?parent=39680"}],"wp:term":[{"taxonomy":"category","embeddable":true,"href":"https:\/\/select-luxury.travel\/en\/wp-json\/wp\/v2\/categories?post=39680"},{"taxonomy":"post_tag","embeddable":true,"href":"https:\/\/select-luxury.travel\/en\/wp-json\/wp\/v2\/tags?post=39680"}],"curies":[{"name":"wp","href":"https:\/\/api.w.org\/{rel}","templated":true}]}}