{"id":39354,"date":"2023-09-08T09:00:26","date_gmt":"2023-09-08T07:00:26","guid":{"rendered":"https:\/\/select-luxury.travel\/?page_id=39354"},"modified":"2024-10-14T10:22:44","modified_gmt":"2024-10-14T08:22:44","slug":"la-reunion-mauritius","status":"publish","type":"page","link":"https:\/\/select-luxury.travel\/en\/selections\/private\/la-reunion-mauritius","title":{"rendered":"La R\u00e9union &amp; Mauritius"},"content":{"rendered":"<p><span class=\"text-braun\">In the middle of the Indian Ocean lies a little piece of Europe and one of the last true paradises on earth: La R\u00e9union.<\/span><\/p>\n<p>The French overseas department combines everything island lovers could wish for: Tropics, volcanic mountains, dream beaches and, of course, first-class comfort. That alone sounds good? The trip is made perfect by the second destination: Mauritius. It is not without reason that this island is one of the top holiday destinations for many island fans. Like La R\u00e9union, this tropical paradise captivates with natural wonders, enchanting white sandy beaches and a unique underwater world. The perfect combination and island hopping with a difference.<\/p>","protected":false},"excerpt":{"rendered":"<p>Mitten im Indischen Ozean liegt ein kleines St\u00fcck Europa und eines der letzten wahren Paradiese dieser Erde: La R\u00e9union. Das franz\u00f6sische \u00dcberseedepartement vereint alles, was sich Inselliebhaber w\u00fcnschen: Tropen, Vulkanberge, Traumstr\u00e4nde und nat\u00fcrlich Komfort erster Klasse. Das allein klingt schon gut? Perfekt wird die Reise durch das zweite Ziel: Mauritius. Nicht ohne Grund ist diese [&hellip;]<\/p>\n","protected":false},"author":4,"featured_media":0,"parent":514,"menu_order":0,"comment_status":"closed","ping_status":"closed","template":"page-reise_detail_wams.php","meta":{"_acf_changed":false,"inline_featured_image":false,"footnotes":""},"categories":[9],"tags":[],"class_list":["post-39354","page","type-page","status-publish","hentry","category-private-selections"],"acf":[],"_links":{"self":[{"href":"https:\/\/select-luxury.travel\/en\/wp-json\/wp\/v2\/pages\/39354","targetHints":{"allow":["GET"]}}],"collection":[{"href":"https:\/\/select-luxury.travel\/en\/wp-json\/wp\/v2\/pages"}],"about":[{"href":"https:\/\/select-luxury.travel\/en\/wp-json\/wp\/v2\/types\/page"}],"author":[{"embeddable":true,"href":"https:\/\/select-luxury.travel\/en\/wp-json\/wp\/v2\/users\/4"}],"replies":[{"embeddable":true,"href":"https:\/\/select-luxury.travel\/en\/wp-json\/wp\/v2\/comments?post=39354"}],"version-history":[{"count":5,"href":"https:\/\/select-luxury.travel\/en\/wp-json\/wp\/v2\/pages\/39354\/revisions"}],"predecessor-version":[{"id":44088,"href":"https:\/\/select-luxury.travel\/en\/wp-json\/wp\/v2\/pages\/39354\/revisions\/44088"}],"up":[{"embeddable":true,"href":"https:\/\/select-luxury.travel\/en\/wp-json\/wp\/v2\/pages\/514"}],"wp:attachment":[{"href":"https:\/\/select-luxury.travel\/en\/wp-json\/wp\/v2\/media?parent=39354"}],"wp:term":[{"taxonomy":"category","embeddable":true,"href":"https:\/\/select-luxury.travel\/en\/wp-json\/wp\/v2\/categories?post=39354"},{"taxonomy":"post_tag","embeddable":true,"href":"https:\/\/select-luxury.travel\/en\/wp-json\/wp\/v2\/tags?post=39354"}],"curies":[{"name":"wp","href":"https:\/\/api.w.org\/{rel}","templated":true}]}}