{"id":39033,"date":"2023-08-10T14:34:34","date_gmt":"2023-08-10T12:34:34","guid":{"rendered":"https:\/\/select-luxury.travel\/?page_id=39033"},"modified":"2026-04-09T12:10:55","modified_gmt":"2026-04-09T10:10:55","slug":"experience-groenland","status":"publish","type":"page","link":"https:\/\/select-luxury.travel\/en\/erlebnis-groenland","title":{"rendered":"5\u2605 Nomad Greenland \u2013 Wunderland Arktis"},"content":{"rendered":"<p><span class=\"text-braun\">New highlight in Greenland: Nomad Greenland luxury camp at Disko Bay<\/span><br \/>\nMachen Sie sich bereit f\u00fcr eine Reise wie keine andere! Wo Raum, Abgeschiedenheit und Gelassenheit die Stars der Show sind. Reisen Sie mit uns zum n\u00f6rdlichen Ende der Welt. Inspiriert von der uralten Weisheit unserer Vorfahren wollen wir unsere G\u00e4ste wieder mit der Natur verbinden. Jede Reise ist ein ma\u00dfgeschneidertes Abenteuer an einige der entlegensten Orte der Welt, die einem den Atem rauben. Entdecken Sie mit uns die raue und unber\u00fchrte Sch\u00f6nheit Gr\u00f6nlands, w\u00e4hrend Sie die Freiheit der Einfachheit genie\u00dfen. Kiattua und Disko Bay liegen strategisch g\u00fcnstig zwischen hoch aufragenden Bergen und schimmernden K\u00fcsten, zwischen krachenden Eisbergen, unber\u00fchrter Natur und bieten atemberaubende Ausblicke und maximale Privatsph\u00e4re. Tauchen Sie ein in die Kultur der Inuit inmitten der gewaltigen Eislandschaft in der Disko Bay oder in Kiattuas \u00e4ltestem Berg. Eine einzigartige Reise f\u00fcr alle, die das Abenteuer lieben. Nur f\u00fcr eine begrenzte Zeit sind die Luxuscamps j\u00e4hrlich ge\u00f6ffnet und garantieren intime Abenteuer in der stillen Natur. In einer Welt voller L\u00e4rm ist es unser Anliegen, Sie in diese raue, unber\u00fchrte Sch\u00f6nheit, in diese abgelegene, arktische Wildnis eintauchen zu lassen. Vier Monate im Jahr, zwischen Juni und September bieten wir Privatreisen in die abgelegene arktische Wildnis auf die gr\u00f6\u00dfte und unber\u00fchrteste Insel der Welt. Gr\u00f6nland.<\/p>","protected":false},"excerpt":{"rendered":"<p>Neues Highlight in Gr\u00f6nland: Nomad Greenland Luxuscamp an der Disko Bay Machen Sie sich bereit f\u00fcr eine Reise wie keine andere! Wo Raum, Abgeschiedenheit und Gelassenheit die Stars der Show sind. Reisen Sie mit uns zum n\u00f6rdlichen Ende der Welt. Inspiriert von der uralten Weisheit unserer Vorfahren wollen wir unsere G\u00e4ste wieder mit der Natur [&hellip;]<\/p>\n","protected":false},"author":4,"featured_media":0,"parent":0,"menu_order":0,"comment_status":"closed","ping_status":"closed","template":"page-reise_detail5.php","meta":{"_acf_changed":false,"inline_featured_image":false,"footnotes":""},"categories":[62,9,8,2],"tags":[],"class_list":["post-39033","page","type-page","status-publish","hentry","category-extraordinaryhotels","category-private-selections","category-reisen","category-unkategorisiert"],"acf":[],"_links":{"self":[{"href":"https:\/\/select-luxury.travel\/en\/wp-json\/wp\/v2\/pages\/39033","targetHints":{"allow":["GET"]}}],"collection":[{"href":"https:\/\/select-luxury.travel\/en\/wp-json\/wp\/v2\/pages"}],"about":[{"href":"https:\/\/select-luxury.travel\/en\/wp-json\/wp\/v2\/types\/page"}],"author":[{"embeddable":true,"href":"https:\/\/select-luxury.travel\/en\/wp-json\/wp\/v2\/users\/4"}],"replies":[{"embeddable":true,"href":"https:\/\/select-luxury.travel\/en\/wp-json\/wp\/v2\/comments?post=39033"}],"version-history":[{"count":41,"href":"https:\/\/select-luxury.travel\/en\/wp-json\/wp\/v2\/pages\/39033\/revisions"}],"predecessor-version":[{"id":69808,"href":"https:\/\/select-luxury.travel\/en\/wp-json\/wp\/v2\/pages\/39033\/revisions\/69808"}],"wp:attachment":[{"href":"https:\/\/select-luxury.travel\/en\/wp-json\/wp\/v2\/media?parent=39033"}],"wp:term":[{"taxonomy":"category","embeddable":true,"href":"https:\/\/select-luxury.travel\/en\/wp-json\/wp\/v2\/categories?post=39033"},{"taxonomy":"post_tag","embeddable":true,"href":"https:\/\/select-luxury.travel\/en\/wp-json\/wp\/v2\/tags?post=39033"}],"curies":[{"name":"wp","href":"https:\/\/api.w.org\/{rel}","templated":true}]}}