{"id":38954,"date":"2023-06-21T11:47:31","date_gmt":"2023-06-21T09:47:31","guid":{"rendered":"https:\/\/select-luxury.travel\/?page_id=38954"},"modified":"2023-06-21T12:07:50","modified_gmt":"2023-06-21T10:07:50","slug":"brazil","status":"publish","type":"page","link":"https:\/\/select-luxury.travel\/en\/brasilien","title":{"rendered":"Brazil"},"content":{"rendered":"<p><span class=\"text-braun\">A unique mix of cheerful people, diverse cuisine, rousing music, breathtaking nature and exciting festivals<\/span><\/p>\n<p>Brazilians are known for their warm hospitality and passionate joie de vivre. No matter where you go, you will be welcomed with open arms by the friendly people. They are proud of their country and are happy to share their culture and traditions with visitors. With a mixture of indigenous, Portuguese and African influences, Brazilian cuisine offers a variety of delicious dishes. Music and dance play an important role in everyday life in Brazil. Samba, Brazil's best-known dance form, is a symbol of Brazilian culture with its rousing rhythms and colourful costumes. It is almost impossible to resist the rousing beat and not dance along.<\/p>\n<p>Brazil's nature is a true paradise. From the Amazon rainforest to the impressive waterfalls of Igua\u00e7u and the beautiful beaches of Rio de Janeiro, the country offers a multitude of breathtaking landscapes. The diversity of flora and fauna is impressive and makes Brazil one of the most biodiverse countries in the world.<\/p>","protected":false},"excerpt":{"rendered":"<p>Eine einzigartige Mischung aus lebensfrohen Menschen, vielf\u00e4ltiger K\u00fcche, mitrei\u00dfender Musik, atemberaubender Natur und aufregenden Festivals Die Brasilianer sind bekannt f\u00fcr ihre herzliche Gastfreundschaft und ihre leidenschaftliche Lebensfreude. Egal wo man hinkommt, wird man von den freundlichen Menschen mit offenen Armen empfangen. Sie sind stolz auf ihr Land und teilen gerne ihre Kultur und Traditionen mit [&hellip;]<\/p>\n","protected":false},"author":3,"featured_media":0,"parent":0,"menu_order":0,"comment_status":"closed","ping_status":"closed","template":"page-reise_uebersicht_landing.php","meta":{"_acf_changed":false,"inline_featured_image":false,"footnotes":""},"categories":[],"tags":[],"class_list":["post-38954","page","type-page","status-publish","hentry"],"acf":[],"_links":{"self":[{"href":"https:\/\/select-luxury.travel\/en\/wp-json\/wp\/v2\/pages\/38954","targetHints":{"allow":["GET"]}}],"collection":[{"href":"https:\/\/select-luxury.travel\/en\/wp-json\/wp\/v2\/pages"}],"about":[{"href":"https:\/\/select-luxury.travel\/en\/wp-json\/wp\/v2\/types\/page"}],"author":[{"embeddable":true,"href":"https:\/\/select-luxury.travel\/en\/wp-json\/wp\/v2\/users\/3"}],"replies":[{"embeddable":true,"href":"https:\/\/select-luxury.travel\/en\/wp-json\/wp\/v2\/comments?post=38954"}],"version-history":[{"count":8,"href":"https:\/\/select-luxury.travel\/en\/wp-json\/wp\/v2\/pages\/38954\/revisions"}],"predecessor-version":[{"id":38973,"href":"https:\/\/select-luxury.travel\/en\/wp-json\/wp\/v2\/pages\/38954\/revisions\/38973"}],"wp:attachment":[{"href":"https:\/\/select-luxury.travel\/en\/wp-json\/wp\/v2\/media?parent=38954"}],"wp:term":[{"taxonomy":"category","embeddable":true,"href":"https:\/\/select-luxury.travel\/en\/wp-json\/wp\/v2\/categories?post=38954"},{"taxonomy":"post_tag","embeddable":true,"href":"https:\/\/select-luxury.travel\/en\/wp-json\/wp\/v2\/tags?post=38954"}],"curies":[{"name":"wp","href":"https:\/\/api.w.org\/{rel}","templated":true}]}}