{"id":3856,"date":"2018-10-19T15:09:12","date_gmt":"2018-10-19T13:09:12","guid":{"rendered":"https:\/\/select-luxury.travel\/?page_id=3856"},"modified":"2019-09-11T11:55:09","modified_gmt":"2019-09-11T09:55:09","slug":"new-york","status":"publish","type":"page","link":"https:\/\/select-luxury.travel\/en\/new-york","title":{"rendered":"LUMAS ART TRAVEL - New York"},"content":{"rendered":"<p><span class=\"text-braun\">The city, the places and the art<\/span><\/p>\n<p>New York is the innovative cultural capital of the United States, with its world-famous music venues and museums as well as the many small quirky ones, the huge theatre district around Broadway and the many stages in other districts. In New York's global cuisine, every connoisseur will find exactly what they are looking for or the specialities they have always wanted to be surprised by. The hotels also leave nothing to be desired - even for the most discerning globetrotter. We are certain: there is nothing in New York that does not exist.<\/p>\n<p>Reached in just 8 to 9 hours by plane, the Big Apple is a melting pot of all the cultures on our planet and offers experiences for all the senses. Get to know people from all continents, but who can only be found here: in the most colourful, crazy and lovable city in the world. Where else can you experience original Balinese cuisine, Caribbean artists performing on the street and African street artists all in one day? Goosebumps are also guaranteed when you look out over the skyline from the Empire State Building, take a night-time harbour cruise, take a helicopter ride around the skyscrapers or visit one of the countless bars, pubs and comedy venues that are copied - but never equalled - all over the world. We are certain: New York is and remains unique. Experience it for yourself.<\/p>","protected":false},"excerpt":{"rendered":"<p>Die Stadt, die Orte und die Kunst New York ist die innovative Kulturhauptstadt der vereinigten Staaten, mit ihren weltbekannten Musikst\u00e4tten und Museen sowie den vielen kleinen skurrilen, dem riesigen Theaterbezirk rund um den Broadway und den vielen B\u00fchnen in anderen Bezirken. In der globalen K\u00fcche New Yorks bekommt jeder Genie\u00dfer genau das, was er sucht [&hellip;]<\/p>\n","protected":false},"author":3,"featured_media":0,"parent":0,"menu_order":0,"comment_status":"closed","ping_status":"closed","template":"page-reise_uebersicht_landing.php","meta":{"_acf_changed":false,"inline_featured_image":false,"footnotes":""},"categories":[],"tags":[],"class_list":["post-3856","page","type-page","status-publish","hentry"],"acf":[],"_links":{"self":[{"href":"https:\/\/select-luxury.travel\/en\/wp-json\/wp\/v2\/pages\/3856","targetHints":{"allow":["GET"]}}],"collection":[{"href":"https:\/\/select-luxury.travel\/en\/wp-json\/wp\/v2\/pages"}],"about":[{"href":"https:\/\/select-luxury.travel\/en\/wp-json\/wp\/v2\/types\/page"}],"author":[{"embeddable":true,"href":"https:\/\/select-luxury.travel\/en\/wp-json\/wp\/v2\/users\/3"}],"replies":[{"embeddable":true,"href":"https:\/\/select-luxury.travel\/en\/wp-json\/wp\/v2\/comments?post=3856"}],"version-history":[{"count":28,"href":"https:\/\/select-luxury.travel\/en\/wp-json\/wp\/v2\/pages\/3856\/revisions"}],"predecessor-version":[{"id":5274,"href":"https:\/\/select-luxury.travel\/en\/wp-json\/wp\/v2\/pages\/3856\/revisions\/5274"}],"wp:attachment":[{"href":"https:\/\/select-luxury.travel\/en\/wp-json\/wp\/v2\/media?parent=3856"}],"wp:term":[{"taxonomy":"category","embeddable":true,"href":"https:\/\/select-luxury.travel\/en\/wp-json\/wp\/v2\/categories?post=3856"},{"taxonomy":"post_tag","embeddable":true,"href":"https:\/\/select-luxury.travel\/en\/wp-json\/wp\/v2\/tags?post=3856"}],"curies":[{"name":"wp","href":"https:\/\/api.w.org\/{rel}","templated":true}]}}