{"id":37854,"date":"2023-03-10T09:26:55","date_gmt":"2023-03-10T08:26:55","guid":{"rendered":"https:\/\/select-luxury.travel\/?page_id=37854"},"modified":"2026-03-16T10:54:51","modified_gmt":"2026-03-16T09:54:51","slug":"camino-portugues","status":"publish","type":"page","link":"https:\/\/select-luxury.travel\/en\/selections\/small-group\/camino-portugues","title":{"rendered":"Camino Portugues - Way of St James pilgrimage by e-bike from Porto to Santiago de Compostela"},"content":{"rendered":"<p><span class=\"text-braun\">Private tour: With the e-bike on the Way of St James<\/span><\/p>\n<p>It is almost impossible to escape a deep sense of emotion after days on the \"Camino\", the Way of St James - the arrival on the forecourt of the cathedral in Santiago is overwhelming, an exclamation mark at the end of a good week of unique encounters, impressions and experiences - whether religiously motivated or not. Marvellous landscapes, authenticity, excellent gastronomy, atmospheric picnics and accommodation full of charm will indulge all your senses. And the one destination creates a unique esprit de corps, constantly reinforced by countless anecdotes along the way on the manageable cycle stages, emotional, liberating and in any case - once in a lifetime pilgrimage on the Way of St James!<\/p>","protected":false},"excerpt":{"rendered":"<p>Privatreise: Mit dem E-Bike auf dem Jakobsweg Es ist nahezu unm\u00f6glich, sich nach Tagen auf dem \u201eCamino\u201c, dem Jakobsweg, einer tiefen Emotionalit\u00e4t zu entziehen \u2013 die Ankunft auf dem Vorplatz der Kathedrale in Santiago ist \u00fcberw\u00e4ltigend, ist ein Ausrufezeichen am Ende einer guten Woche einmaliger Begegnungen, Eindr\u00fccke und Erlebnisse \u2013 egal ob religi\u00f6s motiviert oder [&hellip;]<\/p>\n","protected":false},"author":4,"featured_media":0,"parent":624,"menu_order":0,"comment_status":"closed","ping_status":"closed","template":"page-reise_detail_wams.php","meta":{"_acf_changed":false,"inline_featured_image":false,"footnotes":""},"categories":[9,8,10],"tags":[],"class_list":["post-37854","page","type-page","status-publish","hentry","category-private-selections","category-reisen","category-small-group-selections"],"acf":[],"_links":{"self":[{"href":"https:\/\/select-luxury.travel\/en\/wp-json\/wp\/v2\/pages\/37854","targetHints":{"allow":["GET"]}}],"collection":[{"href":"https:\/\/select-luxury.travel\/en\/wp-json\/wp\/v2\/pages"}],"about":[{"href":"https:\/\/select-luxury.travel\/en\/wp-json\/wp\/v2\/types\/page"}],"author":[{"embeddable":true,"href":"https:\/\/select-luxury.travel\/en\/wp-json\/wp\/v2\/users\/4"}],"replies":[{"embeddable":true,"href":"https:\/\/select-luxury.travel\/en\/wp-json\/wp\/v2\/comments?post=37854"}],"version-history":[{"count":54,"href":"https:\/\/select-luxury.travel\/en\/wp-json\/wp\/v2\/pages\/37854\/revisions"}],"predecessor-version":[{"id":69471,"href":"https:\/\/select-luxury.travel\/en\/wp-json\/wp\/v2\/pages\/37854\/revisions\/69471"}],"up":[{"embeddable":true,"href":"https:\/\/select-luxury.travel\/en\/wp-json\/wp\/v2\/pages\/624"}],"wp:attachment":[{"href":"https:\/\/select-luxury.travel\/en\/wp-json\/wp\/v2\/media?parent=37854"}],"wp:term":[{"taxonomy":"category","embeddable":true,"href":"https:\/\/select-luxury.travel\/en\/wp-json\/wp\/v2\/categories?post=37854"},{"taxonomy":"post_tag","embeddable":true,"href":"https:\/\/select-luxury.travel\/en\/wp-json\/wp\/v2\/tags?post=37854"}],"curies":[{"name":"wp","href":"https:\/\/api.w.org\/{rel}","templated":true}]}}