{"id":36538,"date":"2023-02-24T10:09:59","date_gmt":"2023-02-24T09:09:59","guid":{"rendered":"https:\/\/select-luxury.travel\/?page_id=36538"},"modified":"2026-03-13T15:32:53","modified_gmt":"2026-03-13T14:32:53","slug":"5%e2%98%85-the-oberoi-beach-resort-sahl-hasheesh","status":"publish","type":"page","link":"https:\/\/select-luxury.travel\/en\/selections\/private\/5%e2%98%85-the-oberoi-beach-resort-sahl-hasheesh","title":{"rendered":"5\u2605 The Oberoi Beach Resort Sahl Hasheesh"},"content":{"rendered":"<p><span class=\"text-braun\">Luxury beach resort on the Red Sea water paradise<\/span><\/p>\n<p>The Red Sea is teeming with colourful marine life and pristine coral reefs. The crystal-clear waters and unique underwater gardens are known worldwide as an aquatic paradise for snorkellers and divers. The 5-star hotel in Sahl Hasheesh extends over a large area directly on the shore of this aquatic wonderland. Traditional Arabian design: stars, columns, domes and handmade lanterns give the complex an unrivalled flair. Opulent suites with uninterrupted sea views, top international gastronomy, water sports and a diving centre for beginners and advanced divers make the Oberoi the best resort in Sahl Hasheesh.<\/p>","protected":false},"excerpt":{"rendered":"<p>Luxus Beach Resort am Wasserparadies Rotes Meer Am Roten Meer wimmelt es von farbenfrohen Meeresbewohnern und unber\u00fchrten Korallenriffen. Das kristallklare Wasser und die einzigartigen Unterwasserg\u00e4rten sind weltweit als Wasserparadies f\u00fcr Schnorchler und Taucher bekannt. Das 5-Sterne-Hotel in Sahl Hasheesh erstreckt sich auf einem gro\u00dfen Gel\u00e4nde direkt am Ufer dieser Wasser-Wunderwelt. Traditionell arabisches Design: Sterne, S\u00e4ulen, [&hellip;]<\/p>","protected":false},"author":4,"featured_media":0,"parent":514,"menu_order":0,"comment_status":"closed","ping_status":"closed","template":"page-reise_detail5.php","meta":{"_acf_changed":false,"inline_featured_image":false,"footnotes":""},"categories":[],"tags":[],"class_list":["post-36538","page","type-page","status-publish","hentry"],"acf":[],"_links":{"self":[{"href":"https:\/\/select-luxury.travel\/en\/wp-json\/wp\/v2\/pages\/36538","targetHints":{"allow":["GET"]}}],"collection":[{"href":"https:\/\/select-luxury.travel\/en\/wp-json\/wp\/v2\/pages"}],"about":[{"href":"https:\/\/select-luxury.travel\/en\/wp-json\/wp\/v2\/types\/page"}],"author":[{"embeddable":true,"href":"https:\/\/select-luxury.travel\/en\/wp-json\/wp\/v2\/users\/4"}],"replies":[{"embeddable":true,"href":"https:\/\/select-luxury.travel\/en\/wp-json\/wp\/v2\/comments?post=36538"}],"version-history":[{"count":15,"href":"https:\/\/select-luxury.travel\/en\/wp-json\/wp\/v2\/pages\/36538\/revisions"}],"predecessor-version":[{"id":69342,"href":"https:\/\/select-luxury.travel\/en\/wp-json\/wp\/v2\/pages\/36538\/revisions\/69342"}],"up":[{"embeddable":true,"href":"https:\/\/select-luxury.travel\/en\/wp-json\/wp\/v2\/pages\/514"}],"wp:attachment":[{"href":"https:\/\/select-luxury.travel\/en\/wp-json\/wp\/v2\/media?parent=36538"}],"wp:term":[{"taxonomy":"category","embeddable":true,"href":"https:\/\/select-luxury.travel\/en\/wp-json\/wp\/v2\/categories?post=36538"},{"taxonomy":"post_tag","embeddable":true,"href":"https:\/\/select-luxury.travel\/en\/wp-json\/wp\/v2\/tags?post=36538"}],"curies":[{"name":"wp","href":"https:\/\/api.w.org\/{rel}","templated":true}]}}