{"id":36489,"date":"2022-10-10T11:39:26","date_gmt":"2022-10-10T09:39:26","guid":{"rendered":"https:\/\/select-luxury.travel\/?page_id=36489"},"modified":"2026-03-13T15:37:26","modified_gmt":"2026-03-13T14:37:26","slug":"5%e2%98%85-kempinski-hotel-soma-bay","status":"publish","type":"page","link":"https:\/\/select-luxury.travel\/en\/selections\/private\/5%e2%98%85-kempinski-hotel-soma-bay","title":{"rendered":"5\u2605 Kempinski Hotel Soma Bay"},"content":{"rendered":"<p><span class=\"text-braun\">European luxury on the Red Sea<\/span><\/p>\n<p>The large Moorish-style complex of truly royal proportions impresses with Egyptian hospitality and European flair - a picturesque place for a relaxing beach holiday. Soma Bay is a peninsula only five kilometres long and two kilometres wide, so you are never far from the sea. The Red Sea is one of the most beautiful bodies of water in the world, a habitat for numerous animal and plant species. Colourful corals thrive directly on the house reef in the warm water, inhabited by exotic fish, moray eels and rays: A paradise for divers and snorkellers. You will stay in lovingly designed rooms and suites and have a choice of six different restaurants and bars. When it comes to wellness, there is a jacuzzi, sauna, steam bath and four treatment rooms for soothing massages.<\/p>","protected":false},"excerpt":{"rendered":"<p>Europ\u00e4ischer Luxus am Roten Meer Die gro\u00dfe Anlage im maurischen Stil von wahrhaft k\u00f6niglichem Ausma\u00df \u00fcberzeugt mit \u00e4gyptischer Gastfreundschaft und europ\u00e4ischem Flair \u2013 ein malerischer Ort f\u00fcr einen erholsamen Strandurlaub. Soma Bay ist eine nur f\u00fcnf Kilometer lange, zwei Kilometer breite Halbinsel, so sind Sie nie weit vom Meer entfernt. Das Rote Meer ist eines [&hellip;]<\/p>","protected":false},"author":4,"featured_media":0,"parent":514,"menu_order":0,"comment_status":"closed","ping_status":"closed","template":"page-reise_detail5.php","meta":{"_acf_changed":false,"inline_featured_image":false,"footnotes":""},"categories":[61,8,2],"tags":[],"class_list":["post-36489","page","type-page","status-publish","hentry","category-luxuryhotels","category-reisen","category-unkategorisiert"],"acf":[],"_links":{"self":[{"href":"https:\/\/select-luxury.travel\/en\/wp-json\/wp\/v2\/pages\/36489","targetHints":{"allow":["GET"]}}],"collection":[{"href":"https:\/\/select-luxury.travel\/en\/wp-json\/wp\/v2\/pages"}],"about":[{"href":"https:\/\/select-luxury.travel\/en\/wp-json\/wp\/v2\/types\/page"}],"author":[{"embeddable":true,"href":"https:\/\/select-luxury.travel\/en\/wp-json\/wp\/v2\/users\/4"}],"replies":[{"embeddable":true,"href":"https:\/\/select-luxury.travel\/en\/wp-json\/wp\/v2\/comments?post=36489"}],"version-history":[{"count":18,"href":"https:\/\/select-luxury.travel\/en\/wp-json\/wp\/v2\/pages\/36489\/revisions"}],"predecessor-version":[{"id":69343,"href":"https:\/\/select-luxury.travel\/en\/wp-json\/wp\/v2\/pages\/36489\/revisions\/69343"}],"up":[{"embeddable":true,"href":"https:\/\/select-luxury.travel\/en\/wp-json\/wp\/v2\/pages\/514"}],"wp:attachment":[{"href":"https:\/\/select-luxury.travel\/en\/wp-json\/wp\/v2\/media?parent=36489"}],"wp:term":[{"taxonomy":"category","embeddable":true,"href":"https:\/\/select-luxury.travel\/en\/wp-json\/wp\/v2\/categories?post=36489"},{"taxonomy":"post_tag","embeddable":true,"href":"https:\/\/select-luxury.travel\/en\/wp-json\/wp\/v2\/tags?post=36489"}],"curies":[{"name":"wp","href":"https:\/\/api.w.org\/{rel}","templated":true}]}}