{"id":36191,"date":"2023-03-22T10:41:24","date_gmt":"2023-03-22T09:41:24","guid":{"rendered":"https:\/\/select-luxury.travel\/?page_id=36191"},"modified":"2026-02-02T15:54:39","modified_gmt":"2026-02-02T14:54:39","slug":"english-legends-aston-martin-the-beatles","status":"publish","type":"page","link":"https:\/\/select-luxury.travel\/en\/englische-legenden-aston-martin-the-beatles","title":{"rendered":"Self-drive tour in an Aston Martin: English legends The Beatles &amp; Aston Martin"},"content":{"rendered":"<p><span class=\"text-braun\">Round trip in an Aston Martin hire car with luxury hotels and excursions<\/span><\/p>\n<p>The United Kingdom comprises England, Scotland, Wales and Northern Ireland. England is the home of Shakespeare and the Beatles. The capital, London, is trendier than ever and a major financial and cultural centre. England is also home to centuries-old university cities such as Oxford and Cambridge and the harbour city of Cardiff on the south coast of Wales, where the River Taff flows into the Severn Estuary. It was declared the capital in 1955. The revitalised harbour district on Cardiff Bay is home to the Wales Millennium Centre, the home of the Welsh National Opera, the BBC National Orchestra of Wales, the Hijinx Theatre and the National Dance Company Wales. There are various shops on Mermaid Quay. Liverpool was an important trading and shipping harbour from which many emigrants departed and home to the Beatles.<\/p>","protected":false},"excerpt":{"rendered":"<p>Mietwagenrundreise im Aston Martin mit Luxushotels und Ausfl\u00fcgen Das Vereinigte K\u00f6nigreich umfasst England, Schottland, Wales und Nordirland. England ist die Heimat von Shakespeare und den Beatles. Die Hauptstadt London ist angesagt wie nie und bedeutendes Finanz- und Kulturzentrum. Dar\u00fcber hinaus finden sich in England die jahrhundertealten Universit\u00e4tsst\u00e4dte wie Oxford und Cambridge, die Hafenstadt Cardiff an [&hellip;]<\/p>\n","protected":false},"author":4,"featured_media":0,"parent":0,"menu_order":0,"comment_status":"closed","ping_status":"closed","template":"page-reise_detail.php","meta":{"_acf_changed":false,"inline_featured_image":false,"footnotes":""},"categories":[9,8,2],"tags":[],"class_list":["post-36191","page","type-page","status-publish","hentry","category-private-selections","category-reisen","category-unkategorisiert"],"acf":[],"_links":{"self":[{"href":"https:\/\/select-luxury.travel\/en\/wp-json\/wp\/v2\/pages\/36191","targetHints":{"allow":["GET"]}}],"collection":[{"href":"https:\/\/select-luxury.travel\/en\/wp-json\/wp\/v2\/pages"}],"about":[{"href":"https:\/\/select-luxury.travel\/en\/wp-json\/wp\/v2\/types\/page"}],"author":[{"embeddable":true,"href":"https:\/\/select-luxury.travel\/en\/wp-json\/wp\/v2\/users\/4"}],"replies":[{"embeddable":true,"href":"https:\/\/select-luxury.travel\/en\/wp-json\/wp\/v2\/comments?post=36191"}],"version-history":[{"count":34,"href":"https:\/\/select-luxury.travel\/en\/wp-json\/wp\/v2\/pages\/36191\/revisions"}],"predecessor-version":[{"id":68461,"href":"https:\/\/select-luxury.travel\/en\/wp-json\/wp\/v2\/pages\/36191\/revisions\/68461"}],"wp:attachment":[{"href":"https:\/\/select-luxury.travel\/en\/wp-json\/wp\/v2\/media?parent=36191"}],"wp:term":[{"taxonomy":"category","embeddable":true,"href":"https:\/\/select-luxury.travel\/en\/wp-json\/wp\/v2\/categories?post=36191"},{"taxonomy":"post_tag","embeddable":true,"href":"https:\/\/select-luxury.travel\/en\/wp-json\/wp\/v2\/tags?post=36191"}],"curies":[{"name":"wp","href":"https:\/\/api.w.org\/{rel}","templated":true}]}}