{"id":35267,"date":"2023-09-07T12:23:09","date_gmt":"2023-09-07T10:23:09","guid":{"rendered":"https:\/\/select-luxury.travel\/?page_id=35267"},"modified":"2026-01-12T13:32:21","modified_gmt":"2026-01-12T12:32:21","slug":"music-cruise-with-steinway-spain-sea-cloud-ii","status":"publish","type":"page","link":"https:\/\/select-luxury.travel\/en\/selections\/cruise\/music-cruise-with-steinway-spain-sea-cloud-ii","title":{"rendered":"Music cruise with Steinway: Spain - SEA CLOUD II"},"content":{"rendered":"<p><span class=\"text-braun\">THE BEST OF BOTH WORLDS: A UNIQUE SAILING EXPERIENCE AND MAXIMUM MUSICAL ENJOYMENT <\/span><\/p>\n<p>Once a year, the lounges of the SEA CLOUDs become a concert hall for well-known artists and up-and-coming young talents from the Steinway Artist family. A very special music festival awaits you again this autumn. Enjoy the sea view from the amphitheatre in Tarragona and experience the city's Roman heritage up close.<br \/>\nStroll, look and shop in Palma de Mallorca between the cathedral and the royal palace and stroll through the eras in charming Cartagena.<\/p>","protected":false},"excerpt":{"rendered":"<p>DAS BESTE AUS ZWEI WELTEN: EINZIGARTIGES SEGELERLEBNIS UND H\u00d6CHSTER MUSIKGENUSS Einmal im Jahr werden die Lounges der SEA CLOUDs zum Konzertsaal f\u00fcr bekannte K\u00fcnstler und aufstrebende Nachwuchstalente aus der Steinway Artist Familie. Auch in diesem Herbst erwartet Sie wieder ein Musikfestival der besonderen Art. Genie\u00dfen Sie den Meerblick vom Amphitheater in Tarragona aus und erleben [&hellip;]<\/p>","protected":false},"author":4,"featured_media":0,"parent":627,"menu_order":3,"comment_status":"closed","ping_status":"closed","template":"page-reise_detail.php","meta":{"_acf_changed":false,"inline_featured_image":false,"footnotes":""},"categories":[54,11,8],"tags":[],"class_list":["post-35267","page","type-page","status-publish","hentry","category-alleinige-kreuzfahrt","category-cruise-selections","category-reisen"],"acf":[],"_links":{"self":[{"href":"https:\/\/select-luxury.travel\/en\/wp-json\/wp\/v2\/pages\/35267","targetHints":{"allow":["GET"]}}],"collection":[{"href":"https:\/\/select-luxury.travel\/en\/wp-json\/wp\/v2\/pages"}],"about":[{"href":"https:\/\/select-luxury.travel\/en\/wp-json\/wp\/v2\/types\/page"}],"author":[{"embeddable":true,"href":"https:\/\/select-luxury.travel\/en\/wp-json\/wp\/v2\/users\/4"}],"replies":[{"embeddable":true,"href":"https:\/\/select-luxury.travel\/en\/wp-json\/wp\/v2\/comments?post=35267"}],"version-history":[{"count":30,"href":"https:\/\/select-luxury.travel\/en\/wp-json\/wp\/v2\/pages\/35267\/revisions"}],"predecessor-version":[{"id":68410,"href":"https:\/\/select-luxury.travel\/en\/wp-json\/wp\/v2\/pages\/35267\/revisions\/68410"}],"up":[{"embeddable":true,"href":"https:\/\/select-luxury.travel\/en\/wp-json\/wp\/v2\/pages\/627"}],"wp:attachment":[{"href":"https:\/\/select-luxury.travel\/en\/wp-json\/wp\/v2\/media?parent=35267"}],"wp:term":[{"taxonomy":"category","embeddable":true,"href":"https:\/\/select-luxury.travel\/en\/wp-json\/wp\/v2\/categories?post=35267"},{"taxonomy":"post_tag","embeddable":true,"href":"https:\/\/select-luxury.travel\/en\/wp-json\/wp\/v2\/tags?post=35267"}],"curies":[{"name":"wp","href":"https:\/\/api.w.org\/{rel}","templated":true}]}}