{"id":34962,"date":"2022-01-31T13:37:44","date_gmt":"2022-01-31T12:37:44","guid":{"rendered":"https:\/\/select-luxury.travel\/?page_id=34962"},"modified":"2026-03-13T15:53:01","modified_gmt":"2026-03-13T14:53:01","slug":"white-desert-antartica-whichaway-camp","status":"publish","type":"page","link":"https:\/\/select-luxury.travel\/en\/selections\/private\/white-desert-antartica-whichaway-camp","title":{"rendered":"5\u2605 White Desert Antartica, Whichaway Camp"},"content":{"rendered":"<p>Antarctic luxury camp: White Desert Antartica, Whichaway Camp<\/p>\n<p>After more than two decades of exploration, it is still impressive to take our guests to the heart of the most remote continent on earth. Antarctica can't help but have the most powerful effect on you. It's not just the surreal beauty or the unimaginably vast landscapes, but also the reunion with nature in its most pristine form. You feel humble and fragile, but at the same time empowered and deeply connected to our planet. The luxurious camp only accepts small groups to give them the space they need to explore. From emperor penguins to the geographic South Pole, from dazzling ice tunnels to the endless high polar plateau - this is your new temporary home in Antarctica. And we can hardly wait to share it with you....<\/p>","protected":false},"excerpt":{"rendered":"<p>Antarktis Luxuscamp: White Desert Antartica, Whichaway Camp Nach mehr als zwei Jahrzehnten der Erforschung ist es immer noch beeindruckend, unsere G\u00e4ste in das Herz des entlegensten Kontinents der Erde zu bringen. Die Antarktis kann nicht anders, als die st\u00e4rkste Wirkung auf Sie zu haben. Es ist nicht nur die surreale Sch\u00f6nheit oder die unvorstellbar gro\u00dfen [&hellip;]<\/p>","protected":false},"author":4,"featured_media":0,"parent":514,"menu_order":0,"comment_status":"closed","ping_status":"closed","template":"page-reise_detail.php","meta":{"_acf_changed":false,"inline_featured_image":false,"footnotes":""},"categories":[62,61,9,8,2],"tags":[],"class_list":["post-34962","page","type-page","status-publish","hentry","category-extraordinaryhotels","category-luxuryhotels","category-private-selections","category-reisen","category-unkategorisiert"],"acf":[],"_links":{"self":[{"href":"https:\/\/select-luxury.travel\/en\/wp-json\/wp\/v2\/pages\/34962","targetHints":{"allow":["GET"]}}],"collection":[{"href":"https:\/\/select-luxury.travel\/en\/wp-json\/wp\/v2\/pages"}],"about":[{"href":"https:\/\/select-luxury.travel\/en\/wp-json\/wp\/v2\/types\/page"}],"author":[{"embeddable":true,"href":"https:\/\/select-luxury.travel\/en\/wp-json\/wp\/v2\/users\/4"}],"replies":[{"embeddable":true,"href":"https:\/\/select-luxury.travel\/en\/wp-json\/wp\/v2\/comments?post=34962"}],"version-history":[{"count":23,"href":"https:\/\/select-luxury.travel\/en\/wp-json\/wp\/v2\/pages\/34962\/revisions"}],"predecessor-version":[{"id":69355,"href":"https:\/\/select-luxury.travel\/en\/wp-json\/wp\/v2\/pages\/34962\/revisions\/69355"}],"up":[{"embeddable":true,"href":"https:\/\/select-luxury.travel\/en\/wp-json\/wp\/v2\/pages\/514"}],"wp:attachment":[{"href":"https:\/\/select-luxury.travel\/en\/wp-json\/wp\/v2\/media?parent=34962"}],"wp:term":[{"taxonomy":"category","embeddable":true,"href":"https:\/\/select-luxury.travel\/en\/wp-json\/wp\/v2\/categories?post=34962"},{"taxonomy":"post_tag","embeddable":true,"href":"https:\/\/select-luxury.travel\/en\/wp-json\/wp\/v2\/tags?post=34962"}],"curies":[{"name":"wp","href":"https:\/\/api.w.org\/{rel}","templated":true}]}}