{"id":34789,"date":"2022-01-28T13:35:08","date_gmt":"2022-01-28T12:35:08","guid":{"rendered":"https:\/\/select-luxury.travel\/?page_id=34789"},"modified":"2026-03-13T15:56:50","modified_gmt":"2026-03-13T14:56:50","slug":"sabyinyo-silverback-lodge-governors-camp-collection-volcanoes-national-park","status":"publish","type":"page","link":"https:\/\/select-luxury.travel\/en\/selections\/private\/sabyinyo-silverback-lodge-governors-camp-collection-volcanoes-national-park","title":{"rendered":"5\u2605 Sabyinyo Silverback Lodge, Volcanoes National Park"},"content":{"rendered":"<p><span class=\"text-braun\">Mountain gorillas: a once-in-a-lifetime experience in a class of its own<\/span><\/p>\n<p>You breathe in the cool, damp morning air. The early morning mist slowly lifts. Your gaze sweeps over the lush green of the rainforest. Suddenly you spot him on a hill: a mighty mountain gorilla. The imposing silverback stares at you unblinkingly. Face to face with it, you stand in awe - and get goose bumps. An indescribable moment that only Rwanda can offer you. The \"land of a thousand hills\" in the heart of the African continent has a mild tropical climate with a unique diversity of flora and fauna due to its high altitude. This abundance guarantees you a series of impressive encounters - not only in the forests of the Virunga volcanoes, where the mountain gorillas live. In the dense tropical high mountain cloud forest of Nyungwe National Park, you will also feel the irrepressible power of nature: chimpanzees swing noisily from branch to branch and populate the fragrant vegetation together with numerous other primate species. Colourful birds chirp their exotic melodies, while slender antelopes move gracefully through the lush jungle. Rwanda is an incomparably intense experience that will appeal to all your senses.<\/p>","protected":false},"excerpt":{"rendered":"<p>Berggorillas: ein Once-in-a-lifetime-Erlebnis der Extraklasse Sie atmen die feucht-k\u00fchle Morgenluft. Langsam lichtet sich der Fr\u00fchnebel. Ihr Blick streift \u00fcber das satte Gr\u00fcn des Regenwalds. Pl\u00f6tzlich entdecken Sie ihn auf einem H\u00fcgel: ein m\u00e4chtiger Berggorilla. Der imposante Silberr\u00fccken blickt Sie unumwunden an. Auge in Auge mit ihm verharren Sie voller Ehrfurcht \u2013 und bekommen G\u00e4nsehaut. Ein [&hellip;]<\/p>\n","protected":false},"author":4,"featured_media":0,"parent":514,"menu_order":0,"comment_status":"closed","ping_status":"closed","template":"page-reise_detail.php","meta":{"_acf_changed":false,"inline_featured_image":false,"footnotes":""},"categories":[9,8,2],"tags":[],"class_list":["post-34789","page","type-page","status-publish","hentry","category-private-selections","category-reisen","category-unkategorisiert"],"acf":[],"_links":{"self":[{"href":"https:\/\/select-luxury.travel\/en\/wp-json\/wp\/v2\/pages\/34789","targetHints":{"allow":["GET"]}}],"collection":[{"href":"https:\/\/select-luxury.travel\/en\/wp-json\/wp\/v2\/pages"}],"about":[{"href":"https:\/\/select-luxury.travel\/en\/wp-json\/wp\/v2\/types\/page"}],"author":[{"embeddable":true,"href":"https:\/\/select-luxury.travel\/en\/wp-json\/wp\/v2\/users\/4"}],"replies":[{"embeddable":true,"href":"https:\/\/select-luxury.travel\/en\/wp-json\/wp\/v2\/comments?post=34789"}],"version-history":[{"count":30,"href":"https:\/\/select-luxury.travel\/en\/wp-json\/wp\/v2\/pages\/34789\/revisions"}],"predecessor-version":[{"id":69357,"href":"https:\/\/select-luxury.travel\/en\/wp-json\/wp\/v2\/pages\/34789\/revisions\/69357"}],"up":[{"embeddable":true,"href":"https:\/\/select-luxury.travel\/en\/wp-json\/wp\/v2\/pages\/514"}],"wp:attachment":[{"href":"https:\/\/select-luxury.travel\/en\/wp-json\/wp\/v2\/media?parent=34789"}],"wp:term":[{"taxonomy":"category","embeddable":true,"href":"https:\/\/select-luxury.travel\/en\/wp-json\/wp\/v2\/categories?post=34789"},{"taxonomy":"post_tag","embeddable":true,"href":"https:\/\/select-luxury.travel\/en\/wp-json\/wp\/v2\/tags?post=34789"}],"curies":[{"name":"wp","href":"https:\/\/api.w.org\/{rel}","templated":true}]}}