{"id":34725,"date":"2022-01-28T11:36:17","date_gmt":"2022-01-28T10:36:17","guid":{"rendered":"https:\/\/select-luxury.travel\/?page_id=34725"},"modified":"2026-03-13T15:58:38","modified_gmt":"2026-03-13T14:58:38","slug":"5%e2%98%85-one-only-nyungwe-house-nyungwe-national-parks","status":"publish","type":"page","link":"https:\/\/select-luxury.travel\/en\/selections\/private\/5%e2%98%85-one-only-nyungwe-house-nyungwe-national-parks","title":{"rendered":"5\u2605 One&amp;Only Nyungwe House, Nyungwe National Parks"},"content":{"rendered":"<p><span class=\"text-braun\">Chimpanzee trekking: a once-in-a-lifetime experience in a class of its own<\/span><\/p>\n<p>They can still be found here: chimpanzees in family populations with good observation opportunities. In the dense tropical high mountain cloud forest of Nyungwe National Park, you can feel the unbridled power of nature: chimpanzees swing loudly from branch to branch and populate the fragrant vegetation together with numerous other primate species. Colourful birds chirp their exotic melodies, while slender antelopes move gracefully through the lush jungle. Together with the close-up observations of the mountain gorillas in the Volcanoes National Park, Rwanda offers an incomparably intense experience that engages all your senses.<\/p>","protected":false},"excerpt":{"rendered":"<p>Schimpansen Trekking: ein Once-in-a-lifetime-Erlebnis der Extraklasse Hier gibt es sie noch: Shimpansen ins Familienbest\u00e4nden mit guten Beobachtungschancen. Im dichten tropischen Hochgebirgsnebelwald des Nyungwe-Nationalparks sp\u00fcren Sie die unb\u00e4ndige Kraft der Natur: Schimpansen schwingen sich lautstark von Ast zu Ast und bev\u00f6lkern gemeinsam mit zahlreichen anderen Primatenarten die duftende Vegetation. Dazu zwitschern farbenfrohe V\u00f6gel ihre exotischen Melodien, [&hellip;]<\/p>","protected":false},"author":4,"featured_media":0,"parent":514,"menu_order":0,"comment_status":"closed","ping_status":"closed","template":"page-reise_detail.php","meta":{"_acf_changed":false,"inline_featured_image":false,"footnotes":""},"categories":[9,8,2],"tags":[],"class_list":["post-34725","page","type-page","status-publish","hentry","category-private-selections","category-reisen","category-unkategorisiert"],"acf":[],"_links":{"self":[{"href":"https:\/\/select-luxury.travel\/en\/wp-json\/wp\/v2\/pages\/34725","targetHints":{"allow":["GET"]}}],"collection":[{"href":"https:\/\/select-luxury.travel\/en\/wp-json\/wp\/v2\/pages"}],"about":[{"href":"https:\/\/select-luxury.travel\/en\/wp-json\/wp\/v2\/types\/page"}],"author":[{"embeddable":true,"href":"https:\/\/select-luxury.travel\/en\/wp-json\/wp\/v2\/users\/4"}],"replies":[{"embeddable":true,"href":"https:\/\/select-luxury.travel\/en\/wp-json\/wp\/v2\/comments?post=34725"}],"version-history":[{"count":21,"href":"https:\/\/select-luxury.travel\/en\/wp-json\/wp\/v2\/pages\/34725\/revisions"}],"predecessor-version":[{"id":69359,"href":"https:\/\/select-luxury.travel\/en\/wp-json\/wp\/v2\/pages\/34725\/revisions\/69359"}],"up":[{"embeddable":true,"href":"https:\/\/select-luxury.travel\/en\/wp-json\/wp\/v2\/pages\/514"}],"wp:attachment":[{"href":"https:\/\/select-luxury.travel\/en\/wp-json\/wp\/v2\/media?parent=34725"}],"wp:term":[{"taxonomy":"category","embeddable":true,"href":"https:\/\/select-luxury.travel\/en\/wp-json\/wp\/v2\/categories?post=34725"},{"taxonomy":"post_tag","embeddable":true,"href":"https:\/\/select-luxury.travel\/en\/wp-json\/wp\/v2\/tags?post=34725"}],"curies":[{"name":"wp","href":"https:\/\/api.w.org\/{rel}","templated":true}]}}