{"id":34527,"date":"2022-01-27T12:28:42","date_gmt":"2022-01-27T11:28:42","guid":{"rendered":"https:\/\/select-luxury.travel\/?page_id=34527"},"modified":"2026-03-16T11:03:50","modified_gmt":"2026-03-16T10:03:50","slug":"5%e2%98%85-reids-palace-a-belmond-hotel-madeira","status":"publish","type":"page","link":"https:\/\/select-luxury.travel\/en\/selections\/island-selections\/5%e2%98%85-reids-palace-a-belmond-hotel-madeira","title":{"rendered":"5\u2605 Reid's Palace, A Belmond Hotel, Madeira"},"content":{"rendered":"<p><span class=\"text-braun\">On a cliff overlooking the sea, in the middle of a magnificent garden, this luxury retreat guarantees heavenly days on the garden island.<\/span><\/p>\n<p>The lush green island of Madeira is a year-round holiday destination with a spring-like climate. Towering mountains and tropical forests, a rugged coastline and extraordinary floral splendour characterise the landscape. Madeira is not a destination for a classic beach holiday, so the island focuses all the more on individuality and atmosphere.<br \/>\nSurrounded by lush subtropical gardens, Reid's Palace towers over the picturesque harbour of Funchal. The art of pampering has been perfected over 130 years. Look forward to breathtaking panoramic views, innovative cuisine and the outstanding service of a bygone era - you may not want to leave.<\/p>","protected":false},"excerpt":{"rendered":"<p>Auf einer Klippe \u00fcber dem Meer, inmitten eines herrlichen Gartens garantiert dieses Luxus-Refugium himmlische Tage auf der Garteninsel. Die saftig-gr\u00fcne Insel Madeira ist bei stets fr\u00fchlingshaftem Klima ein ganzj\u00e4hrig lockendes Reiseziel. Hochaufragende Berge und tropische W\u00e4lder, eine schroffe K\u00fcste und au\u00dfergew\u00f6hnliche Bl\u00fctenpracht pr\u00e4gen die Landschaft. Madeira ist kein Reiseziel f\u00fcr einen klassischen Strandurlaub, umso mehr [&hellip;]<\/p>\n","protected":false},"author":4,"featured_media":0,"parent":3048,"menu_order":0,"comment_status":"closed","ping_status":"closed","template":"page-reise_detail5.php","meta":{"_acf_changed":false,"inline_featured_image":false,"footnotes":""},"categories":[12,8,2],"tags":[],"class_list":["post-34527","page","type-page","status-publish","hentry","category-island-selections","category-reisen","category-unkategorisiert"],"acf":[],"_links":{"self":[{"href":"https:\/\/select-luxury.travel\/en\/wp-json\/wp\/v2\/pages\/34527","targetHints":{"allow":["GET"]}}],"collection":[{"href":"https:\/\/select-luxury.travel\/en\/wp-json\/wp\/v2\/pages"}],"about":[{"href":"https:\/\/select-luxury.travel\/en\/wp-json\/wp\/v2\/types\/page"}],"author":[{"embeddable":true,"href":"https:\/\/select-luxury.travel\/en\/wp-json\/wp\/v2\/users\/4"}],"replies":[{"embeddable":true,"href":"https:\/\/select-luxury.travel\/en\/wp-json\/wp\/v2\/comments?post=34527"}],"version-history":[{"count":27,"href":"https:\/\/select-luxury.travel\/en\/wp-json\/wp\/v2\/pages\/34527\/revisions"}],"predecessor-version":[{"id":69477,"href":"https:\/\/select-luxury.travel\/en\/wp-json\/wp\/v2\/pages\/34527\/revisions\/69477"}],"up":[{"embeddable":true,"href":"https:\/\/select-luxury.travel\/en\/wp-json\/wp\/v2\/pages\/3048"}],"wp:attachment":[{"href":"https:\/\/select-luxury.travel\/en\/wp-json\/wp\/v2\/media?parent=34527"}],"wp:term":[{"taxonomy":"category","embeddable":true,"href":"https:\/\/select-luxury.travel\/en\/wp-json\/wp\/v2\/categories?post=34527"},{"taxonomy":"post_tag","embeddable":true,"href":"https:\/\/select-luxury.travel\/en\/wp-json\/wp\/v2\/tags?post=34527"}],"curies":[{"name":"wp","href":"https:\/\/api.w.org\/{rel}","templated":true}]}}