{"id":34369,"date":"2022-01-26T13:25:34","date_gmt":"2022-01-26T12:25:34","guid":{"rendered":"https:\/\/select-luxury.travel\/?page_id=34369"},"modified":"2025-01-30T14:39:33","modified_gmt":"2025-01-30T13:39:33","slug":"45%e2%98%85-bora-bora-pearl-beach-resort-spa","status":"publish","type":"page","link":"https:\/\/select-luxury.travel\/en\/selections\/island-selections\/45%e2%98%85-bora-bora-pearl-beach-resort-spa","title":{"rendered":"4.5\u2605 Bora Bora Pearl Beach Resort &amp; Spa"},"content":{"rendered":"<p><span class=\"text-braun\">A place where the South Seas unfold all their magic<\/span><br \/>\nOn one of the most beautiful islands in the world, surrounded by the turquoise blue expanse of the Pacific, the 4.5-star Bora Bora Pearl Beach Resort &amp; Spa is an oasis of elegance and originality. Located directly on the white sandy beach of Motu Tevairoa, this dreamlike resort offers an authentic Polynesian atmosphere that harmoniously combines tradition and modern comfort. With views of the majestic silhouette of Mount Otemanu, gently rustling palm trees and crystal-clear water, the scenery here is unrivalled.<\/p>","protected":false},"excerpt":{"rendered":"<p>Ein Ort, an dem die S\u00fcdsee ihre ganze Magie entfaltet Auf einer der sch\u00f6nsten Inseln der Welt, umgeben von der t\u00fcrkisblauen Weite des Pazifiks, erhebt sich das 4,5-Sterne Bora Bora Pearl Beach Resort &#038; Spa als eine Oase der Eleganz und Urspr\u00fcnglichkeit. Direkt am wei\u00dfen Sandstrand von Motu Tevairoa gelegen, bietet dieses traumhafte Resort eine [&hellip;]<\/p>\n","protected":false},"author":4,"featured_media":0,"parent":3048,"menu_order":0,"comment_status":"closed","ping_status":"closed","template":"page-reise_detail5.php","meta":{"_acf_changed":false,"inline_featured_image":false,"footnotes":""},"categories":[12,61,8],"tags":[],"class_list":["post-34369","page","type-page","status-publish","hentry","category-island-selections","category-luxuryhotels","category-reisen"],"acf":[],"_links":{"self":[{"href":"https:\/\/select-luxury.travel\/en\/wp-json\/wp\/v2\/pages\/34369","targetHints":{"allow":["GET"]}}],"collection":[{"href":"https:\/\/select-luxury.travel\/en\/wp-json\/wp\/v2\/pages"}],"about":[{"href":"https:\/\/select-luxury.travel\/en\/wp-json\/wp\/v2\/types\/page"}],"author":[{"embeddable":true,"href":"https:\/\/select-luxury.travel\/en\/wp-json\/wp\/v2\/users\/4"}],"replies":[{"embeddable":true,"href":"https:\/\/select-luxury.travel\/en\/wp-json\/wp\/v2\/comments?post=34369"}],"version-history":[{"count":24,"href":"https:\/\/select-luxury.travel\/en\/wp-json\/wp\/v2\/pages\/34369\/revisions"}],"predecessor-version":[{"id":64919,"href":"https:\/\/select-luxury.travel\/en\/wp-json\/wp\/v2\/pages\/34369\/revisions\/64919"}],"up":[{"embeddable":true,"href":"https:\/\/select-luxury.travel\/en\/wp-json\/wp\/v2\/pages\/3048"}],"wp:attachment":[{"href":"https:\/\/select-luxury.travel\/en\/wp-json\/wp\/v2\/media?parent=34369"}],"wp:term":[{"taxonomy":"category","embeddable":true,"href":"https:\/\/select-luxury.travel\/en\/wp-json\/wp\/v2\/categories?post=34369"},{"taxonomy":"post_tag","embeddable":true,"href":"https:\/\/select-luxury.travel\/en\/wp-json\/wp\/v2\/tags?post=34369"}],"curies":[{"name":"wp","href":"https:\/\/api.w.org\/{rel}","templated":true}]}}