{"id":34324,"date":"2022-01-26T12:20:15","date_gmt":"2022-01-26T11:20:15","guid":{"rendered":"https:\/\/select-luxury.travel\/?page_id=34324"},"modified":"2025-01-31T10:40:57","modified_gmt":"2025-01-31T09:40:57","slug":"5%e2%98%85-intercontinental-bora-bora-resort-thalasso-spa","status":"publish","type":"page","link":"https:\/\/select-luxury.travel\/en\/selections\/island-selections\/5%e2%98%85-intercontinental-bora-bora-resort-thalasso-spa","title":{"rendered":"5\u2605 InterContinental Bora Bora Resort Thalasso Spa"},"content":{"rendered":"<p><span class=\"text-braun\">A home above the water - where exclusivity and nature meet<\/span><br \/>\nThe InterContinental Bora Bora Resort &amp; Thalasso Spa rises in the middle of the sparkling lagoon of Bora Bora, the epitome of elegance and comfort, nestled between the majestic backdrop of Mount Otemanu and the endless expanse of the Pacific Ocean. This 5-star resort sets new standards in luxury by combining French sophistication with Polynesian joie de vivre. The architectural harmony of the resort is reflected in every detail - from the overwater villas built on stilts to the lush flowering gardens that gently flow into the white sandy beach.<\/p>","protected":false},"excerpt":{"rendered":"<p>Ein Zuhause \u00fcber dem Wasser \u2013 wo Exklusivit\u00e4t und Natur aufeinandertreffen Mitten in der funkelnden Lagune von Bora Bora erhebt sich das InterContinental Bora Bora Resort &#038; Thalasso Spa, ein Inbegriff von Eleganz und Komfort, eingebettet zwischen der majest\u00e4tischen Kulisse des Mount Otemanu und der unendlichen Weite des Pazifiks. Dieses 5-Sterne-Resort setzt neue Ma\u00dfst\u00e4be in [&hellip;]<\/p>\n","protected":false},"author":4,"featured_media":0,"parent":3048,"menu_order":0,"comment_status":"closed","ping_status":"closed","template":"page-reise_detail5.php","meta":{"_acf_changed":false,"inline_featured_image":false,"footnotes":""},"categories":[62,12,61,8],"tags":[],"class_list":["post-34324","page","type-page","status-publish","hentry","category-extraordinaryhotels","category-island-selections","category-luxuryhotels","category-reisen"],"acf":[],"_links":{"self":[{"href":"https:\/\/select-luxury.travel\/en\/wp-json\/wp\/v2\/pages\/34324","targetHints":{"allow":["GET"]}}],"collection":[{"href":"https:\/\/select-luxury.travel\/en\/wp-json\/wp\/v2\/pages"}],"about":[{"href":"https:\/\/select-luxury.travel\/en\/wp-json\/wp\/v2\/types\/page"}],"author":[{"embeddable":true,"href":"https:\/\/select-luxury.travel\/en\/wp-json\/wp\/v2\/users\/4"}],"replies":[{"embeddable":true,"href":"https:\/\/select-luxury.travel\/en\/wp-json\/wp\/v2\/comments?post=34324"}],"version-history":[{"count":23,"href":"https:\/\/select-luxury.travel\/en\/wp-json\/wp\/v2\/pages\/34324\/revisions"}],"predecessor-version":[{"id":64926,"href":"https:\/\/select-luxury.travel\/en\/wp-json\/wp\/v2\/pages\/34324\/revisions\/64926"}],"up":[{"embeddable":true,"href":"https:\/\/select-luxury.travel\/en\/wp-json\/wp\/v2\/pages\/3048"}],"wp:attachment":[{"href":"https:\/\/select-luxury.travel\/en\/wp-json\/wp\/v2\/media?parent=34324"}],"wp:term":[{"taxonomy":"category","embeddable":true,"href":"https:\/\/select-luxury.travel\/en\/wp-json\/wp\/v2\/categories?post=34324"},{"taxonomy":"post_tag","embeddable":true,"href":"https:\/\/select-luxury.travel\/en\/wp-json\/wp\/v2\/tags?post=34324"}],"curies":[{"name":"wp","href":"https:\/\/api.w.org\/{rel}","templated":true}]}}