{"id":34210,"date":"2022-01-25T16:04:49","date_gmt":"2022-01-25T15:04:49","guid":{"rendered":"https:\/\/select-luxury.travel\/?page_id=34210"},"modified":"2025-01-31T11:17:01","modified_gmt":"2025-01-31T10:17:01","slug":"5%e2%98%85-four-seasons-resort-bora-bora","status":"publish","type":"page","link":"https:\/\/select-luxury.travel\/en\/selections\/island-selections\/5%e2%98%85-four-seasons-resort-bora-bora","title":{"rendered":"5\u2605 Four Seasons Resort Bora Bora"},"content":{"rendered":"<p><span class=\"text-braun\">A place beyond time<\/span><br \/>\nNestled in the turquoise blue expanse of the South Pacific, the Four Seasons Resort Bora Bora is the epitome of elegance and exclusivity. In the middle of an emerald green lagoon, surrounded by the sublime silhouette of Mount Otemanu, this luxurious resort combines Polynesian craftsmanship with modern comfort at the highest level. The overwater bungalows and beach villas are artfully designed with traditional materials, while state-of-the-art amenities provide an unrivalled living experience. A private, powder-white sandy beach, a biodiverse underwater world and exquisite culinary offerings make the resort an unrivalled destination for discerning travellers.<\/p>","protected":false},"excerpt":{"rendered":"<p>Ein Ort jenseits der Zeit Eingebettet in die t\u00fcrkisblauen Weiten des S\u00fcdpazifiks erhebt sich das Four Seasons Resort Bora Bora als ein Inbegriff vollendeter Eleganz und Exklusivit\u00e4t. Inmitten einer smaragdgr\u00fcnen Lagune, umgeben von der erhabenen Silhouette des Mount Otemanu, vereint dieses luxuri\u00f6se Resort polynesische Handwerkskunst mit modernem Komfort auf h\u00f6chstem Niveau. Die Overwater-Bungalows und Strandvillen [&hellip;]<\/p>","protected":false},"author":4,"featured_media":0,"parent":3048,"menu_order":0,"comment_status":"closed","ping_status":"closed","template":"page-reise_detail5.php","meta":{"_acf_changed":false,"inline_featured_image":false,"footnotes":""},"categories":[12,8,2],"tags":[],"class_list":["post-34210","page","type-page","status-publish","hentry","category-island-selections","category-reisen","category-unkategorisiert"],"acf":[],"_links":{"self":[{"href":"https:\/\/select-luxury.travel\/en\/wp-json\/wp\/v2\/pages\/34210","targetHints":{"allow":["GET"]}}],"collection":[{"href":"https:\/\/select-luxury.travel\/en\/wp-json\/wp\/v2\/pages"}],"about":[{"href":"https:\/\/select-luxury.travel\/en\/wp-json\/wp\/v2\/types\/page"}],"author":[{"embeddable":true,"href":"https:\/\/select-luxury.travel\/en\/wp-json\/wp\/v2\/users\/4"}],"replies":[{"embeddable":true,"href":"https:\/\/select-luxury.travel\/en\/wp-json\/wp\/v2\/comments?post=34210"}],"version-history":[{"count":23,"href":"https:\/\/select-luxury.travel\/en\/wp-json\/wp\/v2\/pages\/34210\/revisions"}],"predecessor-version":[{"id":64967,"href":"https:\/\/select-luxury.travel\/en\/wp-json\/wp\/v2\/pages\/34210\/revisions\/64967"}],"up":[{"embeddable":true,"href":"https:\/\/select-luxury.travel\/en\/wp-json\/wp\/v2\/pages\/3048"}],"wp:attachment":[{"href":"https:\/\/select-luxury.travel\/en\/wp-json\/wp\/v2\/media?parent=34210"}],"wp:term":[{"taxonomy":"category","embeddable":true,"href":"https:\/\/select-luxury.travel\/en\/wp-json\/wp\/v2\/categories?post=34210"},{"taxonomy":"post_tag","embeddable":true,"href":"https:\/\/select-luxury.travel\/en\/wp-json\/wp\/v2\/tags?post=34210"}],"curies":[{"name":"wp","href":"https:\/\/api.w.org\/{rel}","templated":true}]}}