{"id":34165,"date":"2022-01-25T14:41:10","date_gmt":"2022-01-25T13:41:10","guid":{"rendered":"https:\/\/select-luxury.travel\/?page_id=34165"},"modified":"2025-03-27T10:29:28","modified_gmt":"2025-03-27T09:29:28","slug":"5%e2%98%85-hilton-moorea-lagoon-resort-spa","status":"publish","type":"page","link":"https:\/\/select-luxury.travel\/en\/selections\/island-selections\/5%e2%98%85-hilton-moorea-lagoon-resort-spa","title":{"rendered":"5\u2605 Hilton Moorea Lagoon Resort &amp; Spa"},"content":{"rendered":"<p><span class=\"text-braun\">Discover the magic of Moorea<\/span><\/p>\n<p>The Hilton Moorea Lagoon Resort and Spa is a true paradise in French Polynesia, nestled between two picturesque bays and offering breathtaking views of the turquoise lagoon. Imagine waking up in an elegant bungalow over the water, with direct access to the lagoon and the only overwater restaurant in Moorea. The gentle waves lull you to sleep while you are surrounded by the beauty of nature.<\/p>\n<p>Experience luxury, adventure and relaxation in perfect harmony and let yourself be enchanted by the Polynesian hospitality at the Hilton Moorea Lagoon Resort and Spa.<\/p>","protected":false},"excerpt":{"rendered":"<p>Entdecken Sie die Magie von Moorea Das Hilton Moorea Lagoon Resort und Spa ist ein wahres Paradies in Franz\u00f6sisch-Polynesien, das zwischen zwei malerischen Buchten liegt und eine atemberaubende Aussicht auf die t\u00fcrkisfarbene Lagune bietet. Stellen Sie sich vor, wie Sie in einem eleganten Bungalow \u00fcber dem Wasser aufwachen, mit direktem Zugang zur Lagune und dem [&hellip;]<\/p>\n","protected":false},"author":4,"featured_media":0,"parent":3048,"menu_order":0,"comment_status":"closed","ping_status":"closed","template":"page-reise_detail5.php","meta":{"_acf_changed":false,"inline_featured_image":false,"footnotes":""},"categories":[12,61,8,2],"tags":[],"class_list":["post-34165","page","type-page","status-publish","hentry","category-island-selections","category-luxuryhotels","category-reisen","category-unkategorisiert"],"acf":[],"_links":{"self":[{"href":"https:\/\/select-luxury.travel\/en\/wp-json\/wp\/v2\/pages\/34165","targetHints":{"allow":["GET"]}}],"collection":[{"href":"https:\/\/select-luxury.travel\/en\/wp-json\/wp\/v2\/pages"}],"about":[{"href":"https:\/\/select-luxury.travel\/en\/wp-json\/wp\/v2\/types\/page"}],"author":[{"embeddable":true,"href":"https:\/\/select-luxury.travel\/en\/wp-json\/wp\/v2\/users\/4"}],"replies":[{"embeddable":true,"href":"https:\/\/select-luxury.travel\/en\/wp-json\/wp\/v2\/comments?post=34165"}],"version-history":[{"count":27,"href":"https:\/\/select-luxury.travel\/en\/wp-json\/wp\/v2\/pages\/34165\/revisions"}],"predecessor-version":[{"id":65341,"href":"https:\/\/select-luxury.travel\/en\/wp-json\/wp\/v2\/pages\/34165\/revisions\/65341"}],"up":[{"embeddable":true,"href":"https:\/\/select-luxury.travel\/en\/wp-json\/wp\/v2\/pages\/3048"}],"wp:attachment":[{"href":"https:\/\/select-luxury.travel\/en\/wp-json\/wp\/v2\/media?parent=34165"}],"wp:term":[{"taxonomy":"category","embeddable":true,"href":"https:\/\/select-luxury.travel\/en\/wp-json\/wp\/v2\/categories?post=34165"},{"taxonomy":"post_tag","embeddable":true,"href":"https:\/\/select-luxury.travel\/en\/wp-json\/wp\/v2\/tags?post=34165"}],"curies":[{"name":"wp","href":"https:\/\/api.w.org\/{rel}","templated":true}]}}