{"id":3409,"date":"2018-09-10T15:20:54","date_gmt":"2018-09-10T13:20:54","guid":{"rendered":"https:\/\/select-luxury.travel\/?page_id=3409"},"modified":"2025-11-24T12:08:03","modified_gmt":"2025-11-24T11:08:03","slug":"china-family-tour","status":"publish","type":"page","link":"https:\/\/select-luxury.travel\/en\/selections\/private\/china-family-tour","title":{"rendered":"China Luxury"},"content":{"rendered":"<p><span class=\"text-braun\">Time travel through old &amp; new China<\/span><\/p>\n<p>China impresses with its ancient culture, fascinating landscapes and modern mega-cities. The huge buildings tower hundreds of metres high in front of you. Dip your tips into the sea of clouds above the Chinese capital. Transform the metropolis into a sea of glitter that only modern China can offer. Don't be disturbed by the background noise of pulsating Beijing. The limestone mountains, which tower into the sky in a variety of shapes many kilometres to the south, also seem sublime and captivate your gaze. The giants stand there calmly, shining in natural light, undisturbed by the flash of your camera. A little later, the light mixes once again with the flashing lights of a metropolis. Shanghai or Hong Kong, which skyline inspires you more? We will be happy to advise you in detail about your favourite route and the atmospheric hotels in the Middle Kingdom. <\/p>","protected":false},"excerpt":{"rendered":"<p>Zeitreise durchs alte &amp; neue China China begeistert mit gro\u00dfer alter Kultur, faszinierenden Landschaften und modernen Mega-Cities. Hunderte Meter hoch t\u00fcrmen sich die riesigen Geb\u00e4ude vor Ihnen auf. Tauchen Ihre Spitzen in das Wolkenmeer \u00fcber der chinesischen Hauptstadt. Verwandeln die Metropole in ein Glitzermeer, wie es nur das moderne China zu bieten hat. Lassen sich [&hellip;]<\/p>\n","protected":false},"author":3,"featured_media":0,"parent":514,"menu_order":19,"comment_status":"closed","ping_status":"closed","template":"page-reise_detail.php","meta":{"_acf_changed":false,"inline_featured_image":false,"footnotes":""},"categories":[9,8],"tags":[],"class_list":["post-3409","page","type-page","status-publish","hentry","category-private-selections","category-reisen"],"acf":[],"_links":{"self":[{"href":"https:\/\/select-luxury.travel\/en\/wp-json\/wp\/v2\/pages\/3409","targetHints":{"allow":["GET"]}}],"collection":[{"href":"https:\/\/select-luxury.travel\/en\/wp-json\/wp\/v2\/pages"}],"about":[{"href":"https:\/\/select-luxury.travel\/en\/wp-json\/wp\/v2\/types\/page"}],"author":[{"embeddable":true,"href":"https:\/\/select-luxury.travel\/en\/wp-json\/wp\/v2\/users\/3"}],"replies":[{"embeddable":true,"href":"https:\/\/select-luxury.travel\/en\/wp-json\/wp\/v2\/comments?post=3409"}],"version-history":[{"count":31,"href":"https:\/\/select-luxury.travel\/en\/wp-json\/wp\/v2\/pages\/3409\/revisions"}],"predecessor-version":[{"id":67811,"href":"https:\/\/select-luxury.travel\/en\/wp-json\/wp\/v2\/pages\/3409\/revisions\/67811"}],"up":[{"embeddable":true,"href":"https:\/\/select-luxury.travel\/en\/wp-json\/wp\/v2\/pages\/514"}],"wp:attachment":[{"href":"https:\/\/select-luxury.travel\/en\/wp-json\/wp\/v2\/media?parent=3409"}],"wp:term":[{"taxonomy":"category","embeddable":true,"href":"https:\/\/select-luxury.travel\/en\/wp-json\/wp\/v2\/categories?post=3409"},{"taxonomy":"post_tag","embeddable":true,"href":"https:\/\/select-luxury.travel\/en\/wp-json\/wp\/v2\/tags?post=3409"}],"curies":[{"name":"wp","href":"https:\/\/api.w.org\/{rel}","templated":true}]}}