{"id":33934,"date":"2022-01-24T15:05:58","date_gmt":"2022-01-24T14:05:58","guid":{"rendered":"https:\/\/select-luxury.travel\/?page_id=33934"},"modified":"2026-03-21T14:28:59","modified_gmt":"2026-03-21T13:28:59","slug":"5%e2%98%85-7pines-resort-sardinia","status":"publish","type":"page","link":"https:\/\/select-luxury.travel\/en\/selections\/island-selections\/5%e2%98%85-7pines-resort-sardinia","title":{"rendered":"5\u2605 7Pines Resort Sardinia"},"content":{"rendered":"<p><span class=\"text-braun\">Opening in summer 2022: luxury resort on the beautiful coast of Sardinia<\/span><\/p>\n<p>A golden private beach on a turquoise sea, a tropical garden, buildings under palm trees - welcome to Baja Sardinia at the brand new 7Pines Sardinia - A Destination by Hyatt.<br \/>\nNarrow paths lead through the manicured garden to inviting rooms and suites in casual chic. In the casual Cone Club, you can dine exclusively in the warm light of the sunset. The spacious Pure Seven Spa offers relaxation at the highest level and the 7Pines yachting service enables luxurious cruises off the Sardinian coast.<\/p>","protected":false},"excerpt":{"rendered":"<p>Er\u00f6ffnung im Sommer 2022: Luxusresort an der herrlichen K\u00fcste Sardiens Ein goldgelber Privatstrand am t\u00fcrkisfarbenen Meer, ein tropischer Garten, Geb\u00e4ude unter Palmen &#8211; willkommen an der Baja Sardinia im nagelneuen 7Pines Sardinia &#8211; A Destination by Hyatt. Schmale Pfade f\u00fchren durch den gepflegten Garten zu einladenden Zimmern und Suiten im zwanglosen Chic. Im legeren Cone [&hellip;]<\/p>","protected":false},"author":4,"featured_media":0,"parent":3048,"menu_order":0,"comment_status":"closed","ping_status":"closed","template":"page-reise_detail5.php","meta":{"_acf_changed":false,"inline_featured_image":false,"footnotes":""},"categories":[12,8,2],"tags":[],"class_list":["post-33934","page","type-page","status-publish","hentry","category-island-selections","category-reisen","category-unkategorisiert"],"acf":[],"_links":{"self":[{"href":"https:\/\/select-luxury.travel\/en\/wp-json\/wp\/v2\/pages\/33934","targetHints":{"allow":["GET"]}}],"collection":[{"href":"https:\/\/select-luxury.travel\/en\/wp-json\/wp\/v2\/pages"}],"about":[{"href":"https:\/\/select-luxury.travel\/en\/wp-json\/wp\/v2\/types\/page"}],"author":[{"embeddable":true,"href":"https:\/\/select-luxury.travel\/en\/wp-json\/wp\/v2\/users\/4"}],"replies":[{"embeddable":true,"href":"https:\/\/select-luxury.travel\/en\/wp-json\/wp\/v2\/comments?post=33934"}],"version-history":[{"count":29,"href":"https:\/\/select-luxury.travel\/en\/wp-json\/wp\/v2\/pages\/33934\/revisions"}],"predecessor-version":[{"id":69529,"href":"https:\/\/select-luxury.travel\/en\/wp-json\/wp\/v2\/pages\/33934\/revisions\/69529"}],"up":[{"embeddable":true,"href":"https:\/\/select-luxury.travel\/en\/wp-json\/wp\/v2\/pages\/3048"}],"wp:attachment":[{"href":"https:\/\/select-luxury.travel\/en\/wp-json\/wp\/v2\/media?parent=33934"}],"wp:term":[{"taxonomy":"category","embeddable":true,"href":"https:\/\/select-luxury.travel\/en\/wp-json\/wp\/v2\/categories?post=33934"},{"taxonomy":"post_tag","embeddable":true,"href":"https:\/\/select-luxury.travel\/en\/wp-json\/wp\/v2\/tags?post=33934"}],"curies":[{"name":"wp","href":"https:\/\/api.w.org\/{rel}","templated":true}]}}