{"id":33857,"date":"2022-01-24T13:15:24","date_gmt":"2022-01-24T12:15:24","guid":{"rendered":"https:\/\/select-luxury.travel\/?page_id=33857"},"modified":"2025-01-31T14:52:11","modified_gmt":"2025-01-31T13:52:11","slug":"5%e2%98%85-vatuvara-private-islands-resort","status":"publish","type":"page","link":"https:\/\/select-luxury.travel\/en\/selections\/island-selections\/5%e2%98%85-vatuvara-private-islands-resort","title":{"rendered":"5\u2605 Vatuvara Private Islands Resort"},"content":{"rendered":"<p><span class=\"text-braun\">An exclusive hideaway in the middle of the South Pacific<\/span><br \/>\nThe Vatuvara Private Islands Resort is an oasis of unspoilt beauty, nestled in the turquoise expanse of the South Pacific Ocean. Situated on the remote <strong>Lau Group archipelago<\/strong> This extraordinary resort combines luxurious comfort with the incomparable magic of unspoilt nature. As one of the most exclusive resorts in the world, it is only accessible by private flight and promises absolute privacy for discerning travellers. Here, modern elegance meets an authentic South Seas atmosphere, while sustainable architecture and the harmonious embedding in the lush tropical landscape round off the overall experience.<\/p>","protected":false},"excerpt":{"rendered":"<p>Ein exklusives Hideaway inmitten des S\u00fcdpazifiks Das Vatuvara Private Islands Resort ist eine Oase der unber\u00fchrten Sch\u00f6nheit, eingebettet in die t\u00fcrkisfarbenen Weiten des s\u00fcdpazifischen Ozeans. Gelegen auf den entlegenen, zum Lau Group-Archipel geh\u00f6renden Inseln Fidschis, vereint dieses au\u00dfergew\u00f6hnliche Resort luxuri\u00f6sen Komfort mit der unvergleichlichen Magie unber\u00fchrter Natur. Als eines der exklusivsten Resorts der Welt ist [&hellip;]<\/p>\n","protected":false},"author":4,"featured_media":0,"parent":3048,"menu_order":0,"comment_status":"closed","ping_status":"closed","template":"page-reise_detail5.php","meta":{"_acf_changed":false,"inline_featured_image":false,"footnotes":""},"categories":[12,8,2],"tags":[],"class_list":["post-33857","page","type-page","status-publish","hentry","category-island-selections","category-reisen","category-unkategorisiert"],"acf":[],"_links":{"self":[{"href":"https:\/\/select-luxury.travel\/en\/wp-json\/wp\/v2\/pages\/33857","targetHints":{"allow":["GET"]}}],"collection":[{"href":"https:\/\/select-luxury.travel\/en\/wp-json\/wp\/v2\/pages"}],"about":[{"href":"https:\/\/select-luxury.travel\/en\/wp-json\/wp\/v2\/types\/page"}],"author":[{"embeddable":true,"href":"https:\/\/select-luxury.travel\/en\/wp-json\/wp\/v2\/users\/4"}],"replies":[{"embeddable":true,"href":"https:\/\/select-luxury.travel\/en\/wp-json\/wp\/v2\/comments?post=33857"}],"version-history":[{"count":15,"href":"https:\/\/select-luxury.travel\/en\/wp-json\/wp\/v2\/pages\/33857\/revisions"}],"predecessor-version":[{"id":64990,"href":"https:\/\/select-luxury.travel\/en\/wp-json\/wp\/v2\/pages\/33857\/revisions\/64990"}],"up":[{"embeddable":true,"href":"https:\/\/select-luxury.travel\/en\/wp-json\/wp\/v2\/pages\/3048"}],"wp:attachment":[{"href":"https:\/\/select-luxury.travel\/en\/wp-json\/wp\/v2\/media?parent=33857"}],"wp:term":[{"taxonomy":"category","embeddable":true,"href":"https:\/\/select-luxury.travel\/en\/wp-json\/wp\/v2\/categories?post=33857"},{"taxonomy":"post_tag","embeddable":true,"href":"https:\/\/select-luxury.travel\/en\/wp-json\/wp\/v2\/tags?post=33857"}],"curies":[{"name":"wp","href":"https:\/\/api.w.org\/{rel}","templated":true}]}}