{"id":33543,"date":"2022-01-20T13:42:13","date_gmt":"2022-01-20T12:42:13","guid":{"rendered":"https:\/\/select-luxury.travel\/?page_id=33543"},"modified":"2025-01-31T15:29:32","modified_gmt":"2025-01-31T14:29:32","slug":"6%e2%98%85-the-brando-french-polynesia","status":"publish","type":"page","link":"https:\/\/select-luxury.travel\/en\/selections\/island-selections\/6%e2%98%85-the-brando-french-polynesia","title":{"rendered":"6\u2605 The Brando, French Polynesia"},"content":{"rendered":"<p><span class=\"text-braun\">A hidden island sanctuary in the South Pacific<\/span><br \/>\nAmidst the unspoilt beauty of French Polynesia, on the breathtaking atoll of Tetiaroa, rises a place where luxury and sustainability merge in perfect harmony: The Brando. Once the personal retreat of Marlon Brando, this exclusive resort was created with a deep respect for nature and Polynesian culture. Surrounded by emerald green lagoons, gently rustling coconut palms and fine, powdery white sand, guests here experience a form of luxury that blends perfectly with nature.<\/p>","protected":false},"excerpt":{"rendered":"<p>Ein verborgenes Inselheiligtum im S\u00fcdpazifik Inmitten der unber\u00fchrten Sch\u00f6nheit Franz\u00f6sisch-Polynesiens, auf dem atemberaubenden Atoll Tetiaroa, erhebt sich ein Ort, an dem Luxus und Nachhaltigkeit in vollkommener Harmonie verschmelzen: The Brando. Einst das pers\u00f6nliche R\u00fcckzugsgebiet von Marlon Brando, wurde dieses exklusive Resort mit einem tiefen Respekt f\u00fcr die Natur und die polynesische Kultur erschaffen. Umgeben von [&hellip;]<\/p>","protected":false},"author":4,"featured_media":0,"parent":3048,"menu_order":0,"comment_status":"closed","ping_status":"closed","template":"page-reise_detail5.php","meta":{"_acf_changed":false,"inline_featured_image":false,"footnotes":""},"categories":[12,8,2],"tags":[],"class_list":["post-33543","page","type-page","status-publish","hentry","category-island-selections","category-reisen","category-unkategorisiert"],"acf":[],"_links":{"self":[{"href":"https:\/\/select-luxury.travel\/en\/wp-json\/wp\/v2\/pages\/33543","targetHints":{"allow":["GET"]}}],"collection":[{"href":"https:\/\/select-luxury.travel\/en\/wp-json\/wp\/v2\/pages"}],"about":[{"href":"https:\/\/select-luxury.travel\/en\/wp-json\/wp\/v2\/types\/page"}],"author":[{"embeddable":true,"href":"https:\/\/select-luxury.travel\/en\/wp-json\/wp\/v2\/users\/4"}],"replies":[{"embeddable":true,"href":"https:\/\/select-luxury.travel\/en\/wp-json\/wp\/v2\/comments?post=33543"}],"version-history":[{"count":26,"href":"https:\/\/select-luxury.travel\/en\/wp-json\/wp\/v2\/pages\/33543\/revisions"}],"predecessor-version":[{"id":64995,"href":"https:\/\/select-luxury.travel\/en\/wp-json\/wp\/v2\/pages\/33543\/revisions\/64995"}],"up":[{"embeddable":true,"href":"https:\/\/select-luxury.travel\/en\/wp-json\/wp\/v2\/pages\/3048"}],"wp:attachment":[{"href":"https:\/\/select-luxury.travel\/en\/wp-json\/wp\/v2\/media?parent=33543"}],"wp:term":[{"taxonomy":"category","embeddable":true,"href":"https:\/\/select-luxury.travel\/en\/wp-json\/wp\/v2\/categories?post=33543"},{"taxonomy":"post_tag","embeddable":true,"href":"https:\/\/select-luxury.travel\/en\/wp-json\/wp\/v2\/tags?post=33543"}],"curies":[{"name":"wp","href":"https:\/\/api.w.org\/{rel}","templated":true}]}}