{"id":33500,"date":"2022-01-20T11:44:36","date_gmt":"2022-01-20T10:44:36","guid":{"rendered":"https:\/\/select-luxury.travel\/?page_id=33500"},"modified":"2025-02-06T09:55:05","modified_gmt":"2025-02-06T08:55:05","slug":"5%e2%98%85-likuliku-lagoon-resort","status":"publish","type":"page","link":"https:\/\/select-luxury.travel\/en\/selections\/island-selections\/5%e2%98%85-likuliku-lagoon-resort","title":{"rendered":"5\u2605 Likuliku Lagoon Resort"},"content":{"rendered":"<p><span class=\"text-braun\">An exclusive retreat in the unspoilt beauty of Fiji<\/span><br \/>\nWith its thatched-roof bungalows stretching gently over the turquoise waters of the lagoon, Likuliku Lagoon Resort is far more than a luxury resort - it is a tribute to the unrivalled beauty of Fiji. Located on the picturesque island of Malolo, surrounded by lush hills and crystal-clear waters, this exclusive five-star resort offers adults an unrivalled ambience of tranquillity and natural beauty. The traditional Fijian architecture, paired with the most modern comforts, creates an atmosphere that combines the authentic heritage of the islanders with the highest level of luxury. Likuliku means \"calm water\" in the local language - an apt description for this place of relaxation, where the sky and sea unite in endless harmony.<\/p>","protected":false},"excerpt":{"rendered":"<p>Ein exklusiver R\u00fcckzugsort in der unber\u00fchrten Sch\u00f6nheit Fidschis Mit seinen strohgedeckten Bungalows, die sich sanft \u00fcber das t\u00fcrkisfarbene Wasser der Lagune erstrecken, ist das Likuliku Lagoon Resort weit mehr als ein luxuri\u00f6ses Resort \u2013 es ist eine Hommage an die unvergleichliche Sch\u00f6nheit Fidschis. Auf der malerischen Insel Malolo, umgeben von \u00fcppig bewachsenen H\u00fcgeln und glasklaren [&hellip;]<\/p>","protected":false},"author":4,"featured_media":0,"parent":3048,"menu_order":0,"comment_status":"closed","ping_status":"closed","template":"page-reise_detail5.php","meta":{"_acf_changed":false,"inline_featured_image":false,"footnotes":""},"categories":[12,8],"tags":[],"class_list":["post-33500","page","type-page","status-publish","hentry","category-island-selections","category-reisen"],"acf":[],"_links":{"self":[{"href":"https:\/\/select-luxury.travel\/en\/wp-json\/wp\/v2\/pages\/33500","targetHints":{"allow":["GET"]}}],"collection":[{"href":"https:\/\/select-luxury.travel\/en\/wp-json\/wp\/v2\/pages"}],"about":[{"href":"https:\/\/select-luxury.travel\/en\/wp-json\/wp\/v2\/types\/page"}],"author":[{"embeddable":true,"href":"https:\/\/select-luxury.travel\/en\/wp-json\/wp\/v2\/users\/4"}],"replies":[{"embeddable":true,"href":"https:\/\/select-luxury.travel\/en\/wp-json\/wp\/v2\/comments?post=33500"}],"version-history":[{"count":19,"href":"https:\/\/select-luxury.travel\/en\/wp-json\/wp\/v2\/pages\/33500\/revisions"}],"predecessor-version":[{"id":65015,"href":"https:\/\/select-luxury.travel\/en\/wp-json\/wp\/v2\/pages\/33500\/revisions\/65015"}],"up":[{"embeddable":true,"href":"https:\/\/select-luxury.travel\/en\/wp-json\/wp\/v2\/pages\/3048"}],"wp:attachment":[{"href":"https:\/\/select-luxury.travel\/en\/wp-json\/wp\/v2\/media?parent=33500"}],"wp:term":[{"taxonomy":"category","embeddable":true,"href":"https:\/\/select-luxury.travel\/en\/wp-json\/wp\/v2\/categories?post=33500"},{"taxonomy":"post_tag","embeddable":true,"href":"https:\/\/select-luxury.travel\/en\/wp-json\/wp\/v2\/tags?post=33500"}],"curies":[{"name":"wp","href":"https:\/\/api.w.org\/{rel}","templated":true}]}}