{"id":33337,"date":"2022-01-19T12:13:00","date_gmt":"2022-01-19T11:13:00","guid":{"rendered":"https:\/\/select-luxury.travel\/?page_id=33337"},"modified":"2026-03-21T14:59:50","modified_gmt":"2026-03-21T13:59:50","slug":"5%e2%98%85-fontsanta-hotel-thermal-spa-wellness","status":"publish","type":"page","link":"https:\/\/select-luxury.travel\/en\/selections\/island-selections\/5%e2%98%85-fontsanta-hotel-thermal-spa-wellness","title":{"rendered":"5\u2605 Fontsanta Hotel Thermal Spa &amp; Wellness"},"content":{"rendered":"<p><span class=\"text-braun\">Country house flair and the only thermal spring in Mallorca - Adults only<\/span><\/p>\n<p>So much idyll. So much healing water. The Romans discovered and utilised the spring water, and in the 16th century pilgrims came in search of the \"miracle water\". Today, the Fontsanta Hotel utilises its privileged location to pamper its guests with all the spa arts in an idyllic Mallorcan country house setting. Here, in the tranquil south-west of the island, Mallorca is still very much its own island Away from the hustle and bustle and the Ballermann, birds gather in the nearby Salobrar de Campos wetlands and perhaps the most beautiful beach on the island, Es Trenc, is also very close by.<\/p>","protected":false},"excerpt":{"rendered":"<p>Landhausflair und die einzige Thermalquelle Mallorcas &#8211; Adults only So viel Idylle. So\u00a0 viel Heilwasser. Schon die R\u00f6mer entdeckten und nutzten das Quellwasser, im 16. Jahrhundert kamen die Pilger auf der Suche nach dem &#8222;Wunderwasser&#8220;. Heute nutzt das Fontsanta Hotel seine privilegierte Lage, um seine G\u00e4ste in mallorquinischer Landhausidylle mit allen Spa-K\u00fcnsten zu verw\u00f6hnen. Hier, [&hellip;]<\/p>","protected":false},"author":4,"featured_media":0,"parent":3048,"menu_order":0,"comment_status":"closed","ping_status":"closed","template":"page-reise_detail5.php","meta":{"_acf_changed":false,"inline_featured_image":false,"footnotes":""},"categories":[12,8,2],"tags":[],"class_list":["post-33337","page","type-page","status-publish","hentry","category-island-selections","category-reisen","category-unkategorisiert"],"acf":[],"_links":{"self":[{"href":"https:\/\/select-luxury.travel\/en\/wp-json\/wp\/v2\/pages\/33337","targetHints":{"allow":["GET"]}}],"collection":[{"href":"https:\/\/select-luxury.travel\/en\/wp-json\/wp\/v2\/pages"}],"about":[{"href":"https:\/\/select-luxury.travel\/en\/wp-json\/wp\/v2\/types\/page"}],"author":[{"embeddable":true,"href":"https:\/\/select-luxury.travel\/en\/wp-json\/wp\/v2\/users\/4"}],"replies":[{"embeddable":true,"href":"https:\/\/select-luxury.travel\/en\/wp-json\/wp\/v2\/comments?post=33337"}],"version-history":[{"count":30,"href":"https:\/\/select-luxury.travel\/en\/wp-json\/wp\/v2\/pages\/33337\/revisions"}],"predecessor-version":[{"id":69552,"href":"https:\/\/select-luxury.travel\/en\/wp-json\/wp\/v2\/pages\/33337\/revisions\/69552"}],"up":[{"embeddable":true,"href":"https:\/\/select-luxury.travel\/en\/wp-json\/wp\/v2\/pages\/3048"}],"wp:attachment":[{"href":"https:\/\/select-luxury.travel\/en\/wp-json\/wp\/v2\/media?parent=33337"}],"wp:term":[{"taxonomy":"category","embeddable":true,"href":"https:\/\/select-luxury.travel\/en\/wp-json\/wp\/v2\/categories?post=33337"},{"taxonomy":"post_tag","embeddable":true,"href":"https:\/\/select-luxury.travel\/en\/wp-json\/wp\/v2\/tags?post=33337"}],"curies":[{"name":"wp","href":"https:\/\/api.w.org\/{rel}","templated":true}]}}