{"id":33047,"date":"2022-01-04T16:06:57","date_gmt":"2022-01-04T15:06:57","guid":{"rendered":"https:\/\/select-luxury.travel\/?page_id=33047"},"modified":"2023-01-12T11:40:23","modified_gmt":"2023-01-12T10:40:23","slug":"5%e2%98%85-shangri-la-le-touessrok-mauritius","status":"publish","type":"page","link":"https:\/\/select-luxury.travel\/en\/selections\/island-selections\/5%e2%98%85-shangri-la-le-touessrok-mauritius","title":{"rendered":"5\u2605 Shangri-La Le Touessrok, Mauritius"},"content":{"rendered":"<p><span class=\"text-braun\">Top-class water sports and golf holidays<\/span><\/p>\n<p>Located on the tranquil shores of Trou d'Eau Douce, Shangri-La Le Touessrok is a luxurious private retreat that epitomises the true spirit of Mauritius. The resort offers uninterrupted views of the Indian Ocean from its 200 exclusive rooms and suites, with white sandy beaches right on the doorstep. Discover the rich history of Le Touessrok with a touch of Asian hospitality, where you can indulge in trendy culinary experiences, private island retreats or tee off on one of the two 18-hole championship golf courses.<\/p>","protected":false},"excerpt":{"rendered":"<p>Wassersport- und Golfurlaub der Spitzenklasse Das Shangri-La Le Touessrok liegt an den ruhigen Ufern von Trou d&#8217;Eau Douce und ist ein luxuri\u00f6ses privates Refugium, das den wahren Geist von Mauritius verk\u00f6rpert. Das Resort bietet von seinen 200 exklusiven R\u00e4umen und Suiten einen ungest\u00f6rten Blick auf den Indischen Ozean und wei\u00dfe Sandstr\u00e4nde direkt vor der Haust\u00fcr. [&hellip;]<\/p>\n","protected":false},"author":4,"featured_media":0,"parent":3048,"menu_order":0,"comment_status":"closed","ping_status":"closed","template":"page-reise_detail5.php","meta":{"_acf_changed":false,"inline_featured_image":false,"footnotes":""},"categories":[12,8,2],"tags":[],"class_list":["post-33047","page","type-page","status-publish","hentry","category-island-selections","category-reisen","category-unkategorisiert"],"acf":[],"_links":{"self":[{"href":"https:\/\/select-luxury.travel\/en\/wp-json\/wp\/v2\/pages\/33047","targetHints":{"allow":["GET"]}}],"collection":[{"href":"https:\/\/select-luxury.travel\/en\/wp-json\/wp\/v2\/pages"}],"about":[{"href":"https:\/\/select-luxury.travel\/en\/wp-json\/wp\/v2\/types\/page"}],"author":[{"embeddable":true,"href":"https:\/\/select-luxury.travel\/en\/wp-json\/wp\/v2\/users\/4"}],"replies":[{"embeddable":true,"href":"https:\/\/select-luxury.travel\/en\/wp-json\/wp\/v2\/comments?post=33047"}],"version-history":[{"count":20,"href":"https:\/\/select-luxury.travel\/en\/wp-json\/wp\/v2\/pages\/33047\/revisions"}],"predecessor-version":[{"id":37189,"href":"https:\/\/select-luxury.travel\/en\/wp-json\/wp\/v2\/pages\/33047\/revisions\/37189"}],"up":[{"embeddable":true,"href":"https:\/\/select-luxury.travel\/en\/wp-json\/wp\/v2\/pages\/3048"}],"wp:attachment":[{"href":"https:\/\/select-luxury.travel\/en\/wp-json\/wp\/v2\/media?parent=33047"}],"wp:term":[{"taxonomy":"category","embeddable":true,"href":"https:\/\/select-luxury.travel\/en\/wp-json\/wp\/v2\/categories?post=33047"},{"taxonomy":"post_tag","embeddable":true,"href":"https:\/\/select-luxury.travel\/en\/wp-json\/wp\/v2\/tags?post=33047"}],"curies":[{"name":"wp","href":"https:\/\/api.w.org\/{rel}","templated":true}]}}