{"id":32992,"date":"2022-01-04T13:27:46","date_gmt":"2022-01-04T12:27:46","guid":{"rendered":"https:\/\/select-luxury.travel\/?page_id=32992"},"modified":"2023-03-02T10:40:30","modified_gmt":"2023-03-02T09:40:30","slug":"5%e2%98%85-lux-grand-baie-resort-residences-mauritius","status":"publish","type":"page","link":"https:\/\/select-luxury.travel\/en\/selections\/island-selections\/5%e2%98%85-lux-grand-baie-resort-residences-mauritius","title":{"rendered":"5\u2605 LUX* Grand Baie Resort &amp; Residences, Mauritius"},"content":{"rendered":"<p><span class=\"text-braun\">Innovative, elegant hotel on the most sought-after beach in Mauritius<\/span><\/p>\n<p>Grand Baie: Where new luxury is seductively combined with the vivacious atmosphere of tropical island life. The LUX* Grand Baie, a modernist marvel seemingly perched on a crescent of sand on the north coast of Mauritius, catches everyone's eye. This new-generation boutique resort introduces travellers to the seductive, slow pace of island life. But not too slow... LUX* Grand Baie is exciting and playful, reflecting the neighbouring beach resort from which it takes its name. Whether it's the unrivalled culinary scene or the breathtaking rooftop experience, there really is no other place to celebrate. This hotel is an invitation to seize the moment.<\/p>","protected":false},"excerpt":{"rendered":"<p>Innovatives, elegantes Hotel am begehrtesten Strand von Mauritius Grand Baie: Wo sich neuer Luxus verf\u00fchrerisch mit mit der temperamentvollen Atmosph\u00e4re des tropischen Insellebens verbindet. Das LUX* Grand Baie, ein modernistisches Wunderwerk, das scheinbar auf einer sichelf\u00f6rmigen Sandfl\u00e4che an der Nordk\u00fcste von Mauritius liegt, zieht alle Blicke auf sich. Dieses Boutique-Resort der neuen Generation f\u00fchrt die [&hellip;]<\/p>","protected":false},"author":4,"featured_media":0,"parent":3048,"menu_order":0,"comment_status":"closed","ping_status":"closed","template":"page-reise_detail5.php","meta":{"_acf_changed":false,"inline_featured_image":false,"footnotes":""},"categories":[12,8,2],"tags":[],"class_list":["post-32992","page","type-page","status-publish","hentry","category-island-selections","category-reisen","category-unkategorisiert"],"acf":[],"_links":{"self":[{"href":"https:\/\/select-luxury.travel\/en\/wp-json\/wp\/v2\/pages\/32992","targetHints":{"allow":["GET"]}}],"collection":[{"href":"https:\/\/select-luxury.travel\/en\/wp-json\/wp\/v2\/pages"}],"about":[{"href":"https:\/\/select-luxury.travel\/en\/wp-json\/wp\/v2\/types\/page"}],"author":[{"embeddable":true,"href":"https:\/\/select-luxury.travel\/en\/wp-json\/wp\/v2\/users\/4"}],"replies":[{"embeddable":true,"href":"https:\/\/select-luxury.travel\/en\/wp-json\/wp\/v2\/comments?post=32992"}],"version-history":[{"count":13,"href":"https:\/\/select-luxury.travel\/en\/wp-json\/wp\/v2\/pages\/32992\/revisions"}],"predecessor-version":[{"id":37659,"href":"https:\/\/select-luxury.travel\/en\/wp-json\/wp\/v2\/pages\/32992\/revisions\/37659"}],"up":[{"embeddable":true,"href":"https:\/\/select-luxury.travel\/en\/wp-json\/wp\/v2\/pages\/3048"}],"wp:attachment":[{"href":"https:\/\/select-luxury.travel\/en\/wp-json\/wp\/v2\/media?parent=32992"}],"wp:term":[{"taxonomy":"category","embeddable":true,"href":"https:\/\/select-luxury.travel\/en\/wp-json\/wp\/v2\/categories?post=32992"},{"taxonomy":"post_tag","embeddable":true,"href":"https:\/\/select-luxury.travel\/en\/wp-json\/wp\/v2\/tags?post=32992"}],"curies":[{"name":"wp","href":"https:\/\/api.w.org\/{rel}","templated":true}]}}