{"id":32943,"date":"2022-01-04T12:20:57","date_gmt":"2022-01-04T11:20:57","guid":{"rendered":"https:\/\/select-luxury.travel\/?page_id=32943"},"modified":"2024-07-23T10:37:21","modified_gmt":"2024-07-23T08:37:21","slug":"5%e2%98%85-lux-grand-gaube-resort-villas-mauritius","status":"publish","type":"page","link":"https:\/\/select-luxury.travel\/en\/selections\/island-selections\/5%e2%98%85-lux-grand-gaube-resort-villas-mauritius","title":{"rendered":"5\u2605 LUX* Grand Gaube Resort &amp; Villas, Mauritius"},"content":{"rendered":"<p><span class=\"text-braun\">Tropical resort with retro chic<\/span><\/p>\n<p>Situated on a peninsula bordering two bays, this completely redesigned retro-chic tropical retreat celebrates life in the tropics the LUX* way. Kelly Hoppen's eye-catching design blends perfectly with the surrounding tropical greenery, and every room, suite and villa is designed to feel like home - including an outdoor bathtub overlooking the Indian Ocean. These include hanging plants, rattan lamps, ornately painted tiles, collected furniture and beautiful homeware. The carefully composed, light and airy rooms are punctuated with splashes of colour by Camille Walala. As you walk around, keep your eyes peeled for graffiti by street artist Jace. The resort is also known for its focus on wellness and its culinary gems, which include a fabulous Peruvian restaurant, a Turkish overwater restaurant and even a rum treehouse.<\/p>\n<p>&nbsp;<\/p>\n<p>&nbsp;<\/p>","protected":false},"excerpt":{"rendered":"<p>Tropisches Resort im Retro-Schick Das v\u00f6llig neu gestaltete tropische Refugium im Retro-Schick liegt auf einer Halbinsel, die an zwei Buchten grenzt, und zelebriert das Leben in den Tropen auf die LUX*-Art. Das auff\u00e4llige Design von Kelly Hoppen f\u00fcgt sich perfekt in das umliegende tropische Gr\u00fcn ein, und jedes Zimmer, jede Suite und jede Villa ist [&hellip;]<\/p>\n","protected":false},"author":4,"featured_media":0,"parent":3048,"menu_order":0,"comment_status":"closed","ping_status":"closed","template":"page-reise_detail5.php","meta":{"_acf_changed":false,"inline_featured_image":false,"footnotes":""},"categories":[12,8,2],"tags":[],"class_list":["post-32943","page","type-page","status-publish","hentry","category-island-selections","category-reisen","category-unkategorisiert"],"acf":[],"_links":{"self":[{"href":"https:\/\/select-luxury.travel\/en\/wp-json\/wp\/v2\/pages\/32943","targetHints":{"allow":["GET"]}}],"collection":[{"href":"https:\/\/select-luxury.travel\/en\/wp-json\/wp\/v2\/pages"}],"about":[{"href":"https:\/\/select-luxury.travel\/en\/wp-json\/wp\/v2\/types\/page"}],"author":[{"embeddable":true,"href":"https:\/\/select-luxury.travel\/en\/wp-json\/wp\/v2\/users\/4"}],"replies":[{"embeddable":true,"href":"https:\/\/select-luxury.travel\/en\/wp-json\/wp\/v2\/comments?post=32943"}],"version-history":[{"count":29,"href":"https:\/\/select-luxury.travel\/en\/wp-json\/wp\/v2\/pages\/32943\/revisions"}],"predecessor-version":[{"id":43021,"href":"https:\/\/select-luxury.travel\/en\/wp-json\/wp\/v2\/pages\/32943\/revisions\/43021"}],"up":[{"embeddable":true,"href":"https:\/\/select-luxury.travel\/en\/wp-json\/wp\/v2\/pages\/3048"}],"wp:attachment":[{"href":"https:\/\/select-luxury.travel\/en\/wp-json\/wp\/v2\/media?parent=32943"}],"wp:term":[{"taxonomy":"category","embeddable":true,"href":"https:\/\/select-luxury.travel\/en\/wp-json\/wp\/v2\/categories?post=32943"},{"taxonomy":"post_tag","embeddable":true,"href":"https:\/\/select-luxury.travel\/en\/wp-json\/wp\/v2\/tags?post=32943"}],"curies":[{"name":"wp","href":"https:\/\/api.w.org\/{rel}","templated":true}]}}