{"id":32891,"date":"2022-01-03T14:48:00","date_gmt":"2022-01-03T13:48:00","guid":{"rendered":"https:\/\/select-luxury.travel\/?page_id=32891"},"modified":"2024-07-23T10:35:54","modified_gmt":"2024-07-23T08:35:54","slug":"5%e2%98%85-constance-prince-maurice-mauritius","status":"publish","type":"page","link":"https:\/\/select-luxury.travel\/en\/selections\/island-selections\/5%e2%98%85-constance-prince-maurice-mauritius","title":{"rendered":"5\u2605 Constance Prince Maurice, Mauritius"},"content":{"rendered":"<p><span class=\"text-braun\">Stylish boutique hotel on the east coast<\/span><\/p>\n<p>Style, freedom and architectural finesse: Designed by architectural mastermind Jean Marc Eynaud and designer David Edwards, the Constanze Prince Maurice is the perfect lifestyle boutique hotel. The suites and villas are set in peaceful, lush greenery in the garden and by the turquoise-coloured sea. The infinity pool seems to merge with the turquoise-coloured, calm sea. Golf enthusiasts will also get their money's worth: the short shuttle takes you to the \"Legend\" and \"Links\" golf courses - two of the most beautiful golf courses on the island are just five minutes away. Hotel highlights: The wine cellar has the largest selection in the Indian Ocean with 25,000 bottles. Dinner is served in the floating restaurant. The underwater waterfall is just a stone's throw away by helicopter.<\/p>","protected":false},"excerpt":{"rendered":"<p>Stilvolles Boutique-Hotel an der Ostk\u00fcste Stil, Freiraum und architektonische Finesse: Vom architektonischen Mastermind Jean Marc Eynaud und Designer David Edwards entworfen, ist das Constanze Prince Maurice das perfekte Lifestyle-Boutique Hotel. In friedlichem, \u00fcppigem Gr\u00fcn liegen die Suiten und Villen im Garten und am t\u00fcrkisfarbenen Meer. Der Infinitypool scheint mit dem t\u00fcrkisfarbenen, ruhigen Meer zu verschmelzen. [&hellip;]<\/p>","protected":false},"author":4,"featured_media":0,"parent":3048,"menu_order":0,"comment_status":"closed","ping_status":"closed","template":"page-reise_detail5.php","meta":{"_acf_changed":false,"inline_featured_image":false,"footnotes":""},"categories":[12,8,2],"tags":[],"class_list":["post-32891","page","type-page","status-publish","hentry","category-island-selections","category-reisen","category-unkategorisiert"],"acf":[],"_links":{"self":[{"href":"https:\/\/select-luxury.travel\/en\/wp-json\/wp\/v2\/pages\/32891","targetHints":{"allow":["GET"]}}],"collection":[{"href":"https:\/\/select-luxury.travel\/en\/wp-json\/wp\/v2\/pages"}],"about":[{"href":"https:\/\/select-luxury.travel\/en\/wp-json\/wp\/v2\/types\/page"}],"author":[{"embeddable":true,"href":"https:\/\/select-luxury.travel\/en\/wp-json\/wp\/v2\/users\/4"}],"replies":[{"embeddable":true,"href":"https:\/\/select-luxury.travel\/en\/wp-json\/wp\/v2\/comments?post=32891"}],"version-history":[{"count":35,"href":"https:\/\/select-luxury.travel\/en\/wp-json\/wp\/v2\/pages\/32891\/revisions"}],"predecessor-version":[{"id":43018,"href":"https:\/\/select-luxury.travel\/en\/wp-json\/wp\/v2\/pages\/32891\/revisions\/43018"}],"up":[{"embeddable":true,"href":"https:\/\/select-luxury.travel\/en\/wp-json\/wp\/v2\/pages\/3048"}],"wp:attachment":[{"href":"https:\/\/select-luxury.travel\/en\/wp-json\/wp\/v2\/media?parent=32891"}],"wp:term":[{"taxonomy":"category","embeddable":true,"href":"https:\/\/select-luxury.travel\/en\/wp-json\/wp\/v2\/categories?post=32891"},{"taxonomy":"post_tag","embeddable":true,"href":"https:\/\/select-luxury.travel\/en\/wp-json\/wp\/v2\/tags?post=32891"}],"curies":[{"name":"wp","href":"https:\/\/api.w.org\/{rel}","templated":true}]}}