{"id":32834,"date":"2022-01-03T12:19:44","date_gmt":"2022-01-03T11:19:44","guid":{"rendered":"https:\/\/select-luxury.travel\/?page_id=32834"},"modified":"2024-07-23T10:36:23","modified_gmt":"2024-07-23T08:36:23","slug":"5%e2%98%85-four-seasons-resort-mauritius-at-anahita","status":"publish","type":"page","link":"https:\/\/select-luxury.travel\/en\/selections\/island-selections\/5%e2%98%85-four-seasons-resort-mauritius-at-anahita","title":{"rendered":"5\u2605 Four Seasons Resort Mauritius at Anahita"},"content":{"rendered":"<p><span class=\"text-braun\">Oasis of peace and relaxation on the east coast\u00a0<\/span><\/p>\n<p>Magnificent open-air architecture with thatched roofs in Mauritian style - relax and unwind in a breezy luxury resort on the east coast of the dream island of Mauritius. The turquoise-coloured, warm water is perfect for plenty of water sports action, while two magnificent golf courses right on the water provide golfing pleasure in a wonderful setting in an exotic climate. All 136 elegant villas and suites have their own plunge pool for quick refreshment, a spacious garden and outdoor showers for the perfect island feeling. Treat yourself to a wellness day in the spa, which is situated on stilts above the water. Five restaurants and bars will spoil you with French, Italian and fresh seafood cuisine from the grill, while the sky shines in the most beautiful sunset colours. You can experience Mauritius' fabulous nature directly at your resort: four Giant Aldabra turtles live on the grounds: Keep your eyes peeled! All 136 elegant<\/p>","protected":false},"excerpt":{"rendered":"<p>Oase der Ruhe und Entspannung an der Ostk\u00fcste\u00a0 Pr\u00e4chtige Open Air Architektur mit Reetd\u00e4chern im mauritischen Stil &#8211; entspannen und erholen Sie in einem luftigen Luxus-Resort an der Ostk\u00fcste der Trauminsel Mauritius. Das t\u00fcrkisfarbene, warme Wasser ist perfekt f\u00fcr reichlich Wassersport-Action, zwei herrliche Golfpl\u00e4tze direkt am Wasser sorgen f\u00fcr Golfvergn\u00fcgen in herrlicher Kulisse in exotischem [&hellip;]<\/p>","protected":false},"author":4,"featured_media":0,"parent":3048,"menu_order":0,"comment_status":"closed","ping_status":"closed","template":"page-reise_detail5.php","meta":{"_acf_changed":false,"inline_featured_image":false,"footnotes":""},"categories":[12,8,2],"tags":[],"class_list":["post-32834","page","type-page","status-publish","hentry","category-island-selections","category-reisen","category-unkategorisiert"],"acf":[],"_links":{"self":[{"href":"https:\/\/select-luxury.travel\/en\/wp-json\/wp\/v2\/pages\/32834","targetHints":{"allow":["GET"]}}],"collection":[{"href":"https:\/\/select-luxury.travel\/en\/wp-json\/wp\/v2\/pages"}],"about":[{"href":"https:\/\/select-luxury.travel\/en\/wp-json\/wp\/v2\/types\/page"}],"author":[{"embeddable":true,"href":"https:\/\/select-luxury.travel\/en\/wp-json\/wp\/v2\/users\/4"}],"replies":[{"embeddable":true,"href":"https:\/\/select-luxury.travel\/en\/wp-json\/wp\/v2\/comments?post=32834"}],"version-history":[{"count":31,"href":"https:\/\/select-luxury.travel\/en\/wp-json\/wp\/v2\/pages\/32834\/revisions"}],"predecessor-version":[{"id":43019,"href":"https:\/\/select-luxury.travel\/en\/wp-json\/wp\/v2\/pages\/32834\/revisions\/43019"}],"up":[{"embeddable":true,"href":"https:\/\/select-luxury.travel\/en\/wp-json\/wp\/v2\/pages\/3048"}],"wp:attachment":[{"href":"https:\/\/select-luxury.travel\/en\/wp-json\/wp\/v2\/media?parent=32834"}],"wp:term":[{"taxonomy":"category","embeddable":true,"href":"https:\/\/select-luxury.travel\/en\/wp-json\/wp\/v2\/categories?post=32834"},{"taxonomy":"post_tag","embeddable":true,"href":"https:\/\/select-luxury.travel\/en\/wp-json\/wp\/v2\/tags?post=32834"}],"curies":[{"name":"wp","href":"https:\/\/api.w.org\/{rel}","templated":true}]}}