{"id":32789,"date":"2022-01-03T10:38:53","date_gmt":"2022-01-03T09:38:53","guid":{"rendered":"https:\/\/select-luxury.travel\/?page_id=32789"},"modified":"2026-03-21T15:00:59","modified_gmt":"2026-03-21T14:00:59","slug":"5%e2%98%85-cap-vermell-grand-hotel-mallorca","status":"publish","type":"page","link":"https:\/\/select-luxury.travel\/en\/selections\/island-selections\/5%e2%98%85-cap-vermell-grand-hotel-mallorca","title":{"rendered":"5\u2605 Cap Vermell Grand Hotel, Mallorca"},"content":{"rendered":"<p><span class=\"text-braun\">Like a Mallorcan village with dream views over the valley of Canyamel and the Mediterranean Sea<\/span><\/p>\n<p>A luxurious retreat in a class of its own: like a Mallorcan mountain village, the hotel is located above a tranquil valley surrounded by natural beauty. Ballermann &amp; Co. are far away here! The large complex has something for everyone: families will find child-friendly pools, while those seeking peace and quiet are well catered for in the adults-only area and in the many secluded corners. Active holidaymakers can use the bicycles provided for excursions in the surrounding area. And the direct neighbourhood of the 18-hole Canyamel golf course makes golfers' hearts beat faster. Gourmets are drawn to the 2-star restaurant Voro by \u00c1lvaro Salazar.<\/p>","protected":false},"excerpt":{"rendered":"<p>Wie ein mallorquinisches Dorf mit Traumblick \u00fcber das Tal von Canyamel und das Mittelmeer Ein luxuri\u00f6ser Retreat Retreat der Extraklasse: Wie ein mallorquinisches Bergdorf liegt das Hotel \u00fcber einem ruhigen Tal, umgeben von nat\u00fcrlicher Sch\u00f6nheit. Ballermann &amp; Co. sind hier weit entfernt! Die gro\u00dfe Anlage bietet f\u00fcr alle Bed\u00fcrfnisse etwas: Familien finden kinderfreundliche Pools, Ruhesuchende [&hellip;]<\/p>","protected":false},"author":4,"featured_media":0,"parent":3048,"menu_order":0,"comment_status":"closed","ping_status":"closed","template":"page-reise_detail5.php","meta":{"_acf_changed":false,"inline_featured_image":false,"footnotes":""},"categories":[12,8,2],"tags":[],"class_list":["post-32789","page","type-page","status-publish","hentry","category-island-selections","category-reisen","category-unkategorisiert"],"acf":[],"_links":{"self":[{"href":"https:\/\/select-luxury.travel\/en\/wp-json\/wp\/v2\/pages\/32789","targetHints":{"allow":["GET"]}}],"collection":[{"href":"https:\/\/select-luxury.travel\/en\/wp-json\/wp\/v2\/pages"}],"about":[{"href":"https:\/\/select-luxury.travel\/en\/wp-json\/wp\/v2\/types\/page"}],"author":[{"embeddable":true,"href":"https:\/\/select-luxury.travel\/en\/wp-json\/wp\/v2\/users\/4"}],"replies":[{"embeddable":true,"href":"https:\/\/select-luxury.travel\/en\/wp-json\/wp\/v2\/comments?post=32789"}],"version-history":[{"count":22,"href":"https:\/\/select-luxury.travel\/en\/wp-json\/wp\/v2\/pages\/32789\/revisions"}],"predecessor-version":[{"id":69553,"href":"https:\/\/select-luxury.travel\/en\/wp-json\/wp\/v2\/pages\/32789\/revisions\/69553"}],"up":[{"embeddable":true,"href":"https:\/\/select-luxury.travel\/en\/wp-json\/wp\/v2\/pages\/3048"}],"wp:attachment":[{"href":"https:\/\/select-luxury.travel\/en\/wp-json\/wp\/v2\/media?parent=32789"}],"wp:term":[{"taxonomy":"category","embeddable":true,"href":"https:\/\/select-luxury.travel\/en\/wp-json\/wp\/v2\/categories?post=32789"},{"taxonomy":"post_tag","embeddable":true,"href":"https:\/\/select-luxury.travel\/en\/wp-json\/wp\/v2\/tags?post=32789"}],"curies":[{"name":"wp","href":"https:\/\/api.w.org\/{rel}","templated":true}]}}