{"id":32642,"date":"2021-12-29T13:07:12","date_gmt":"2021-12-29T12:07:12","guid":{"rendered":"https:\/\/select-luxury.travel\/?page_id=32642"},"modified":"2026-03-21T15:05:02","modified_gmt":"2026-03-21T14:05:02","slug":"5%e2%98%85-can-simoneta-hotel-mallorca","status":"publish","type":"page","link":"https:\/\/select-luxury.travel\/en\/selections\/island-selections\/5%e2%98%85-can-simoneta-hotel-mallorca","title":{"rendered":"5\u2605 Hotel Can Simoneta, Mallorca"},"content":{"rendered":"<p><span class=\"text-braun\">Golf and sea - for adults only<\/span><\/p>\n<p>The 5-star Hotel Can Simoneta is located directly on the east coast with breathtaking panoramic views of the Mediterranean - one of the best luxury hotels in Mallorca for adults only. Two historic buildings stand on the large plateau above the cliffs, while a modern beach house with nine rooms is located directly on Canyamel beach. This finca has a sensational pool integrated into the cliffs. Lots of white blends with friendly natural tones for a relaxed feeling of cosiness and harmony. Two pools - one integrated into the cliff - and a small spa area with an outdoor whirlpool ensure heavenly relaxation. You can reach the sea via a staircase carved into the cliffs. Fresh, home-grown produce is used in the hotel's gourmet restaurant, while the sea view from the sun terrace completes the culinary experience. Golfers are spoilt for choice: there are four golf courses nearby!<\/p>","protected":false},"excerpt":{"rendered":"<p>Golf und Meer &#8211; nur f\u00fcr Erwachsene Direkt an der Ostk\u00fcste liegt das 5-Sterne-Hotel Can Simoneta mit atemberaubendem Panoramablick auf das Mittelmeer &#8211; eines der besten Luxushotels auf Mallorca nur f\u00fcr Erwachsene. Zwei historische Geb\u00e4ude stehen auf dem gro\u00dfen Plateau oberhalb der Klippen, ein modernes Beach House mit neun Zimmern liegt direkt am Strand von [&hellip;]<\/p>\n","protected":false},"author":4,"featured_media":0,"parent":3048,"menu_order":0,"comment_status":"closed","ping_status":"closed","template":"page-reise_detail5.php","meta":{"_acf_changed":false,"inline_featured_image":false,"footnotes":""},"categories":[12,8,2],"tags":[],"class_list":["post-32642","page","type-page","status-publish","hentry","category-island-selections","category-reisen","category-unkategorisiert"],"acf":[],"_links":{"self":[{"href":"https:\/\/select-luxury.travel\/en\/wp-json\/wp\/v2\/pages\/32642","targetHints":{"allow":["GET"]}}],"collection":[{"href":"https:\/\/select-luxury.travel\/en\/wp-json\/wp\/v2\/pages"}],"about":[{"href":"https:\/\/select-luxury.travel\/en\/wp-json\/wp\/v2\/types\/page"}],"author":[{"embeddable":true,"href":"https:\/\/select-luxury.travel\/en\/wp-json\/wp\/v2\/users\/4"}],"replies":[{"embeddable":true,"href":"https:\/\/select-luxury.travel\/en\/wp-json\/wp\/v2\/comments?post=32642"}],"version-history":[{"count":30,"href":"https:\/\/select-luxury.travel\/en\/wp-json\/wp\/v2\/pages\/32642\/revisions"}],"predecessor-version":[{"id":69555,"href":"https:\/\/select-luxury.travel\/en\/wp-json\/wp\/v2\/pages\/32642\/revisions\/69555"}],"up":[{"embeddable":true,"href":"https:\/\/select-luxury.travel\/en\/wp-json\/wp\/v2\/pages\/3048"}],"wp:attachment":[{"href":"https:\/\/select-luxury.travel\/en\/wp-json\/wp\/v2\/media?parent=32642"}],"wp:term":[{"taxonomy":"category","embeddable":true,"href":"https:\/\/select-luxury.travel\/en\/wp-json\/wp\/v2\/categories?post=32642"},{"taxonomy":"post_tag","embeddable":true,"href":"https:\/\/select-luxury.travel\/en\/wp-json\/wp\/v2\/tags?post=32642"}],"curies":[{"name":"wp","href":"https:\/\/api.w.org\/{rel}","templated":true}]}}