{"id":32475,"date":"2021-12-28T12:24:18","date_gmt":"2021-12-28T11:24:18","guid":{"rendered":"https:\/\/select-luxury.travel\/?page_id=32475"},"modified":"2026-03-21T15:07:28","modified_gmt":"2026-03-21T14:07:28","slug":"5%e2%98%85-iberostar-grand-portals-nous-mallorca","status":"publish","type":"page","link":"https:\/\/select-luxury.travel\/en\/selections\/island-selections\/5%e2%98%85-iberostar-grand-portals-nous-mallorca","title":{"rendered":"5\u2605 Iberostar Grand Portals Nous, Mallorca"},"content":{"rendered":"<p><span class=\"text-braun\">Exceptional design hotel with various themed suites and spectacular spa<\/span><\/p>\n<p>Dutchman Marcel Wanders is known as the \"Lady Gaga of design\" - he loves surprises, the unusual and the entertaining. He became famous with his Knotted Chair and is the creator of the B.L.O. table lamp that you switch on with a blow - he is responsible for the whimsical, trendy design of the Iberostar. His avant-garde style is particularly evident in the gaming and astronomy themed suites in vintage and romantic styles. The attention to detail is also reflected in the spa; the gourmet restaurant Astir by chef Miquel Clar is a must for all gourmets. The Iberostar Grand Portals Nous is located directly on the beach and is only 20 minutes by car from Palma Cathedral.<\/p>\n<p>&nbsp;<\/p>","protected":false},"excerpt":{"rendered":"<p>Au\u00dfergew\u00f6hnliches Designhotel mit diversen Themensuiten und spektakul\u00e4rem Spa Der Niederl\u00e4nder Marcel Wanders gilt als &#8222;Lady Gaga des Designs&#8220; &#8211; er liebt die \u00dcberraschung, das Ungew\u00f6hnliche, das Unterhaltsame. Er wurde ber\u00fchmt mit einem Knotted Chair und ist Sch\u00f6pfer der B.L.O. Tischleuchte, die man mit einem Pusten anschaltet &#8211; er zeigt verantwortlich f\u00fcr das launige, poppige Design [&hellip;]<\/p>","protected":false},"author":4,"featured_media":0,"parent":3048,"menu_order":0,"comment_status":"closed","ping_status":"closed","template":"page-reise_detail5.php","meta":{"_acf_changed":false,"inline_featured_image":false,"footnotes":""},"categories":[12,8,2],"tags":[],"class_list":["post-32475","page","type-page","status-publish","hentry","category-island-selections","category-reisen","category-unkategorisiert"],"acf":[],"_links":{"self":[{"href":"https:\/\/select-luxury.travel\/en\/wp-json\/wp\/v2\/pages\/32475","targetHints":{"allow":["GET"]}}],"collection":[{"href":"https:\/\/select-luxury.travel\/en\/wp-json\/wp\/v2\/pages"}],"about":[{"href":"https:\/\/select-luxury.travel\/en\/wp-json\/wp\/v2\/types\/page"}],"author":[{"embeddable":true,"href":"https:\/\/select-luxury.travel\/en\/wp-json\/wp\/v2\/users\/4"}],"replies":[{"embeddable":true,"href":"https:\/\/select-luxury.travel\/en\/wp-json\/wp\/v2\/comments?post=32475"}],"version-history":[{"count":32,"href":"https:\/\/select-luxury.travel\/en\/wp-json\/wp\/v2\/pages\/32475\/revisions"}],"predecessor-version":[{"id":69557,"href":"https:\/\/select-luxury.travel\/en\/wp-json\/wp\/v2\/pages\/32475\/revisions\/69557"}],"up":[{"embeddable":true,"href":"https:\/\/select-luxury.travel\/en\/wp-json\/wp\/v2\/pages\/3048"}],"wp:attachment":[{"href":"https:\/\/select-luxury.travel\/en\/wp-json\/wp\/v2\/media?parent=32475"}],"wp:term":[{"taxonomy":"category","embeddable":true,"href":"https:\/\/select-luxury.travel\/en\/wp-json\/wp\/v2\/categories?post=32475"},{"taxonomy":"post_tag","embeddable":true,"href":"https:\/\/select-luxury.travel\/en\/wp-json\/wp\/v2\/tags?post=32475"}],"curies":[{"name":"wp","href":"https:\/\/api.w.org\/{rel}","templated":true}]}}