{"id":32276,"date":"2021-12-21T13:48:13","date_gmt":"2021-12-21T12:48:13","guid":{"rendered":"https:\/\/select-luxury.travel\/?page_id=32276"},"modified":"2025-01-30T11:15:35","modified_gmt":"2025-01-30T10:15:35","slug":"5%e2%98%85-cabrits-resort-spa-kempinski-dominica","status":"publish","type":"page","link":"https:\/\/select-luxury.travel\/en\/selections\/island-selections\/5%e2%98%85-cabrits-resort-spa-kempinski-dominica","title":{"rendered":"5\u2605 Cabrits Resort &amp; Spa Kempinski, Dominica"},"content":{"rendered":"<p><span class=\"text-braun\">The Caribbean's best-kept secret<\/span><br \/>\nThe island of Dominica offers far more than white sandy beaches: boiling lakes, thundering waterfalls and rainforests in the mist. The Cabrits Resort is from the <strong>Cabrits National Park<\/strong> and preserves its natural charm through its understated design. This laid-back 5-star luxury property pays homage to the beauty and ecosystem of this stunning, unexplored volcanic island.  The 151-room resort, with its breathtaking panoramic views of the Caribbean Sea, invites guests to indulge in luxury with amenities such as a full-service spa, international cuisine and a state-of-the-art fitness centre. There are also two floodlit tennis courts, four hot and cold water pools and meeting rooms for conferences and small weddings.<\/p>","protected":false},"excerpt":{"rendered":"<p>Das bestgeh\u00fctete Geheimnis der Karibik Die Insel Dominica bietet weit mehr als wei\u00dfe Sandstr\u00e4nde: Kochende Seen, tosende Wasserf\u00e4lle und Regenw\u00e4lder im Nebel. Das Cabrits Resort ist vom Cabrits-Nationalpark umgeben und bewahrt den nat\u00fcrlichen Charme durch das unaufdringliche Design. Der Sch\u00f6nheit und dem \u00d6kosystem dieser atemberaubenden, unerforschten Vulkaninsel huldigt dieses entspannte 5-Sterne-Luxus-Haus. \u00a0Das 151-Zimmer-Resort mit seinem [&hellip;]<\/p>\n","protected":false},"author":4,"featured_media":0,"parent":3048,"menu_order":0,"comment_status":"closed","ping_status":"closed","template":"page-reise_detail5.php","meta":{"_acf_changed":false,"inline_featured_image":false,"footnotes":""},"categories":[12,8,2],"tags":[],"class_list":["post-32276","page","type-page","status-publish","hentry","category-island-selections","category-reisen","category-unkategorisiert"],"acf":[],"_links":{"self":[{"href":"https:\/\/select-luxury.travel\/en\/wp-json\/wp\/v2\/pages\/32276","targetHints":{"allow":["GET"]}}],"collection":[{"href":"https:\/\/select-luxury.travel\/en\/wp-json\/wp\/v2\/pages"}],"about":[{"href":"https:\/\/select-luxury.travel\/en\/wp-json\/wp\/v2\/types\/page"}],"author":[{"embeddable":true,"href":"https:\/\/select-luxury.travel\/en\/wp-json\/wp\/v2\/users\/4"}],"replies":[{"embeddable":true,"href":"https:\/\/select-luxury.travel\/en\/wp-json\/wp\/v2\/comments?post=32276"}],"version-history":[{"count":30,"href":"https:\/\/select-luxury.travel\/en\/wp-json\/wp\/v2\/pages\/32276\/revisions"}],"predecessor-version":[{"id":64862,"href":"https:\/\/select-luxury.travel\/en\/wp-json\/wp\/v2\/pages\/32276\/revisions\/64862"}],"up":[{"embeddable":true,"href":"https:\/\/select-luxury.travel\/en\/wp-json\/wp\/v2\/pages\/3048"}],"wp:attachment":[{"href":"https:\/\/select-luxury.travel\/en\/wp-json\/wp\/v2\/media?parent=32276"}],"wp:term":[{"taxonomy":"category","embeddable":true,"href":"https:\/\/select-luxury.travel\/en\/wp-json\/wp\/v2\/categories?post=32276"},{"taxonomy":"post_tag","embeddable":true,"href":"https:\/\/select-luxury.travel\/en\/wp-json\/wp\/v2\/tags?post=32276"}],"curies":[{"name":"wp","href":"https:\/\/api.w.org\/{rel}","templated":true}]}}