{"id":3226,"date":"2018-09-03T11:04:47","date_gmt":"2018-09-03T09:04:47","guid":{"rendered":"https:\/\/select-luxury.travel\/?page_id=3226"},"modified":"2025-06-26T10:13:32","modified_gmt":"2025-06-26T08:13:32","slug":"wilderness-safaris","status":"publish","type":"page","link":"https:\/\/select-luxury.travel\/en\/wilderness-safaris","title":{"rendered":"Africa - Untouched<br \/>Safari treasures"},"content":{"rendered":"<p><span class=\"text-braun\">Select Luxury Travel &amp; Wilderness Safaris<\/span><\/p>\n<p>Wilderness Safaris is the \"Tesla\" of African tourism: a pioneer in nature conservation and local social commitment. Together with Select Luxury Travel, a strong team for your perfect African holiday. For us, a sustainable approach to the environment is also part of a trip to Africa. This is the only way to experience the magic of Africa up close, deeply moving and authentic: the unspoilt nature, the people with their joie de vivre, hospitality and positive attitude to life.<\/p>\n<p><span class=\"text-braun\">Once-in-a-lifetime safaris &amp; sustainability<\/span><\/p>\n<p>The focus of a sustainable trip to Africa is primarily on unique animal observations in very remote areas. In Rwanda, visit the gorillas. In Namibia, the magic of vastness and loneliness. Unrivalled wildlife spotting gives you goosebumps in the water wonderland of the Okavango Delta in Botswana. We are committed to travelling mindfully, gently and sustainably, leaving as few traces as possible in untouched nature. With Wilderness Safaris, we also support projects that continue to preserve our safari treasures.<\/p>","protected":false},"excerpt":{"rendered":"<p>Select Luxury Travel &#038; Wilderness Safaris Wilderness Safaris ist der \u201eTesla\u201c des afrikanischen Tourismus: Vorreiter bei der Erhaltung der Natur und beim sozialen Engagement vor Ort. Zusammen mit Select Luxury Travel ein starkes Team f\u00fcr Ihren perfekten Afrika-Urlaub. F\u00fcr uns geh\u00f6rt zu einer Afrika-Reise auch der nachhaltige Umgang mit der Umwelt. Nur so erlebt man [&hellip;]<\/p>","protected":false},"author":3,"featured_media":0,"parent":0,"menu_order":0,"comment_status":"closed","ping_status":"closed","template":"page-reise_uebersicht_landing.php","meta":{"_acf_changed":false,"inline_featured_image":false,"footnotes":""},"categories":[],"tags":[],"class_list":["post-3226","page","type-page","status-publish","hentry"],"acf":[],"_links":{"self":[{"href":"https:\/\/select-luxury.travel\/en\/wp-json\/wp\/v2\/pages\/3226","targetHints":{"allow":["GET"]}}],"collection":[{"href":"https:\/\/select-luxury.travel\/en\/wp-json\/wp\/v2\/pages"}],"about":[{"href":"https:\/\/select-luxury.travel\/en\/wp-json\/wp\/v2\/types\/page"}],"author":[{"embeddable":true,"href":"https:\/\/select-luxury.travel\/en\/wp-json\/wp\/v2\/users\/3"}],"replies":[{"embeddable":true,"href":"https:\/\/select-luxury.travel\/en\/wp-json\/wp\/v2\/comments?post=3226"}],"version-history":[{"count":28,"href":"https:\/\/select-luxury.travel\/en\/wp-json\/wp\/v2\/pages\/3226\/revisions"}],"predecessor-version":[{"id":6397,"href":"https:\/\/select-luxury.travel\/en\/wp-json\/wp\/v2\/pages\/3226\/revisions\/6397"}],"wp:attachment":[{"href":"https:\/\/select-luxury.travel\/en\/wp-json\/wp\/v2\/media?parent=3226"}],"wp:term":[{"taxonomy":"category","embeddable":true,"href":"https:\/\/select-luxury.travel\/en\/wp-json\/wp\/v2\/categories?post=3226"},{"taxonomy":"post_tag","embeddable":true,"href":"https:\/\/select-luxury.travel\/en\/wp-json\/wp\/v2\/tags?post=3226"}],"curies":[{"name":"wp","href":"https:\/\/api.w.org\/{rel}","templated":true}]}}