{"id":32143,"date":"2021-12-20T15:15:42","date_gmt":"2021-12-20T14:15:42","guid":{"rendered":"https:\/\/select-luxury.travel\/?page_id=32143"},"modified":"2026-03-21T15:11:24","modified_gmt":"2026-03-21T14:11:24","slug":"5%e2%98%85-hotel-cap-rocat-mallorca","status":"publish","type":"page","link":"https:\/\/select-luxury.travel\/en\/selections\/island-selections\/5%e2%98%85-hotel-cap-rocat-mallorca","title":{"rendered":"5\u2605 Hotel Cap Rocat, Mallorca"},"content":{"rendered":"<p><span class=\"text-braun\">Boutique hotel in an old fortress above the cliffs<\/span><\/p>\n<p>An old military fortress on the eastern shore of the wide bay of Palma: the luxury boutique hotel with 24 suites was only opened in 2010. The cliff-top location offers fantastic views of the sea and the city in the distance. The more than 100-year-old fortress has been effectively staged and is an elegant backdrop for the lovingly designed hotel. The staff wear white robes. Electric buggies connect the suites with the main building and the beach.<\/p>","protected":false},"excerpt":{"rendered":"<p>Boutiquehotel in einer alten Festung \u00fcber der Steilk\u00fcste Eine alte Milit\u00e4rfestung am Ostufer der weiten Bucht von Palma: Erst 2010 wurde das Luxus-Boutiquehotel mit 24 Suiten er\u00f6ffnet. Die Lage auf der Klippe er\u00f6ffnet traumhafte Blicke auf das Meer und die Stadt in der Ferne. Die \u00fcber 100 Jahre alte Festung wurde effektvoll in Szene gesetzt [&hellip;]<\/p>\n","protected":false},"author":4,"featured_media":0,"parent":3048,"menu_order":0,"comment_status":"closed","ping_status":"closed","template":"page-reise_detail5.php","meta":{"_acf_changed":false,"inline_featured_image":false,"footnotes":""},"categories":[12,8,2],"tags":[],"class_list":["post-32143","page","type-page","status-publish","hentry","category-island-selections","category-reisen","category-unkategorisiert"],"acf":[],"_links":{"self":[{"href":"https:\/\/select-luxury.travel\/en\/wp-json\/wp\/v2\/pages\/32143","targetHints":{"allow":["GET"]}}],"collection":[{"href":"https:\/\/select-luxury.travel\/en\/wp-json\/wp\/v2\/pages"}],"about":[{"href":"https:\/\/select-luxury.travel\/en\/wp-json\/wp\/v2\/types\/page"}],"author":[{"embeddable":true,"href":"https:\/\/select-luxury.travel\/en\/wp-json\/wp\/v2\/users\/4"}],"replies":[{"embeddable":true,"href":"https:\/\/select-luxury.travel\/en\/wp-json\/wp\/v2\/comments?post=32143"}],"version-history":[{"count":40,"href":"https:\/\/select-luxury.travel\/en\/wp-json\/wp\/v2\/pages\/32143\/revisions"}],"predecessor-version":[{"id":69560,"href":"https:\/\/select-luxury.travel\/en\/wp-json\/wp\/v2\/pages\/32143\/revisions\/69560"}],"up":[{"embeddable":true,"href":"https:\/\/select-luxury.travel\/en\/wp-json\/wp\/v2\/pages\/3048"}],"wp:attachment":[{"href":"https:\/\/select-luxury.travel\/en\/wp-json\/wp\/v2\/media?parent=32143"}],"wp:term":[{"taxonomy":"category","embeddable":true,"href":"https:\/\/select-luxury.travel\/en\/wp-json\/wp\/v2\/categories?post=32143"},{"taxonomy":"post_tag","embeddable":true,"href":"https:\/\/select-luxury.travel\/en\/wp-json\/wp\/v2\/tags?post=32143"}],"curies":[{"name":"wp","href":"https:\/\/api.w.org\/{rel}","templated":true}]}}