{"id":32067,"date":"2021-12-17T14:53:55","date_gmt":"2021-12-17T13:53:55","guid":{"rendered":"https:\/\/select-luxury.travel\/?page_id=32067"},"modified":"2026-03-21T15:12:30","modified_gmt":"2026-03-21T14:12:30","slug":"5%e2%98%85-la-residencia-a-belmond-hotel-mallorca","status":"publish","type":"page","link":"https:\/\/select-luxury.travel\/en\/selections\/private\/5%e2%98%85-la-residencia-a-belmond-hotel-mallorca","title":{"rendered":"5\u2605 La Residencia, A Belmond Hotel, Mallorca"},"content":{"rendered":"<p><span class=\"text-braun\">Stylish luxury country hotel with award-winning spa in the Tramuntana mountains<\/span><\/p>\n<p>This 5-star hotel is housed in a 300-year-old manor house on a huge plot on the edge of the pretty village of Deia. Richard Branson, the founder of the Virgin Group, established the hotel in the early 1980s; today it is operated by the Belmond Group. Stay in Spanish elegance in the 67 individually designed rooms and suites. Enjoy breakfast on the terrace of the hotel restaurant with a fantastic view of the mountains and Deia. The gourmet restaurant El Olivo is located in an old olive oil mill and offers Mediterranean cuisine by Guillermo M\u00e9ndez. You can relax by two outdoor pools, take private tennis lessons or pamper yourself in the large spa, which has repeatedly been named one of the best in Europe by the renowned British travel magazine CondeNast Traveller.<\/p>","protected":false},"excerpt":{"rendered":"<p>Stilvolles Luxus-Landhotel mit preisgekr\u00f6ntem Spa in den Tramuntana-Bergen Ein 300 Jahre altes Herrenhaus beherbergt dieses 5 Sterne Hotel auf einem riesigen Grundst\u00fcck am Rande des h\u00fcbschen Dorfes Deia. Richard Branson, der Gr\u00fcnder der Virgin Group, begr\u00fcndete das Hotel Anfang der 1980er Jahre, heute wird es von der Belmond Gruppe betrieben. In den 67 individuell gestalteten [&hellip;]<\/p>","protected":false},"author":4,"featured_media":0,"parent":514,"menu_order":0,"comment_status":"closed","ping_status":"closed","template":"page-reise_detail5.php","meta":{"_acf_changed":false,"inline_featured_image":false,"footnotes":""},"categories":[12,9,8,2],"tags":[],"class_list":["post-32067","page","type-page","status-publish","hentry","category-island-selections","category-private-selections","category-reisen","category-unkategorisiert"],"acf":[],"_links":{"self":[{"href":"https:\/\/select-luxury.travel\/en\/wp-json\/wp\/v2\/pages\/32067","targetHints":{"allow":["GET"]}}],"collection":[{"href":"https:\/\/select-luxury.travel\/en\/wp-json\/wp\/v2\/pages"}],"about":[{"href":"https:\/\/select-luxury.travel\/en\/wp-json\/wp\/v2\/types\/page"}],"author":[{"embeddable":true,"href":"https:\/\/select-luxury.travel\/en\/wp-json\/wp\/v2\/users\/4"}],"replies":[{"embeddable":true,"href":"https:\/\/select-luxury.travel\/en\/wp-json\/wp\/v2\/comments?post=32067"}],"version-history":[{"count":40,"href":"https:\/\/select-luxury.travel\/en\/wp-json\/wp\/v2\/pages\/32067\/revisions"}],"predecessor-version":[{"id":69561,"href":"https:\/\/select-luxury.travel\/en\/wp-json\/wp\/v2\/pages\/32067\/revisions\/69561"}],"up":[{"embeddable":true,"href":"https:\/\/select-luxury.travel\/en\/wp-json\/wp\/v2\/pages\/514"}],"wp:attachment":[{"href":"https:\/\/select-luxury.travel\/en\/wp-json\/wp\/v2\/media?parent=32067"}],"wp:term":[{"taxonomy":"category","embeddable":true,"href":"https:\/\/select-luxury.travel\/en\/wp-json\/wp\/v2\/categories?post=32067"},{"taxonomy":"post_tag","embeddable":true,"href":"https:\/\/select-luxury.travel\/en\/wp-json\/wp\/v2\/tags?post=32067"}],"curies":[{"name":"wp","href":"https:\/\/api.w.org\/{rel}","templated":true}]}}