{"id":31866,"date":"2021-12-14T15:53:19","date_gmt":"2021-12-14T14:53:19","guid":{"rendered":"https:\/\/select-luxury.travel\/?page_id=31866"},"modified":"2024-07-12T13:14:50","modified_gmt":"2024-07-12T11:14:50","slug":"5%e2%98%85-fairmont-royal-pavilion-barbados","status":"publish","type":"page","link":"https:\/\/select-luxury.travel\/en\/selections\/island-selections\/5%e2%98%85-fairmont-royal-pavilion-barbados","title":{"rendered":"5\u2605 Fairmont Royal Pavilion, Barbados"},"content":{"rendered":"<p><span class=\"text-braun\">Caribbean jewel on the kilometre-long beach on the west coast.<\/span><\/p>\n<p>The Fairmont Royal Pavilion has long been a staple of the luxury hotel scene on the west coast and remains one of the most elegant accommodations on the entire island. The building is magnificent: a driveway lined with tall palm trees and a large manicured lawn set the tone. As does the colour pink, which predominates in the colonial-style lobby and in the three-storey accommodation buildings on the beach. The property comprises 72 rooms with sea views and an exceptional three-bedroom family villa. Modern sophistication and Caribbean charm are omnipresent. The view over Alleyne's Bay is simply beautiful, both during the day and - especially - at sunset.<\/p>","protected":false},"excerpt":{"rendered":"<p>Karibisches Juwel am kilometerlangen Strand der Westk\u00fcste. Das Fairmont Royal Pavilion ist seit langem ein fester Bestandteil der Luxushotelszene an der Westk\u00fcste und geh\u00f6rt nach wie vor zu den elegantesten Unterk\u00fcnften auf der ganzen Insel. Das Geb\u00e4ude ist pr\u00e4chtig: Eine von hohen Palmen ges\u00e4umte Auffahrt und ein gro\u00dfer gepflegter Rasen geben den Ton an. Ebenso [&hellip;]<\/p>","protected":false},"author":4,"featured_media":0,"parent":3048,"menu_order":0,"comment_status":"closed","ping_status":"closed","template":"page-reise_detail5.php","meta":{"_acf_changed":false,"inline_featured_image":false,"footnotes":""},"categories":[12,8,2],"tags":[],"class_list":["post-31866","page","type-page","status-publish","hentry","category-island-selections","category-reisen","category-unkategorisiert"],"acf":[],"_links":{"self":[{"href":"https:\/\/select-luxury.travel\/en\/wp-json\/wp\/v2\/pages\/31866","targetHints":{"allow":["GET"]}}],"collection":[{"href":"https:\/\/select-luxury.travel\/en\/wp-json\/wp\/v2\/pages"}],"about":[{"href":"https:\/\/select-luxury.travel\/en\/wp-json\/wp\/v2\/types\/page"}],"author":[{"embeddable":true,"href":"https:\/\/select-luxury.travel\/en\/wp-json\/wp\/v2\/users\/4"}],"replies":[{"embeddable":true,"href":"https:\/\/select-luxury.travel\/en\/wp-json\/wp\/v2\/comments?post=31866"}],"version-history":[{"count":39,"href":"https:\/\/select-luxury.travel\/en\/wp-json\/wp\/v2\/pages\/31866\/revisions"}],"predecessor-version":[{"id":42927,"href":"https:\/\/select-luxury.travel\/en\/wp-json\/wp\/v2\/pages\/31866\/revisions\/42927"}],"up":[{"embeddable":true,"href":"https:\/\/select-luxury.travel\/en\/wp-json\/wp\/v2\/pages\/3048"}],"wp:attachment":[{"href":"https:\/\/select-luxury.travel\/en\/wp-json\/wp\/v2\/media?parent=31866"}],"wp:term":[{"taxonomy":"category","embeddable":true,"href":"https:\/\/select-luxury.travel\/en\/wp-json\/wp\/v2\/categories?post=31866"},{"taxonomy":"post_tag","embeddable":true,"href":"https:\/\/select-luxury.travel\/en\/wp-json\/wp\/v2\/tags?post=31866"}],"curies":[{"name":"wp","href":"https:\/\/api.w.org\/{rel}","templated":true}]}}