{"id":31324,"date":"2021-11-29T10:25:28","date_gmt":"2021-11-29T09:25:28","guid":{"rendered":"https:\/\/select-luxury.travel\/?page_id=31324"},"modified":"2026-03-16T11:05:29","modified_gmt":"2026-03-16T10:05:29","slug":"portugal-individual","status":"publish","type":"page","link":"https:\/\/select-luxury.travel\/en\/selections\/private\/portugal-individuell","title":{"rendered":"Portugal, Douro &#038; Porto &#8211; Wein, Genuss, Lebensart"},"content":{"rendered":"<p><span class=\"text-braun\">Portugal's soul is magical, as is the region around Porto and the lovely Douro wine region.<\/span><\/p>\n<p>Soul with depth, you could call it, this indescribable thing that is called \"saudade\" in Portuguese. It is the root and essence of an attitude to life, a melancholy and loving homage to the past and future past, the most important ingredient for so much here at the western end of Europe: the fado, the wine, the majestic castles and cathedrals and for the unagitated warmth of the inhabitants. You will be travelling with us in style and on your own terms to an indescribably beautiful and rewarding region of the country. And if you wish, you can extend your trip and travel on to Lisbon, a jewel on the Atlantic, and\/or to the Algarve with its warm bathing temperatures and fascinating rocky landscapes with its magnificent beaches, perfect for relaxing.<\/p>","protected":false},"excerpt":{"rendered":"<p>Portugals Seele ist magisch, wie auch die Region um Porto und das liebliche Weingebiet am Douro. Seele mit Tiefgang, so k\u00f6nnte man es nennen, dieses Unbeschreibliche, was auf Portugiesisch \u00bbSaudade\u00ab hei\u00dft. Es ist Wurzel und Essenz eines Lebensgef\u00fchls, eine melancholisch-liebevolle Huldigung des Gestrigen und zuk\u00fcnftig Vergangenen, die wichtigste Zutat f\u00fcr so vieles hier am westlichen [&hellip;]<\/p>\n","protected":false},"author":4,"featured_media":0,"parent":514,"menu_order":0,"comment_status":"closed","ping_status":"closed","template":"page-reise_detail.php","meta":{"_acf_changed":false,"inline_featured_image":false,"footnotes":""},"categories":[9,8,2],"tags":[],"class_list":["post-31324","page","type-page","status-publish","hentry","category-private-selections","category-reisen","category-unkategorisiert"],"acf":[],"_links":{"self":[{"href":"https:\/\/select-luxury.travel\/en\/wp-json\/wp\/v2\/pages\/31324","targetHints":{"allow":["GET"]}}],"collection":[{"href":"https:\/\/select-luxury.travel\/en\/wp-json\/wp\/v2\/pages"}],"about":[{"href":"https:\/\/select-luxury.travel\/en\/wp-json\/wp\/v2\/types\/page"}],"author":[{"embeddable":true,"href":"https:\/\/select-luxury.travel\/en\/wp-json\/wp\/v2\/users\/4"}],"replies":[{"embeddable":true,"href":"https:\/\/select-luxury.travel\/en\/wp-json\/wp\/v2\/comments?post=31324"}],"version-history":[{"count":82,"href":"https:\/\/select-luxury.travel\/en\/wp-json\/wp\/v2\/pages\/31324\/revisions"}],"predecessor-version":[{"id":69478,"href":"https:\/\/select-luxury.travel\/en\/wp-json\/wp\/v2\/pages\/31324\/revisions\/69478"}],"up":[{"embeddable":true,"href":"https:\/\/select-luxury.travel\/en\/wp-json\/wp\/v2\/pages\/514"}],"wp:attachment":[{"href":"https:\/\/select-luxury.travel\/en\/wp-json\/wp\/v2\/media?parent=31324"}],"wp:term":[{"taxonomy":"category","embeddable":true,"href":"https:\/\/select-luxury.travel\/en\/wp-json\/wp\/v2\/categories?post=31324"},{"taxonomy":"post_tag","embeddable":true,"href":"https:\/\/select-luxury.travel\/en\/wp-json\/wp\/v2\/tags?post=31324"}],"curies":[{"name":"wp","href":"https:\/\/api.w.org\/{rel}","templated":true}]}}