{"id":30344,"date":"2021-10-25T13:10:34","date_gmt":"2021-10-25T11:10:34","guid":{"rendered":"https:\/\/select-luxury.travel\/?page_id=30344"},"modified":"2026-03-14T17:51:29","modified_gmt":"2026-03-14T16:51:29","slug":"best-of-lapland-in-winter-norway-finland","status":"publish","type":"page","link":"https:\/\/select-luxury.travel\/en\/selections\/private\/best-of-lappland-im-winter-norwegen-finnland","title":{"rendered":"Best of Lapland in winter, Norway &amp; Finland"},"content":{"rendered":"<p><span class=\"text-braun\">Spectacular natural beauty, northern lights &amp; design in northern Europe<\/span><\/p>\n<p>Fascinating fjords, snow-capped mountains, the Northern Lights, endless forests, unspoilt nature, an endlessly long coastline, trolls and Vikings, Nordic cuisine and spectacular architecture and design - that's Norway! In winter, incredible colours move across the Arctic sky and cast a spell over visitors: the green lights of the Northern Lights waft unrealistically across the sky, seeming like signs from another, distant world. Sven Engholm's Husky Lodge near Karasjok in northern Norway is unique. With great attention to detail and creativity, Sven Engholm has created a real gem here. The dogs in the husky kennel are trained and cared for with love and expertise by the multiple winner of Europe's longest dog sled race and his team. The Wilderness Hotels in Finland consist of unique Wilderness Lodges, each furnished with great attention to detail and in their own cosy log cabin style.<\/p>","protected":false},"excerpt":{"rendered":"<p>Spektakul\u00e4re Natursch\u00f6nheiten, Polarlichter &amp; Design im Norden Europas Faszinierende Fjorde, schneebedeckte Berge, das Polarlicht, unendliche W\u00e4lder, unber\u00fchrte Natur, eine endlos lange K\u00fcstenlinie, Trolle und Wikinger, Nordic Cuisine und spektakul\u00e4re Architektur und Design &#8211; das ist Norwegen! Im Winter bewegen sich unglaubliche Farben \u00fcber den arktischen Himmel und ziehen Besucher in ihren Bann: Irreal wabern die [&hellip;]<\/p>\n","protected":false},"author":4,"featured_media":0,"parent":514,"menu_order":0,"comment_status":"closed","ping_status":"closed","template":"page-reise_detail.php","meta":{"_acf_changed":false,"inline_featured_image":false,"footnotes":""},"categories":[9,8,2],"tags":[],"class_list":["post-30344","page","type-page","status-publish","hentry","category-private-selections","category-reisen","category-unkategorisiert"],"acf":[],"_links":{"self":[{"href":"https:\/\/select-luxury.travel\/en\/wp-json\/wp\/v2\/pages\/30344","targetHints":{"allow":["GET"]}}],"collection":[{"href":"https:\/\/select-luxury.travel\/en\/wp-json\/wp\/v2\/pages"}],"about":[{"href":"https:\/\/select-luxury.travel\/en\/wp-json\/wp\/v2\/types\/page"}],"author":[{"embeddable":true,"href":"https:\/\/select-luxury.travel\/en\/wp-json\/wp\/v2\/users\/4"}],"replies":[{"embeddable":true,"href":"https:\/\/select-luxury.travel\/en\/wp-json\/wp\/v2\/comments?post=30344"}],"version-history":[{"count":71,"href":"https:\/\/select-luxury.travel\/en\/wp-json\/wp\/v2\/pages\/30344\/revisions"}],"predecessor-version":[{"id":69445,"href":"https:\/\/select-luxury.travel\/en\/wp-json\/wp\/v2\/pages\/30344\/revisions\/69445"}],"up":[{"embeddable":true,"href":"https:\/\/select-luxury.travel\/en\/wp-json\/wp\/v2\/pages\/514"}],"wp:attachment":[{"href":"https:\/\/select-luxury.travel\/en\/wp-json\/wp\/v2\/media?parent=30344"}],"wp:term":[{"taxonomy":"category","embeddable":true,"href":"https:\/\/select-luxury.travel\/en\/wp-json\/wp\/v2\/categories?post=30344"},{"taxonomy":"post_tag","embeddable":true,"href":"https:\/\/select-luxury.travel\/en\/wp-json\/wp\/v2\/tags?post=30344"}],"curies":[{"name":"wp","href":"https:\/\/api.w.org\/{rel}","templated":true}]}}