{"id":30335,"date":"2021-11-08T15:28:18","date_gmt":"2021-11-08T14:28:18","guid":{"rendered":"https:\/\/select-luxury.travel\/?page_id=30335"},"modified":"2022-02-15T10:38:06","modified_gmt":"2022-02-15T09:38:06","slug":"italy","status":"publish","type":"page","link":"https:\/\/select-luxury.travel\/en\/italien","title":{"rendered":"Italy"},"content":{"rendered":"<p><span class=\"text-braun\">5 regions that can be seen, tasted, heard, smelled and felt<\/span><\/p>\n<p>Italy is always and everywhere a sensual experience. And for every sense. Whether it's seeing, tasting, hearing, smelling or feeling. Here you can feel the Mediterranean lifestyle in its purest form. Every moment, every bite or sip, every listen to Italian melodies, every breath you take, spicy herbs, invigorating citrus flavours and fragrant flowers delight the nose and you are touched by the unique nature and the relaxing wellness offers.<\/p>\n<p>Our Private Selection is aimed at dedicated solo travellers, families, couples or friends. Those who prefer to enjoy travelling in a small group should opt for our Small Group Selection. Of course, we are also happy to put together a tailor-made holiday to suit your customers' personal dream trip to Italy. Whichever way you decide to travel: Stylish, luxurious and unforgettable, each of our exclusive individual holidays is guaranteed.<\/p>\n<p>Find out more about the diverse destinations that Italy has to offer. Whether you're travelling in a small group, as a couple, alone or individually on the date of your choice, our experienced Select Travelists have just the right trip for you to this wonderful country. With a great deal of experience and flair, our Select Travelists will put together exactly the right trip for you.<\/p>","protected":false},"excerpt":{"rendered":"<p>5 Regionen, die sich sehen, schmecken, h\u00f6ren, riechen und f\u00fchlen lassen Italien ist immer und \u00fcberall ein sinnliches Erlebnis. Und zwar f\u00fcr jeden Sinn. Ob es ums Sehen, Schmecken, H\u00f6ren, Riechen oder F\u00fchlen geht. Hier sp\u00fcrt man das mediterrane Lebensgef\u00fchl in Reinkultur. In jedem Augenblick, jedem Bissen oder Schluck, beim Lauschen italienischer Melodien, bei jedem [&hellip;]<\/p>\n","protected":false},"author":3,"featured_media":0,"parent":0,"menu_order":0,"comment_status":"closed","ping_status":"closed","template":"page-reise_uebersicht_landing.php","meta":{"_acf_changed":false,"inline_featured_image":false,"footnotes":""},"categories":[],"tags":[],"class_list":["post-30335","page","type-page","status-publish","hentry"],"acf":[],"_links":{"self":[{"href":"https:\/\/select-luxury.travel\/en\/wp-json\/wp\/v2\/pages\/30335","targetHints":{"allow":["GET"]}}],"collection":[{"href":"https:\/\/select-luxury.travel\/en\/wp-json\/wp\/v2\/pages"}],"about":[{"href":"https:\/\/select-luxury.travel\/en\/wp-json\/wp\/v2\/types\/page"}],"author":[{"embeddable":true,"href":"https:\/\/select-luxury.travel\/en\/wp-json\/wp\/v2\/users\/3"}],"replies":[{"embeddable":true,"href":"https:\/\/select-luxury.travel\/en\/wp-json\/wp\/v2\/comments?post=30335"}],"version-history":[{"count":41,"href":"https:\/\/select-luxury.travel\/en\/wp-json\/wp\/v2\/pages\/30335\/revisions"}],"predecessor-version":[{"id":35130,"href":"https:\/\/select-luxury.travel\/en\/wp-json\/wp\/v2\/pages\/30335\/revisions\/35130"}],"wp:attachment":[{"href":"https:\/\/select-luxury.travel\/en\/wp-json\/wp\/v2\/media?parent=30335"}],"wp:term":[{"taxonomy":"category","embeddable":true,"href":"https:\/\/select-luxury.travel\/en\/wp-json\/wp\/v2\/categories?post=30335"},{"taxonomy":"post_tag","embeddable":true,"href":"https:\/\/select-luxury.travel\/en\/wp-json\/wp\/v2\/tags?post=30335"}],"curies":[{"name":"wp","href":"https:\/\/api.w.org\/{rel}","templated":true}]}}