{"id":30213,"date":"2021-10-22T14:03:01","date_gmt":"2021-10-22T12:03:01","guid":{"rendered":"https:\/\/select-luxury.travel\/?page_id=30213"},"modified":"2024-12-19T17:13:35","modified_gmt":"2024-12-19T16:13:35","slug":"saudi-arabia","status":"publish","type":"page","link":"https:\/\/select-luxury.travel\/en\/selections\/private\/saudi-arabien","title":{"rendered":"Saudi Arabia"},"content":{"rendered":"<p><span class=\"text-braun\">Saudi Arabia, inspiring kingdom with hidden gems, great culture, history, breathtaking landscapes and beautiful hotels<\/span><\/p>\n<p>Luxury in the desert - Saudi Arabia, the inspiring kingdom opens up and offers hidden gems, culture, history, breathtaking landscapes and beautiful new luxury hotels. The brand new desert hotel Habitas AlUla is truly chic, surrounded by nothingness. Dreamlike, it blends seamlessly into the deserted surroundings and offers outdoor activities at it's best. Riyadh, the capital of cultures, embodies the new fascination of the kingdom in the here and now, the bustling Dammam, the historic Diriyya, historic crossroads for pilgrims and traders where past meets future, the holy Mecca with the Kaaba, Jeddah, the seemingly boundless desert valley, caves and cliffs on Al Qarah mountain with a view of the blooming oasis of Al Hasa. And of course AlUla! There are only a few places in the world where you can still feel like a real explorer today. But in AlUla, the first UNESCO World Heritage Site in Saudi Arabia, deep in the desert, you will feel like an archaeologist from ancient times, enjoying the undisturbed tranquillity in the middle of the vast desert and breathtaking scenery.<\/p>","protected":false},"excerpt":{"rendered":"<p>Saudi-Arabien, inspirierendes K\u00f6nigreich mit versteckten Juwelen, gro\u00dfer Kultur, Geschichte, atemberaubender Landschaften und wundersch\u00f6ner Hotels Luxus in der W\u00fcste \u2013 Saudi-Arabien, das inspirierende K\u00f6nigreich \u00f6ffnet sich und bietet versteckte Juwelen, Kultur, Geschichte, atemberaubende Landschaften und wundersch\u00f6ne neue Luxushotels. Echt schick ist das brandneue W\u00fcstenhotel Habitas AlUla, umgeben vom Nichts. Zum Tr\u00e4umen sch\u00f6n, f\u00fcgt es sich nahtlos [&hellip;]<\/p>\n","protected":false},"author":4,"featured_media":0,"parent":514,"menu_order":0,"comment_status":"closed","ping_status":"closed","template":"page-reise_detail.php","meta":{"_acf_changed":false,"inline_featured_image":false,"footnotes":""},"categories":[9,8,2],"tags":[],"class_list":["post-30213","page","type-page","status-publish","hentry","category-private-selections","category-reisen","category-unkategorisiert"],"acf":[],"_links":{"self":[{"href":"https:\/\/select-luxury.travel\/en\/wp-json\/wp\/v2\/pages\/30213","targetHints":{"allow":["GET"]}}],"collection":[{"href":"https:\/\/select-luxury.travel\/en\/wp-json\/wp\/v2\/pages"}],"about":[{"href":"https:\/\/select-luxury.travel\/en\/wp-json\/wp\/v2\/types\/page"}],"author":[{"embeddable":true,"href":"https:\/\/select-luxury.travel\/en\/wp-json\/wp\/v2\/users\/4"}],"replies":[{"embeddable":true,"href":"https:\/\/select-luxury.travel\/en\/wp-json\/wp\/v2\/comments?post=30213"}],"version-history":[{"count":65,"href":"https:\/\/select-luxury.travel\/en\/wp-json\/wp\/v2\/pages\/30213\/revisions"}],"predecessor-version":[{"id":64641,"href":"https:\/\/select-luxury.travel\/en\/wp-json\/wp\/v2\/pages\/30213\/revisions\/64641"}],"up":[{"embeddable":true,"href":"https:\/\/select-luxury.travel\/en\/wp-json\/wp\/v2\/pages\/514"}],"wp:attachment":[{"href":"https:\/\/select-luxury.travel\/en\/wp-json\/wp\/v2\/media?parent=30213"}],"wp:term":[{"taxonomy":"category","embeddable":true,"href":"https:\/\/select-luxury.travel\/en\/wp-json\/wp\/v2\/categories?post=30213"},{"taxonomy":"post_tag","embeddable":true,"href":"https:\/\/select-luxury.travel\/en\/wp-json\/wp\/v2\/tags?post=30213"}],"curies":[{"name":"wp","href":"https:\/\/api.w.org\/{rel}","templated":true}]}}